{"id":11114,"date":"2023-01-18T19:19:44","date_gmt":"2023-01-18T19:19:44","guid":{"rendered":"https:\/\/vilex.hu\/?page_id=11114"},"modified":"2024-03-20T20:20:08","modified_gmt":"2024-03-20T20:20:08","slug":"termekek","status":"publish","type":"page","link":"https:\/\/vilex.hu\/en\/termekek\/","title":{"rendered":"Term\u00e9kek"},"content":{"rendered":"<div data-elementor-type=\"wp-page\" data-elementor-id=\"11114\" class=\"elementor elementor-11114\" data-elementor-post-type=\"page\">\n\t\t\t\t\t\t<section class=\"elementor-section elementor-top-section elementor-element elementor-element-eac9a17 elementor-section-boxed elementor-section-height-default elementor-section-height-default mkdf-parallax-row-no mkdf-content-aligment-left mkdf-elementor-row-grid-no mkdf-disabled-bg-image-bellow-no mkdf-row-btt-light\" data-id=\"eac9a17\" data-element_type=\"section\" data-e-type=\"section\">\n\t\t\t\t\t\t<div class=\"elementor-container elementor-column-gap-default\">\n\t\t\t\t\t<div class=\"elementor-column elementor-col-33 elementor-top-column elementor-element elementor-element-d7bd883\" data-id=\"d7bd883\" data-element_type=\"column\" data-e-type=\"column\">\n\t\t\t<div class=\"elementor-widget-wrap elementor-element-populated\">\n\t\t\t\t\t\t<div class=\"elementor-element elementor-element-1d050ae elementor-widget elementor-widget-spacer\" data-id=\"1d050ae\" data-element_type=\"widget\" data-e-type=\"widget\" data-widget_type=\"spacer.default\">\n\t\t\t\t<div class=\"elementor-widget-container\">\n\t\t\t\t\t\t\t<div class=\"elementor-spacer\">\n\t\t\t<div class=\"elementor-spacer-inner\"><\/div>\n\t\t<\/div>\n\t\t\t\t\t\t<\/div>\n\t\t\t\t<\/div>\n\t\t\t\t<div class=\"elementor-element elementor-element-cb424fe elementor-widget elementor-widget-jet-woo-categories\" data-id=\"cb424fe\" data-element_type=\"widget\" data-e-type=\"widget\" data-settings=\"{&quot;columns&quot;:&quot;3&quot;,&quot;columns_tablet&quot;:2,&quot;columns_mobile&quot;:1}\" data-widget_type=\"jet-woo-categories.default\">\n\t\t\t\t<div class=\"elementor-widget-container\">\n\t\t\t\t\t<div class=\"elementor-jet-woo-categories jet-woo-builder\"><div class=\"jet-woo-categories jet-woo-categories--preset-1 col-row\" data-mobile-hover=\"\">\n<div class=\"jet-woo-categories__item\">\n\t<div class=\"jet-woo-categories__inner-box\"  >\n\t\t\n<div class=\"jet-woo-categories-thumbnail__wrap\">\n\t\n<div class=\"jet-woo-category-thumbnail\">\n\t<a href=\"https:\/\/vilex.hu\/en\/product-category\/acelszerkezetuepulet\/\"  rel=\"bookmark\">\n\t\t<img fetchpriority=\"high\" decoding=\"async\" width=\"300\" height=\"300\" src=\"https:\/\/vilex.hu\/wp-content\/uploads\/2024\/03\/vis-amini-epulet3-300x300.jpg\" class=\"attachment-woocommerce_thumbnail size-woocommerce_thumbnail\" alt=\"acelszerkezet\" \/>\t<\/a>\n\t<div class=\"jet-woo-category-img-overlay\"><\/div>\n\t<div class=\"jet-woo-category-img-overlay__hover\"><\/div>\n<\/div>\n\t<div class=\"jet-woo-category-count__wrap\">\n\t\t<span class=\"jet-woo-category-count\">( 3 )<\/span>\t<\/div>\n<\/div>\n\n<div class=\"jet-woo-categories-content\">\n\t<h5 class=\"jet-woo-category-title\" ><a href=\"https:\/\/vilex.hu\/en\/product-category\/acelszerkezetuepulet\/\" class=\"jet-woo-category-title__link\" >Ac\u00e9lszerkezet\u0171 term\u00e9kek<\/a><\/h5>\n<div class=\"jet-woo-category-excerpt\">Ac\u00e9lszerkezet\u0171 \u00e9p\u00fcletek, tart\u00f3szerkezetek teljesk\u00f6r\u0171 kivitelez\u00e9se. F\u00e9m v\u00e1zszerkezet legy\u00e1rt\u00e1sa, fel\u00e1ll\u00edt\u00e1sa-szerel\u00e9se, szendvicspanelez\u00e9s,...<\/div><\/div>\t<\/div>\n\n\t<\/div>\n<div class=\"jet-woo-categories__item\">\n\t<div class=\"jet-woo-categories__inner-box\"  >\n\t\t\n<div class=\"jet-woo-categories-thumbnail__wrap\">\n\t\n<div class=\"jet-woo-category-thumbnail\">\n\t<a href=\"https:\/\/vilex.hu\/en\/product-category\/elektromoshalozat\/\"  rel=\"bookmark\">\n\t\t<img decoding=\"async\" width=\"300\" height=\"300\" src=\"https:\/\/vilex.hu\/wp-content\/uploads\/2024\/03\/elektromoshalozat-300x300.jpg\" class=\"attachment-woocommerce_thumbnail size-woocommerce_thumbnail\" alt=\"\" \/>\t<\/a>\n\t<div class=\"jet-woo-category-img-overlay\"><\/div>\n\t<div class=\"jet-woo-category-img-overlay__hover\"><\/div>\n<\/div>\n\t<div class=\"jet-woo-category-count__wrap\">\n\t\t<span class=\"jet-woo-category-count\">( 358 )<\/span>\t<\/div>\n<\/div>\n\n<div class=\"jet-woo-categories-content\">\n\t<h5 class=\"jet-woo-category-title\" ><a href=\"https:\/\/vilex.hu\/en\/product-category\/elektromoshalozat\/\" class=\"jet-woo-category-title__link\" >Elektromos h\u00e1l\u00f3zat vasszerkezetek<\/a><\/h5>\n<div class=\"jet-woo-category-excerpt\">Elektromos h\u00e1l\u00f3zati vasszerkezetek, melyek k\u00f6z\u00e9 tartoznak: L\u00e1mpaoszlopok, fesz\u00edt\u0151 kereszttart\u00f3k, szekr\u00e9nytart\u00f3k,...<\/div><\/div>\t<\/div>\n\n\t<\/div>\n<div class=\"jet-woo-categories__item\">\n\t<div class=\"jet-woo-categories__inner-box\"  >\n\t\t\n<div class=\"jet-woo-categories-thumbnail__wrap\">\n\t\n<div class=\"jet-woo-category-thumbnail\">\n\t<a href=\"https:\/\/vilex.hu\/en\/product-category\/epitoipari-es-mezogazdasagi-gep-alkatreszek\/\"  rel=\"bookmark\">\n\t\t<img decoding=\"async\" width=\"300\" height=\"300\" src=\"https:\/\/vilex.hu\/wp-content\/uploads\/2024\/03\/csirkekontenervilla1-300x300.jpg\" class=\"attachment-woocommerce_thumbnail size-woocommerce_thumbnail\" alt=\"\" \/>\t<\/a>\n\t<div class=\"jet-woo-category-img-overlay\"><\/div>\n\t<div class=\"jet-woo-category-img-overlay__hover\"><\/div>\n<\/div>\n\t<div class=\"jet-woo-category-count__wrap\">\n\t\t<span class=\"jet-woo-category-count\">( 2 )<\/span>\t<\/div>\n<\/div>\n\n<div class=\"jet-woo-categories-content\">\n\t<h5 class=\"jet-woo-category-title\" ><a href=\"https:\/\/vilex.hu\/en\/product-category\/epitoipari-es-mezogazdasagi-gep-alkatreszek\/\" class=\"jet-woo-category-title__link\" >\u00c9p\u00edt\u0151ipari \u00e9s mez\u0151gazdas\u00e1gi g\u00e9p alkatr\u00e9szek<\/a><\/h5>\n<div class=\"jet-woo-category-excerpt\">K\u00fcl\u00f6nb\u00f6z\u0151 \u00e9p\u00edt\u0151ipari, f\u00f6ldmunka \u00e9s rakod\u00f3g\u00e9pek, mez\u0151gazdas\u00e1gi g\u00e9pek alkatr\u00e9szeit jav\u00edtjuk vagy...<\/div><\/div>\t<\/div>\n\n\t<\/div>\n<div class=\"jet-woo-categories__item\">\n\t<div class=\"jet-woo-categories__inner-box\"  >\n\t\t\n<div class=\"jet-woo-categories-thumbnail__wrap\">\n\t\n<div class=\"jet-woo-category-thumbnail\">\n\t<a href=\"https:\/\/vilex.hu\/en\/product-category\/lakossagi\/\"  rel=\"bookmark\">\n\t\t<img loading=\"lazy\" decoding=\"async\" width=\"300\" height=\"300\" src=\"https:\/\/vilex.hu\/wp-content\/uploads\/2024\/03\/tuzrako-web2-300x300.jpg\" class=\"attachment-woocommerce_thumbnail size-woocommerce_thumbnail\" alt=\"\" \/>\t<\/a>\n\t<div class=\"jet-woo-category-img-overlay\"><\/div>\n\t<div class=\"jet-woo-category-img-overlay__hover\"><\/div>\n<\/div>\n\t<div class=\"jet-woo-category-count__wrap\">\n\t\t<span class=\"jet-woo-category-count\">( 6 )<\/span>\t<\/div>\n<\/div>\n\n<div class=\"jet-woo-categories-content\">\n\t<h5 class=\"jet-woo-category-title\" ><a href=\"https:\/\/vilex.hu\/en\/product-category\/lakossagi\/\" class=\"jet-woo-category-title__link\" >Lakoss\u00e1gi term\u00e9kek<\/a><\/h5>\n<div class=\"jet-woo-category-excerpt\">Lakoss\u00e1gi ig\u00e9nyekre k\u00e9sz\u00fclt term\u00e9kek. - Ker\u00edt\u00e9s - \u00dasz\u00f3kapu - T\u00f6bb...<\/div><\/div>\t<\/div>\n\n\t<\/div><\/div>\n<\/div>\t\t\t\t<\/div>\n\t\t\t\t<\/div>\n\t\t\t\t\t<\/div>\n\t\t<\/div>\n\t\t\t\t<div class=\"elementor-column elementor-col-66 elementor-top-column elementor-element elementor-element-5e1a34c\" data-id=\"5e1a34c\" data-element_type=\"column\" data-e-type=\"column\">\n\t\t\t<div class=\"elementor-widget-wrap elementor-element-populated\">\n\t\t\t\t\t\t\t<\/div>\n\t\t<\/div>\n\t\t\t\t\t<\/div>\n\t\t<\/section>\n\t\t\t\t<section class=\"elementor-section elementor-top-section elementor-element elementor-element-e0e5532 elementor-section-boxed elementor-section-height-default elementor-section-height-default mkdf-parallax-row-no mkdf-content-aligment-left mkdf-elementor-row-grid-no mkdf-disabled-bg-image-bellow-no mkdf-row-btt-light\" data-id=\"e0e5532\" data-element_type=\"section\" data-e-type=\"section\">\n\t\t\t\t\t\t<div class=\"elementor-container elementor-column-gap-default\">\n\t\t\t\t\t<div class=\"elementor-column elementor-col-100 elementor-top-column elementor-element elementor-element-5e5065a\" data-id=\"5e5065a\" data-element_type=\"column\" data-e-type=\"column\">\n\t\t\t<div class=\"elementor-widget-wrap\">\n\t\t\t\t\t\t\t<\/div>\n\t\t<\/div>\n\t\t\t\t\t<\/div>\n\t\t<\/section>\n\t\t\t\t<\/div>","protected":false},"excerpt":{"rendered":"<p>( 1 ) Ac\u00e9lszerkezet\u0171 \u00e9p\u00fcletek Ac\u00e9lszerkezet\u0171 \u00e9p\u00fcletek, tart\u00f3szerkezetek teljesk\u00f6r\u0171 kivitelez\u00e9se. F\u00e9m v\u00e1zszerkezet legy\u00e1rt\u00e1sa, fel\u00e1ll\u00edt\u00e1sa-szerel\u00e9se, szendvicspanelez\u00e9s,&#8230; ( 175 ) Egy\u00e9b term\u00e9kek ( 1 ) Elektromos h\u00e1l\u00f3zat vasszerkezetek Elektromos h\u00e1l\u00f3zati vasszerkezetek, melyek k\u00f6z\u00e9 tartoznak: L\u00e1mpaoszlopok, fesz\u00edt\u0151 kereszttart\u00f3k, szekr\u00e9nytart\u00f3k,&#8230; ( 2 ) \u00c9p\u00edt\u0151ipari [&hellip;]<\/p>\n","protected":false},"author":3,"featured_media":0,"parent":0,"menu_order":34,"comment_status":"closed","ping_status":"closed","template":"","meta":{"footnotes":""},"class_list":["post-11114","page","type-page","status-publish","hentry"],"_links":{"self":[{"href":"https:\/\/vilex.hu\/en\/wp-json\/wp\/v2\/pages\/11114","targetHints":{"allow":["GET"]}}],"collection":[{"href":"https:\/\/vilex.hu\/en\/wp-json\/wp\/v2\/pages"}],"about":[{"href":"https:\/\/vilex.hu\/en\/wp-json\/wp\/v2\/types\/page"}],"author":[{"embeddable":true,"href":"https:\/\/vilex.hu\/en\/wp-json\/wp\/v2\/users\/3"}],"replies":[{"embeddable":true,"href":"https:\/\/vilex.hu\/en\/wp-json\/wp\/v2\/comments?post=11114"}],"version-history":[{"count":52,"href":"https:\/\/vilex.hu\/en\/wp-json\/wp\/v2\/pages\/11114\/revisions"}],"predecessor-version":[{"id":11724,"href":"https:\/\/vilex.hu\/en\/wp-json\/wp\/v2\/pages\/11114\/revisions\/11724"}],"wp:attachment":[{"href":"https:\/\/vilex.hu\/en\/wp-json\/wp\/v2\/media?parent=11114"}],"curies":[{"name":"wp","href":"https:\/\/api.w.org\/{rel}","templated":true}]}}