{"id":11569,"date":"2023-10-25T21:53:05","date_gmt":"2023-10-25T21:53:05","guid":{"rendered":"https:\/\/vilex.hu\/?page_id=11569"},"modified":"2026-02-18T08:07:00","modified_gmt":"2026-02-18T08:07:00","slug":"palyazatok-2","status":"publish","type":"page","link":"https:\/\/vilex.hu\/en\/palyazatok-2\/","title":{"rendered":"Tenders"},"content":{"rendered":"<div data-elementor-type=\"wp-page\" data-elementor-id=\"11569\" class=\"elementor elementor-11569\" data-elementor-post-type=\"page\">\n\t\t\t\t\t\t<section class=\"elementor-section elementor-top-section elementor-element elementor-element-2abe59b elementor-section-boxed elementor-section-height-default elementor-section-height-default mkdf-parallax-row-no mkdf-content-aligment-left mkdf-elementor-row-grid-no mkdf-disabled-bg-image-bellow-no mkdf-row-btt-light\" data-id=\"2abe59b\" data-element_type=\"section\" data-e-type=\"section\">\n\t\t\t\t\t\t<div class=\"elementor-container elementor-column-gap-default\">\n\t\t\t\t\t<div class=\"elementor-column elementor-col-66 elementor-top-column elementor-element elementor-element-79e06e3\" data-id=\"79e06e3\" data-element_type=\"column\" data-e-type=\"column\">\n\t\t\t<div class=\"elementor-widget-wrap elementor-element-populated\">\n\t\t\t\t\t\t<div class=\"elementor-element elementor-element-c384d33 elementor-widget elementor-widget-heading\" data-id=\"c384d33\" data-element_type=\"widget\" data-e-type=\"widget\" data-widget_type=\"heading.default\">\n\t\t\t\t<div class=\"elementor-widget-container\">\n\t\t\t\t\t<h5 class=\"elementor-heading-title elementor-size-default\">A Vilex\u201994 Kft. technol\u00f3giai \u00e9s digit\u00e1lis fejleszt\u00e9se szabad v\u00e1llalkoz\u00e1si z\u00f3n\u00e1ban<\/h5>\t\t\t\t<\/div>\n\t\t\t\t<\/div>\n\t\t\t\t<div class=\"elementor-element elementor-element-5ea367d elementor-widget elementor-widget-text-editor\" data-id=\"5ea367d\" data-element_type=\"widget\" data-e-type=\"widget\" data-widget_type=\"text-editor.default\">\n\t\t\t\t<div class=\"elementor-widget-container\">\n\t\t\t\t\t\t\t\t\t<p><strong>A szerz\u0151d\u00f6tt t\u00e1mogat\u00e1s \u00f6sszege:<\/strong> 30 000 000 Ft<\/p><p><strong>A t\u00e1mogat\u00e1s m\u00e9rt\u00e9ke:<\/strong> 50%<\/p><p><strong>Project identification number:<\/strong> GINOP_PLUSZ-1.2.4-25-2025-00350<\/p><p><strong style=\"background-color: #ffffff;\">Fejleszt\u00e9si program:<\/strong><span style=\"background-color: #ffffff;\"> Sz\u00e9chenyi Terv Plusz<\/span><\/p>\t\t\t\t\t\t\t\t<\/div>\n\t\t\t\t<\/div>\n\t\t\t\t\t<\/div>\n\t\t<\/div>\n\t\t\t\t<div class=\"elementor-column elementor-col-33 elementor-top-column elementor-element elementor-element-807f59c\" data-id=\"807f59c\" data-element_type=\"column\" data-e-type=\"column\">\n\t\t\t<div class=\"elementor-widget-wrap elementor-element-populated\">\n\t\t\t\t\t\t<div class=\"elementor-element elementor-element-e662587 elementor-widget__width-auto elementor-widget elementor-widget-mkdf_button\" data-id=\"e662587\" data-element_type=\"widget\" data-e-type=\"widget\" data-widget_type=\"mkdf_button.default\">\n\t\t\t\t<div class=\"elementor-widget-container\">\n\t\t\t\t\t<a itemprop=\"url\" href=\"https:\/\/vilex.hu\/en\/ginop_plusz-1-2-4-25-2025-00350\/\" target=\"_self\"  class=\"mkdf-btn mkdf-btn-medium mkdf-btn-solid mkdf-btn-icon\"  >\n    <span class=\"mkdf-btn-text\">Projekt r\u00e9szletei<\/span>\n    <i class=\"mkdf-icon-dripicons dripicon dripicons-document\" ><\/i><\/a>\t\t\t\t<\/div>\n\t\t\t\t<\/div>\n\t\t\t\t\t<\/div>\n\t\t<\/div>\n\t\t\t\t\t<\/div>\n\t\t<\/section>\n\t\t\t\t<section class=\"elementor-section elementor-top-section elementor-element elementor-element-4ff07e1 elementor-section-boxed elementor-section-height-default elementor-section-height-default mkdf-parallax-row-no mkdf-content-aligment-left mkdf-elementor-row-grid-no mkdf-disabled-bg-image-bellow-no mkdf-row-btt-light\" data-id=\"4ff07e1\" data-element_type=\"section\" data-e-type=\"section\">\n\t\t\t\t\t\t<div class=\"elementor-container elementor-column-gap-default\">\n\t\t\t\t\t<div class=\"elementor-column elementor-col-66 elementor-top-column elementor-element elementor-element-a490a25\" data-id=\"a490a25\" data-element_type=\"column\" data-e-type=\"column\">\n\t\t\t<div class=\"elementor-widget-wrap elementor-element-populated\">\n\t\t\t\t\t\t<div class=\"elementor-element elementor-element-5e15fd7 elementor-widget elementor-widget-heading\" data-id=\"5e15fd7\" data-element_type=\"widget\" data-e-type=\"widget\" data-widget_type=\"heading.default\">\n\t\t\t\t<div class=\"elementor-widget-container\">\n\t\t\t\t\t<h5 class=\"elementor-heading-title elementor-size-default\">A Vilex\u201994 Kft modern \u00fczleti \u00e9s termel\u00e9si kih\u00edv\u00e1sokhoz val\u00f3 alkalmazkod\u00e1s\u00e1t seg\u00edt\u0151 komplex projektje<\/h5>\t\t\t\t<\/div>\n\t\t\t\t<\/div>\n\t\t\t\t<div class=\"elementor-element elementor-element-0ec2389 elementor-widget elementor-widget-text-editor\" data-id=\"0ec2389\" data-element_type=\"widget\" data-e-type=\"widget\" data-widget_type=\"text-editor.default\">\n\t\t\t\t<div class=\"elementor-widget-container\">\n\t\t\t\t\t\t\t\t\t<p><strong>Funding amount:<\/strong> 49.123.228 Ft<\/p><p><strong>A t\u00e1mogat\u00e1s m\u00e9rt\u00e9ke:<\/strong> 70%<\/p><p><strong>Project identification number:<\/strong> GINOP-1.2.8-20-2020-003021<\/p><p><strong style=\"background-color: #ffffff;\">Fejleszt\u00e9si program:<\/strong><span style=\"background-color: #ffffff;\">\u00a0Sz\u00e9chenyi 2020<\/span><\/p>\t\t\t\t\t\t\t\t<\/div>\n\t\t\t\t<\/div>\n\t\t\t\t\t<\/div>\n\t\t<\/div>\n\t\t\t\t<div class=\"elementor-column elementor-col-33 elementor-top-column elementor-element elementor-element-3c4873c\" data-id=\"3c4873c\" data-element_type=\"column\" data-e-type=\"column\">\n\t\t\t<div class=\"elementor-widget-wrap elementor-element-populated\">\n\t\t\t\t\t\t<div class=\"elementor-element elementor-element-de2a5d8 elementor-widget__width-auto elementor-widget elementor-widget-mkdf_button\" data-id=\"de2a5d8\" data-element_type=\"widget\" data-e-type=\"widget\" data-widget_type=\"mkdf_button.default\">\n\t\t\t\t<div class=\"elementor-widget-container\">\n\t\t\t\t\t<a itemprop=\"url\" href=\"https:\/\/vilex.hu\/en\/ginop-1-2-8-20-2020-003021\/\" target=\"_self\"  class=\"mkdf-btn mkdf-btn-medium mkdf-btn-solid mkdf-btn-icon\"  >\n    <span class=\"mkdf-btn-text\">Projekt r\u00e9szletei<\/span>\n    <i class=\"mkdf-icon-dripicons dripicon dripicons-document\" ><\/i><\/a>\t\t\t\t<\/div>\n\t\t\t\t<\/div>\n\t\t\t\t\t<\/div>\n\t\t<\/div>\n\t\t\t\t\t<\/div>\n\t\t<\/section>\n\t\t\t\t<section class=\"elementor-section elementor-top-section elementor-element elementor-element-821dca2 elementor-section-boxed elementor-section-height-default elementor-section-height-default mkdf-parallax-row-no mkdf-content-aligment-left mkdf-elementor-row-grid-no mkdf-disabled-bg-image-bellow-no mkdf-row-btt-light\" data-id=\"821dca2\" data-element_type=\"section\" data-e-type=\"section\">\n\t\t\t\t\t\t<div class=\"elementor-container elementor-column-gap-default\">\n\t\t\t\t\t<div class=\"elementor-column elementor-col-66 elementor-top-column elementor-element elementor-element-86fc9c6\" data-id=\"86fc9c6\" data-element_type=\"column\" data-e-type=\"column\">\n\t\t\t<div class=\"elementor-widget-wrap elementor-element-populated\">\n\t\t\t\t\t\t<div class=\"elementor-element elementor-element-34cf8a6 elementor-widget elementor-widget-heading\" data-id=\"34cf8a6\" data-element_type=\"widget\" data-e-type=\"widget\" data-widget_type=\"heading.default\">\n\t\t\t\t<div class=\"elementor-widget-container\">\n\t\t\t\t\t<h5 class=\"elementor-heading-title elementor-size-default\">A Vilex\u201994 Kft modern \u00fczleti \u00e9s termel\u00e9si kih\u00edv\u00e1sokhoz val\u00f3 alkalmazkod\u00e1s\u00e1t seg\u00edt\u0151 komplex projektje<\/h5>\t\t\t\t<\/div>\n\t\t\t\t<\/div>\n\t\t\t\t<div class=\"elementor-element elementor-element-16d3cf4 elementor-widget elementor-widget-text-editor\" data-id=\"16d3cf4\" data-element_type=\"widget\" data-e-type=\"widget\" data-widget_type=\"text-editor.default\">\n\t\t\t\t<div class=\"elementor-widget-container\">\n\t\t\t\t\t\t\t\t\t<p><strong>Funding amount:<\/strong> 209.290.000 Ft<\/p><p><strong>Project identification number: <\/strong>GINOP-1.2.16-22-2023-01019<\/p><p><strong style=\"background-color: #ffffff;\">Fejleszt\u00e9si program:<\/strong><span style=\"background-color: #ffffff;\"> Sz\u00e9chenyi 2020<\/span><\/p>\t\t\t\t\t\t\t\t<\/div>\n\t\t\t\t<\/div>\n\t\t\t\t\t<\/div>\n\t\t<\/div>\n\t\t\t\t<div class=\"elementor-column elementor-col-33 elementor-top-column elementor-element elementor-element-90f93b6\" data-id=\"90f93b6\" data-element_type=\"column\" data-e-type=\"column\">\n\t\t\t<div class=\"elementor-widget-wrap elementor-element-populated\">\n\t\t\t\t\t\t<div class=\"elementor-element elementor-element-9e06f83 elementor-widget__width-auto elementor-widget elementor-widget-mkdf_button\" data-id=\"9e06f83\" data-element_type=\"widget\" data-e-type=\"widget\" data-widget_type=\"mkdf_button.default\">\n\t\t\t\t<div class=\"elementor-widget-container\">\n\t\t\t\t\t<a itemprop=\"url\" href=\"https:\/\/vilex.hu\/en\/ginop-1-2-16-22-2023-01019\/\" target=\"_self\"  class=\"mkdf-btn mkdf-btn-medium mkdf-btn-solid mkdf-btn-icon\"  >\n    <span class=\"mkdf-btn-text\">Projekt r\u00e9szletei<\/span>\n    <i class=\"mkdf-icon-dripicons dripicon dripicons-document\" ><\/i><\/a>\t\t\t\t<\/div>\n\t\t\t\t<\/div>\n\t\t\t\t\t<\/div>\n\t\t<\/div>\n\t\t\t\t\t<\/div>\n\t\t<\/section>\n\t\t\t\t<section class=\"elementor-section elementor-top-section elementor-element elementor-element-a92610a elementor-section-boxed elementor-section-height-default elementor-section-height-default mkdf-parallax-row-no mkdf-content-aligment-left mkdf-elementor-row-grid-no mkdf-disabled-bg-image-bellow-no mkdf-row-btt-light\" data-id=\"a92610a\" data-element_type=\"section\" data-e-type=\"section\">\n\t\t\t\t\t\t<div class=\"elementor-container elementor-column-gap-default\">\n\t\t\t\t\t<div class=\"elementor-column elementor-col-66 elementor-top-column elementor-element elementor-element-b2e1367\" data-id=\"b2e1367\" data-element_type=\"column\" data-e-type=\"column\">\n\t\t\t<div class=\"elementor-widget-wrap elementor-element-populated\">\n\t\t\t\t\t\t<div class=\"elementor-element elementor-element-667ba0f elementor-widget elementor-widget-heading\" data-id=\"667ba0f\" data-element_type=\"widget\" data-e-type=\"widget\" data-widget_type=\"heading.default\">\n\t\t\t\t<div class=\"elementor-widget-container\">\n\t\t\t\t\t<h5 class=\"elementor-heading-title elementor-size-default\">A Vilex\u201994 Kft Komplex v\u00e1llalati infokommunik\u00e1ci\u00f3s fejleszt\u00e9se<\/h5>\t\t\t\t<\/div>\n\t\t\t\t<\/div>\n\t\t\t\t<div class=\"elementor-element elementor-element-6898657 elementor-widget elementor-widget-text-editor\" data-id=\"6898657\" data-element_type=\"widget\" data-e-type=\"widget\" data-widget_type=\"text-editor.default\">\n\t\t\t\t<div class=\"elementor-widget-container\">\n\t\t\t\t\t\t\t\t\t<p><strong>A szerz\u0151d\u00f6tt t\u00e1mogat\u00e1s \u00f6sszege:<\/strong> 13 027 630 Ft<\/p><p><strong>A t\u00e1mogat\u00e1s m\u00e9rt\u00e9ke:<\/strong> 35%<\/p><p><strong>A szerz\u0151d\u00f6tt hitel \u00f6sszege:<\/strong> 20 471 990 Ft<\/p><p><strong>A hitel m\u00e9rt\u00e9ke:<\/strong> 55%<\/p><p><strong>Project identification number:<\/strong> GINOP-3.2.2-8-2-4-16-2017-00240<\/p><p><strong style=\"background-color: #ffffff;\">Fejleszt\u00e9si program:<\/strong><span style=\"background-color: #ffffff;\"> Sz\u00e9chenyi 2020<\/span><\/p>\t\t\t\t\t\t\t\t<\/div>\n\t\t\t\t<\/div>\n\t\t\t\t\t<\/div>\n\t\t<\/div>\n\t\t\t\t<div class=\"elementor-column elementor-col-33 elementor-top-column elementor-element elementor-element-1ef2662\" data-id=\"1ef2662\" data-element_type=\"column\" data-e-type=\"column\">\n\t\t\t<div class=\"elementor-widget-wrap elementor-element-populated\">\n\t\t\t\t\t\t<div class=\"elementor-element elementor-element-c099536 elementor-widget__width-auto elementor-widget elementor-widget-mkdf_button\" data-id=\"c099536\" data-element_type=\"widget\" data-e-type=\"widget\" data-widget_type=\"mkdf_button.default\">\n\t\t\t\t<div class=\"elementor-widget-container\">\n\t\t\t\t\t<a itemprop=\"url\" href=\"https:\/\/vilex.hu\/en\/ginop-3-2-2-8-2-4-16-2017-00240\/\" target=\"_self\"  class=\"mkdf-btn mkdf-btn-medium mkdf-btn-solid mkdf-btn-icon\"  >\n    <span class=\"mkdf-btn-text\">Projekt r\u00e9szletei<\/span>\n    <i class=\"mkdf-icon-dripicons dripicon dripicons-document\" ><\/i><\/a>\t\t\t\t<\/div>\n\t\t\t\t<\/div>\n\t\t\t\t\t<\/div>\n\t\t<\/div>\n\t\t\t\t\t<\/div>\n\t\t<\/section>\n\t\t\t\t<\/div>","protected":false},"excerpt":{"rendered":"<p>A Vilex\u201994 Kft. technol\u00f3giai \u00e9s digit\u00e1lis fejleszt\u00e9se szabad v\u00e1llalkoz\u00e1si z\u00f3n\u00e1ban A szerz\u0151d\u00f6tt t\u00e1mogat\u00e1s \u00f6sszege: 30 000 000 Ft A t\u00e1mogat\u00e1s m\u00e9rt\u00e9ke: 50% Projekt azonos\u00edt\u00f3 sz\u00e1ma: GINOP_PLUSZ-1.2.4-25-2025-00350 Fejleszt\u00e9si program: Sz\u00e9chenyi Terv Plusz Projekt r\u00e9szletei A Vilex\u201994 Kft modern \u00fczleti \u00e9s termel\u00e9si [&hellip;]<\/p>\n","protected":false},"author":1,"featured_media":0,"parent":0,"menu_order":21,"comment_status":"closed","ping_status":"closed","template":"","meta":{"footnotes":""},"class_list":["post-11569","page","type-page","status-publish","hentry"],"_links":{"self":[{"href":"https:\/\/vilex.hu\/en\/wp-json\/wp\/v2\/pages\/11569","targetHints":{"allow":["GET"]}}],"collection":[{"href":"https:\/\/vilex.hu\/en\/wp-json\/wp\/v2\/pages"}],"about":[{"href":"https:\/\/vilex.hu\/en\/wp-json\/wp\/v2\/types\/page"}],"author":[{"embeddable":true,"href":"https:\/\/vilex.hu\/en\/wp-json\/wp\/v2\/users\/1"}],"replies":[{"embeddable":true,"href":"https:\/\/vilex.hu\/en\/wp-json\/wp\/v2\/comments?post=11569"}],"version-history":[{"count":28,"href":"https:\/\/vilex.hu\/en\/wp-json\/wp\/v2\/pages\/11569\/revisions"}],"predecessor-version":[{"id":11953,"href":"https:\/\/vilex.hu\/en\/wp-json\/wp\/v2\/pages\/11569\/revisions\/11953"}],"wp:attachment":[{"href":"https:\/\/vilex.hu\/en\/wp-json\/wp\/v2\/media?parent=11569"}],"curies":[{"name":"wp","href":"https:\/\/api.w.org\/{rel}","templated":true}]}}