{"id":11575,"date":"2023-10-31T10:07:18","date_gmt":"2023-10-31T10:07:18","guid":{"rendered":"https:\/\/vilex.hu\/?page_id=11575"},"modified":"2023-10-31T12:22:48","modified_gmt":"2023-10-31T12:22:48","slug":"ginop-1-2-8-20-2020-003021","status":"publish","type":"page","link":"https:\/\/vilex.hu\/en\/ginop-1-2-8-20-2020-003021\/","title":{"rendered":"GINOP-1.2.8-20-2020-003021"},"content":{"rendered":"<div data-elementor-type=\"wp-page\" data-elementor-id=\"11575\" class=\"elementor elementor-11575\" data-elementor-post-type=\"page\">\n\t\t\t\t\t\t<section class=\"elementor-section elementor-top-section elementor-element elementor-element-80c795c elementor-section-boxed elementor-section-height-default elementor-section-height-default mkdf-parallax-row-no mkdf-content-aligment-left mkdf-elementor-row-grid-no mkdf-disabled-bg-image-bellow-no mkdf-row-btt-light\" data-id=\"80c795c\" data-element_type=\"section\" data-e-type=\"section\">\n\t\t\t\t\t\t<div class=\"elementor-container elementor-column-gap-default\">\n\t\t\t\t\t<div class=\"elementor-column elementor-col-100 elementor-top-column elementor-element elementor-element-8c3b8a8\" data-id=\"8c3b8a8\" data-element_type=\"column\" data-e-type=\"column\">\n\t\t\t<div class=\"elementor-widget-wrap elementor-element-populated\">\n\t\t\t\t\t\t<div class=\"elementor-element elementor-element-bf2039d elementor-widget elementor-widget-image\" data-id=\"bf2039d\" data-element_type=\"widget\" data-e-type=\"widget\" data-widget_type=\"image.default\">\n\t\t\t\t<div class=\"elementor-widget-container\">\n\t\t\t\t\t\t\t\t\t\t\t\t\t\t\t\t<a href=\"https:\/\/vilex.hu\/wp-content\/uploads\/2023\/09\/ginop_1_2_8_20_2020_00302_c_fekvo_nyomdai1024_1.jpg\" data-elementor-open-lightbox=\"yes\" data-elementor-lightbox-title=\"ginop_1_2_8_20_2020_00302_c_fekvo_nyomdai1024_1\" data-e-action-hash=\"#elementor-action%3Aaction%3Dlightbox%26settings%3DeyJpZCI6IjExNTM2IiwidXJsIjoiaHR0cHM6XC9cL3ZpbGV4Lmh1XC93cC1jb250ZW50XC91cGxvYWRzXC8yMDIzXC8wOVwvZ2lub3BfMV8yXzhfMjBfMjAyMF8wMDMwMl9jX2Zla3ZvX255b21kYWkxMDI0XzEuanBnIn0%3D\">\n\t\t\t\t\t\t\t<img fetchpriority=\"high\" decoding=\"async\" width=\"983\" height=\"695\" src=\"https:\/\/vilex.hu\/wp-content\/uploads\/2023\/09\/ginop_1_2_8_20_2020_00302_c_fekvo_nyomdai1024_1.jpg\" class=\"attachment-large size-large wp-image-11536\" alt=\"\" srcset=\"https:\/\/vilex.hu\/wp-content\/uploads\/2023\/09\/ginop_1_2_8_20_2020_00302_c_fekvo_nyomdai1024_1.jpg 983w, https:\/\/vilex.hu\/wp-content\/uploads\/2023\/09\/ginop_1_2_8_20_2020_00302_c_fekvo_nyomdai1024_1-300x212.jpg 300w, https:\/\/vilex.hu\/wp-content\/uploads\/2023\/09\/ginop_1_2_8_20_2020_00302_c_fekvo_nyomdai1024_1-768x543.jpg 768w, https:\/\/vilex.hu\/wp-content\/uploads\/2023\/09\/ginop_1_2_8_20_2020_00302_c_fekvo_nyomdai1024_1-18x12.jpg 18w, https:\/\/vilex.hu\/wp-content\/uploads\/2023\/09\/ginop_1_2_8_20_2020_00302_c_fekvo_nyomdai1024_1-600x424.jpg 600w\" sizes=\"(max-width: 983px) 100vw, 983px\" \/>\t\t\t\t\t\t\t\t<\/a>\n\t\t\t\t\t\t\t\t\t\t\t\t\t\t\t<\/div>\n\t\t\t\t<\/div>\n\t\t\t\t\t<\/div>\n\t\t<\/div>\n\t\t\t\t\t<\/div>\n\t\t<\/section>\n\t\t\t\t<section class=\"elementor-section elementor-top-section elementor-element elementor-element-dc5877e elementor-section-boxed elementor-section-height-default elementor-section-height-default mkdf-parallax-row-no mkdf-content-aligment-left mkdf-elementor-row-grid-no mkdf-disabled-bg-image-bellow-no mkdf-row-btt-light\" data-id=\"dc5877e\" data-element_type=\"section\" data-e-type=\"section\" data-settings=\"{&quot;background_background&quot;:&quot;classic&quot;}\">\n\t\t\t\t\t\t<div class=\"elementor-container elementor-column-gap-default\">\n\t\t\t\t\t<div class=\"elementor-column elementor-col-100 elementor-top-column elementor-element elementor-element-ab75f9e\" data-id=\"ab75f9e\" data-element_type=\"column\" data-e-type=\"column\">\n\t\t\t<div class=\"elementor-widget-wrap elementor-element-populated\">\n\t\t\t\t\t\t<div class=\"elementor-element elementor-element-ea4ac3b elementor-widget elementor-widget-heading\" data-id=\"ea4ac3b\" data-element_type=\"widget\" data-e-type=\"widget\" data-widget_type=\"heading.default\">\n\t\t\t\t<div class=\"elementor-widget-container\">\n\t\t\t\t\t<h3 class=\"elementor-heading-title elementor-size-default\">The project<\/h3>\t\t\t\t<\/div>\n\t\t\t\t<\/div>\n\t\t\t\t<div class=\"elementor-element elementor-element-6bfd512 elementor-widget elementor-widget-text-editor\" data-id=\"6bfd512\" data-element_type=\"widget\" data-e-type=\"widget\" data-widget_type=\"text-editor.default\">\n\t\t\t\t<div class=\"elementor-widget-container\">\n\t\t\t\t\t\t\t\t\t<p><strong><span style=\"color: #000000;\">Project title:\u00a0<\/span><\/strong><br \/><span style=\"color: #000000;\">A complex project to help Vilex'94 Kft adapt to modern business and production challenges <span style=\"color: #000000;\">kih\u00edv\u00e1sokhoz<\/span> val\u00f3 alkalmazkod\u00e1s\u00e1t seg\u00edt\u0151 komplex projektje<\/span><\/p><p><span style=\"color: #000000;\"><strong>Beneficiary name<\/strong> Vilex\u201994 Kft<\/span><\/p><p><span style=\"color: #000000;\"><strong>T\u00e1mogat\u00e1s \u00f6sszege<\/strong>:<strong> 49.123.228Ft<\/strong><\/span><\/p><p><span style=\"color: #000000;\"><strong>A t\u00e1mogat\u00e1s m\u00e9rt\u00e9ke<\/strong>: 70%<\/span><\/p><p><span style=\"color: #000000;\"><strong>A projekt tartalm\u00e1nak bemutat\u00e1sa:<br \/><\/strong>A projekt eredm\u00e9nyek\u00e9nt beszerz\u00e9sre \u00e9s \u00fczembe helyez\u00e9sre ker\u00fcltek az al\u00e1bbi eszk\u00f6z\u00f6k:<br \/>&#8211; Phoenix 451 Progress puls MM FDW hegeszt\u0151g\u00e9p+tartoz\u00e9k 3db<br \/>&#8211; Linde H35 D: 3,5t (EU5), diesel targonca 1db<br \/>&#8211; Linde H 45D: 4,5t (EU5), diesel targonca 1db<br \/>&#8211; Hajl\u00edt\u00f3g\u00e9p MB-100E tartoz\u00e9kokkal 1db<br \/>&#8211; Gy\u0171r\u0171hajl\u00edt\u00f3 g\u00e9p PRM 100 FH tartoz\u00e9kokkal 1db<br \/>A projekt eredm\u00e9nyek\u00e9nt a Vilex &#8217;94 Kft. modern \u00fczleti \u00e9s termel\u00e9si kih\u00edv\u00e1sokhoz val\u00f3 alkalmazkod\u00e1sa javult, valamint kapacit\u00e1sb\u0151v\u00fcl\u00e9s \u00e9s munkahely meg\u0151rz\u00e9s val\u00f3sult meg.<\/span><\/p><p><span style=\"color: #000000;\"><strong>A projekt t\u00e9nyleges befejez\u00e9se:<\/strong> 2021.02.05.<\/span><\/p><p><span style=\"color: #000000;\"><strong>Project identification number:<\/strong>GINOP-1.2.8-20-2020-003021<\/span><\/p>\t\t\t\t\t\t\t\t<\/div>\n\t\t\t\t<\/div>\n\t\t\t\t<div class=\"elementor-element elementor-element-353790e elementor-widget__width-auto elementor-widget elementor-widget-mkdf_button\" data-id=\"353790e\" data-element_type=\"widget\" data-e-type=\"widget\" data-widget_type=\"mkdf_button.default\">\n\t\t\t\t<div class=\"elementor-widget-container\">\n\t\t\t\t\t<a itemprop=\"url\" href=\"https:\/\/www.palyazat.gov.hu\/eredmenyek\/tamogatott-projektek\/2414480201\" target=\"_blank\"  class=\"mkdf-btn mkdf-btn-medium mkdf-btn-solid mkdf-btn-icon\"  >\n    <span class=\"mkdf-btn-text\">Projekt adatlap<\/span>\n    <i class=\"mkdf-icon-dripicons dripicon dripicons-document\" ><\/i><\/a>\t\t\t\t<\/div>\n\t\t\t\t<\/div>\n\t\t\t\t\t<\/div>\n\t\t<\/div>\n\t\t\t\t\t<\/div>\n\t\t<\/section>\n\t\t\t\t<\/div>","protected":false},"excerpt":{"rendered":"<p>A projekt Projekt c\u00edme:\u00a0A Vilex\u201994 Kft modern \u00fczleti \u00e9s termel\u00e9si kih\u00edv\u00e1sokhoz val\u00f3 alkalmazkod\u00e1s\u00e1t seg\u00edt\u0151 komplex projektje Kedvezm\u00e9nyezett neve: Vilex\u201994 Kft T\u00e1mogat\u00e1s \u00f6sszege: 49.123.228Ft A t\u00e1mogat\u00e1s m\u00e9rt\u00e9ke: 70% A projekt tartalm\u00e1nak bemutat\u00e1sa:A projekt eredm\u00e9nyek\u00e9nt beszerz\u00e9sre \u00e9s \u00fczembe helyez\u00e9sre ker\u00fcltek az al\u00e1bbi [&hellip;]<\/p>\n","protected":false},"author":1,"featured_media":0,"parent":0,"menu_order":21,"comment_status":"closed","ping_status":"closed","template":"","meta":{"footnotes":""},"class_list":["post-11575","page","type-page","status-publish","hentry"],"_links":{"self":[{"href":"https:\/\/vilex.hu\/en\/wp-json\/wp\/v2\/pages\/11575","targetHints":{"allow":["GET"]}}],"collection":[{"href":"https:\/\/vilex.hu\/en\/wp-json\/wp\/v2\/pages"}],"about":[{"href":"https:\/\/vilex.hu\/en\/wp-json\/wp\/v2\/types\/page"}],"author":[{"embeddable":true,"href":"https:\/\/vilex.hu\/en\/wp-json\/wp\/v2\/users\/1"}],"replies":[{"embeddable":true,"href":"https:\/\/vilex.hu\/en\/wp-json\/wp\/v2\/comments?post=11575"}],"version-history":[{"count":10,"href":"https:\/\/vilex.hu\/en\/wp-json\/wp\/v2\/pages\/11575\/revisions"}],"predecessor-version":[{"id":11620,"href":"https:\/\/vilex.hu\/en\/wp-json\/wp\/v2\/pages\/11575\/revisions\/11620"}],"wp:attachment":[{"href":"https:\/\/vilex.hu\/en\/wp-json\/wp\/v2\/media?parent=11575"}],"curies":[{"name":"wp","href":"https:\/\/api.w.org\/{rel}","templated":true}]}}