{"id":11600,"date":"2023-10-31T10:36:19","date_gmt":"2023-10-31T10:36:19","guid":{"rendered":"https:\/\/vilex.hu\/?page_id=11600"},"modified":"2023-10-31T11:50:41","modified_gmt":"2023-10-31T11:50:41","slug":"ginop-1-2-16-22-2023-01019","status":"publish","type":"page","link":"https:\/\/vilex.hu\/en\/ginop-1-2-16-22-2023-01019\/","title":{"rendered":"GINOP-1.2.16-22-2023-01019"},"content":{"rendered":"<div data-elementor-type=\"wp-page\" data-elementor-id=\"11600\" class=\"elementor elementor-11600\" data-elementor-post-type=\"page\">\n\t\t\t\t\t\t<section class=\"elementor-section elementor-top-section elementor-element elementor-element-80c795c elementor-section-boxed elementor-section-height-default elementor-section-height-default mkdf-parallax-row-no mkdf-content-aligment-left mkdf-elementor-row-grid-no mkdf-disabled-bg-image-bellow-no mkdf-row-btt-light\" data-id=\"80c795c\" data-element_type=\"section\" data-e-type=\"section\">\n\t\t\t\t\t\t<div class=\"elementor-container elementor-column-gap-default\">\n\t\t\t\t\t<div class=\"elementor-column elementor-col-100 elementor-top-column elementor-element elementor-element-8c3b8a8\" data-id=\"8c3b8a8\" data-element_type=\"column\" data-e-type=\"column\">\n\t\t\t<div class=\"elementor-widget-wrap elementor-element-populated\">\n\t\t\t\t\t\t<div class=\"elementor-element elementor-element-98f28f6 elementor-widget elementor-widget-image\" data-id=\"98f28f6\" data-element_type=\"widget\" data-e-type=\"widget\" data-widget_type=\"image.default\">\n\t\t\t\t<div class=\"elementor-widget-container\">\n\t\t\t\t\t\t\t\t\t\t\t\t\t\t\t\t<a href=\"https:\/\/vilex.hu\/wp-content\/uploads\/2022\/06\/1654596292131.jpeg\" data-elementor-open-lightbox=\"yes\" data-elementor-lightbox-title=\"Vilex-t\u00e1bla_A2_fekvo_arculat_nyomda_page-0001\" data-e-action-hash=\"#elementor-action%3Aaction%3Dlightbox%26settings%3DeyJpZCI6Ijk1MzQiLCJ1cmwiOiJodHRwczpcL1wvdmlsZXguaHVcL3dwLWNvbnRlbnRcL3VwbG9hZHNcLzIwMjJcLzA2XC8xNjU0NTk2MjkyMTMxLmpwZWcifQ%3D%3D\">\n\t\t\t\t\t\t\t<img fetchpriority=\"high\" decoding=\"async\" width=\"1024\" height=\"729\" src=\"https:\/\/vilex.hu\/wp-content\/uploads\/2022\/06\/1654596292131-1024x729.jpeg\" class=\"attachment-large size-large wp-image-9534\" alt=\"\" srcset=\"https:\/\/vilex.hu\/wp-content\/uploads\/2022\/06\/1654596292131-1024x729.jpeg 1024w, https:\/\/vilex.hu\/wp-content\/uploads\/2022\/06\/1654596292131-300x214.jpeg 300w, https:\/\/vilex.hu\/wp-content\/uploads\/2022\/06\/1654596292131-768x547.jpeg 768w, https:\/\/vilex.hu\/wp-content\/uploads\/2022\/06\/1654596292131-1536x1093.jpeg 1536w, https:\/\/vilex.hu\/wp-content\/uploads\/2022\/06\/1654596292131-18x12.jpeg 18w, https:\/\/vilex.hu\/wp-content\/uploads\/2022\/06\/1654596292131-600x427.jpeg 600w, https:\/\/vilex.hu\/wp-content\/uploads\/2022\/06\/1654596292131-1320x940.jpeg 1320w, https:\/\/vilex.hu\/wp-content\/uploads\/2022\/06\/1654596292131.jpeg 1600w\" sizes=\"(max-width: 1024px) 100vw, 1024px\" \/>\t\t\t\t\t\t\t\t<\/a>\n\t\t\t\t\t\t\t\t\t\t\t\t\t\t\t<\/div>\n\t\t\t\t<\/div>\n\t\t\t\t\t<\/div>\n\t\t<\/div>\n\t\t\t\t\t<\/div>\n\t\t<\/section>\n\t\t\t\t<section class=\"elementor-section elementor-top-section elementor-element elementor-element-dc5877e elementor-section-boxed elementor-section-height-default elementor-section-height-default mkdf-parallax-row-no mkdf-content-aligment-left mkdf-elementor-row-grid-no mkdf-disabled-bg-image-bellow-no mkdf-row-btt-light\" data-id=\"dc5877e\" data-element_type=\"section\" data-e-type=\"section\" data-settings=\"{&quot;background_background&quot;:&quot;classic&quot;}\">\n\t\t\t\t\t\t<div class=\"elementor-container elementor-column-gap-default\">\n\t\t\t\t\t<div class=\"elementor-column elementor-col-100 elementor-top-column elementor-element elementor-element-ab75f9e\" data-id=\"ab75f9e\" data-element_type=\"column\" data-e-type=\"column\">\n\t\t\t<div class=\"elementor-widget-wrap elementor-element-populated\">\n\t\t\t\t\t\t<div class=\"elementor-element elementor-element-ea4ac3b elementor-widget elementor-widget-heading\" data-id=\"ea4ac3b\" data-element_type=\"widget\" data-e-type=\"widget\" data-widget_type=\"heading.default\">\n\t\t\t\t<div class=\"elementor-widget-container\">\n\t\t\t\t\t<h3 class=\"elementor-heading-title elementor-size-default\">The project<\/h3>\t\t\t\t<\/div>\n\t\t\t\t<\/div>\n\t\t\t\t<div class=\"elementor-element elementor-element-6bfd512 elementor-widget elementor-widget-text-editor\" data-id=\"6bfd512\" data-element_type=\"widget\" data-e-type=\"widget\" data-widget_type=\"text-editor.default\">\n\t\t\t\t<div class=\"elementor-widget-container\">\n\t\t\t\t\t\t\t\t\t<p><strong><span style=\"color: #000000;\">Project title:\u00a0<\/span><\/strong><br \/><span style=\"color: #000000;\">A complex project to help Vilex'94 Kft adapt to modern business and production challenges <span style=\"color: #000000;\">kih\u00edv\u00e1sokhoz<\/span> val\u00f3 alkalmazkod\u00e1s\u00e1t seg\u00edt\u0151 komplex projektje<\/span><\/p><p><span style=\"color: #000000;\"><strong>Beneficiary name<\/strong> Vilex\u201994 Kft<\/span><\/p><p><span style=\"color: #000000;\"><strong>T\u00e1mogat\u00e1s \u00f6sszege<\/strong>:<strong> 209.290.000Ft<\/strong><\/span><\/p><p><span style=\"color: #000000;\"><strong>A t\u00e1mogat\u00e1s m\u00e9rt\u00e9ke<\/strong>: 70%<\/span><\/p><p><span style=\"color: #000000;\"><strong>Planned start:<\/strong> 2021.08.31.<\/span><\/p><p><span style=\"color: #000000;\"><strong>Actual end date:<\/strong> 2023.04.30.<\/span><\/p><p><span style=\"color: #000000;\"><strong>Project identification number: <\/strong>GINOP-1.2.16-22-2023-01019<\/span><\/p>\t\t\t\t\t\t\t\t<\/div>\n\t\t\t\t<\/div>\n\t\t\t\t<div class=\"elementor-element elementor-element-353790e elementor-widget__width-auto elementor-widget elementor-widget-mkdf_button\" data-id=\"353790e\" data-element_type=\"widget\" data-e-type=\"widget\" data-widget_type=\"mkdf_button.default\">\n\t\t\t\t<div class=\"elementor-widget-container\">\n\t\t\t\t\t<a itemprop=\"url\" href=\"https:\/\/www.palyazat.gov.hu\/eredmenyek\/tamogatott-projektek\/2763730201\" target=\"_blank\"  class=\"mkdf-btn mkdf-btn-medium mkdf-btn-solid mkdf-btn-icon\"  >\n    <span class=\"mkdf-btn-text\">Projekt adatlap<\/span>\n    <i class=\"mkdf-icon-dripicons dripicon dripicons-document\" ><\/i><\/a>\t\t\t\t<\/div>\n\t\t\t\t<\/div>\n\t\t\t\t<div class=\"elementor-element elementor-element-82af301 elementor-widget__width-auto elementor-widget elementor-widget-mkdf_button\" data-id=\"82af301\" data-element_type=\"widget\" data-e-type=\"widget\" data-widget_type=\"mkdf_button.default\">\n\t\t\t\t<div class=\"elementor-widget-container\">\n\t\t\t\t\t<a itemprop=\"url\" href=\"https:\/\/www.palyazat.gov.hu\/eredmenyek\/tamogatott-projektek\/2763730201\" target=\"_blank\"  class=\"mkdf-btn mkdf-btn-medium mkdf-btn-outline mkdf-btn-icon\"  >\n    <span class=\"mkdf-btn-text\">Sajt\u00f3k\u00f6zlem\u00e9ny<\/span>\n    <i class=\"mkdf-icon-dripicons dripicon dripicons-paperclip\" ><\/i><\/a>\t\t\t\t<\/div>\n\t\t\t\t<\/div>\n\t\t\t\t\t<\/div>\n\t\t<\/div>\n\t\t\t\t\t<\/div>\n\t\t<\/section>\n\t\t\t\t<section class=\"elementor-section elementor-top-section elementor-element elementor-element-48aee40 elementor-section-boxed elementor-section-height-default elementor-section-height-default mkdf-parallax-row-no mkdf-content-aligment-left mkdf-elementor-row-grid-no mkdf-disabled-bg-image-bellow-no mkdf-row-btt-light\" data-id=\"48aee40\" data-element_type=\"section\" data-e-type=\"section\">\n\t\t\t\t\t\t<div class=\"elementor-container elementor-column-gap-default\">\n\t\t\t\t\t<div class=\"elementor-column elementor-col-100 elementor-top-column elementor-element elementor-element-ecd10c7\" data-id=\"ecd10c7\" data-element_type=\"column\" data-e-type=\"column\">\n\t\t\t<div class=\"elementor-widget-wrap elementor-element-populated\">\n\t\t\t\t\t\t<div class=\"elementor-element elementor-element-13baacc elementor-widget elementor-widget-image\" data-id=\"13baacc\" data-element_type=\"widget\" data-e-type=\"widget\" data-widget_type=\"image.default\">\n\t\t\t\t<div class=\"elementor-widget-container\">\n\t\t\t\t\t\t\t\t\t\t\t\t\t\t\t<img decoding=\"async\" width=\"1024\" height=\"306\" src=\"https:\/\/vilex.hu\/wp-content\/uploads\/2022\/06\/MFF-kedvezmenyezetti-infoblokk-keretes-1-1024x306.jpg\" class=\"attachment-large size-large wp-image-9532\" alt=\"\" srcset=\"https:\/\/vilex.hu\/wp-content\/uploads\/2022\/06\/MFF-kedvezmenyezetti-infoblokk-keretes-1-1024x306.jpg 1024w, https:\/\/vilex.hu\/wp-content\/uploads\/2022\/06\/MFF-kedvezmenyezetti-infoblokk-keretes-1-300x90.jpg 300w, https:\/\/vilex.hu\/wp-content\/uploads\/2022\/06\/MFF-kedvezmenyezetti-infoblokk-keretes-1-768x230.jpg 768w, https:\/\/vilex.hu\/wp-content\/uploads\/2022\/06\/MFF-kedvezmenyezetti-infoblokk-keretes-1-18x5.jpg 18w, https:\/\/vilex.hu\/wp-content\/uploads\/2022\/06\/MFF-kedvezmenyezetti-infoblokk-keretes-1-600x180.jpg 600w, https:\/\/vilex.hu\/wp-content\/uploads\/2022\/06\/MFF-kedvezmenyezetti-infoblokk-keretes-1-1320x395.jpg 1320w, https:\/\/vilex.hu\/wp-content\/uploads\/2022\/06\/MFF-kedvezmenyezetti-infoblokk-keretes-1.jpg 1504w\" sizes=\"(max-width: 1024px) 100vw, 1024px\" \/>\t\t\t\t\t\t\t\t\t\t\t\t\t\t\t<\/div>\n\t\t\t\t<\/div>\n\t\t\t\t\t<\/div>\n\t\t<\/div>\n\t\t\t\t\t<\/div>\n\t\t<\/section>\n\t\t\t\t<\/div>","protected":false},"excerpt":{"rendered":"<p>A projekt Projekt c\u00edme:\u00a0A Vilex\u201994 Kft modern \u00fczleti \u00e9s termel\u00e9si kih\u00edv\u00e1sokhoz val\u00f3 alkalmazkod\u00e1s\u00e1t seg\u00edt\u0151 komplex projektje Kedvezm\u00e9nyezett neve: Vilex\u201994 Kft T\u00e1mogat\u00e1s \u00f6sszege: 209.290.000Ft A t\u00e1mogat\u00e1s m\u00e9rt\u00e9ke: 70% A projekt tervezett kezd\u00e9se: 2021.08.31. A projekt tervezett befejez\u00e9se: 2023.04.30. Projekt azonos\u00edt\u00f3 sz\u00e1ma: [&hellip;]<\/p>\n","protected":false},"author":1,"featured_media":0,"parent":0,"menu_order":21,"comment_status":"closed","ping_status":"closed","template":"","meta":{"footnotes":""},"class_list":["post-11600","page","type-page","status-publish","hentry"],"_links":{"self":[{"href":"https:\/\/vilex.hu\/en\/wp-json\/wp\/v2\/pages\/11600","targetHints":{"allow":["GET"]}}],"collection":[{"href":"https:\/\/vilex.hu\/en\/wp-json\/wp\/v2\/pages"}],"about":[{"href":"https:\/\/vilex.hu\/en\/wp-json\/wp\/v2\/types\/page"}],"author":[{"embeddable":true,"href":"https:\/\/vilex.hu\/en\/wp-json\/wp\/v2\/users\/1"}],"replies":[{"embeddable":true,"href":"https:\/\/vilex.hu\/en\/wp-json\/wp\/v2\/comments?post=11600"}],"version-history":[{"count":7,"href":"https:\/\/vilex.hu\/en\/wp-json\/wp\/v2\/pages\/11600\/revisions"}],"predecessor-version":[{"id":11611,"href":"https:\/\/vilex.hu\/en\/wp-json\/wp\/v2\/pages\/11600\/revisions\/11611"}],"wp:attachment":[{"href":"https:\/\/vilex.hu\/en\/wp-json\/wp\/v2\/media?parent=11600"}],"curies":[{"name":"wp","href":"https:\/\/api.w.org\/{rel}","templated":true}]}}