{"id":11612,"date":"2023-10-31T12:11:06","date_gmt":"2023-10-31T12:11:06","guid":{"rendered":"https:\/\/vilex.hu\/?page_id=11612"},"modified":"2023-10-31T12:23:35","modified_gmt":"2023-10-31T12:23:35","slug":"ginop-3-2-2-8-2-4-16-2017-00240","status":"publish","type":"page","link":"https:\/\/vilex.hu\/en\/ginop-3-2-2-8-2-4-16-2017-00240\/","title":{"rendered":"GINOP-3.2.2-8-2-4-16-2017-00240"},"content":{"rendered":"<div data-elementor-type=\"wp-page\" data-elementor-id=\"11612\" class=\"elementor elementor-11612\" data-elementor-post-type=\"page\">\n\t\t\t\t\t\t<section class=\"elementor-section elementor-top-section elementor-element elementor-element-80c795c elementor-section-boxed elementor-section-height-default elementor-section-height-default mkdf-parallax-row-no mkdf-content-aligment-left mkdf-elementor-row-grid-no mkdf-disabled-bg-image-bellow-no mkdf-row-btt-light\" data-id=\"80c795c\" data-element_type=\"section\" data-e-type=\"section\">\n\t\t\t\t\t\t<div class=\"elementor-container elementor-column-gap-default\">\n\t\t\t\t\t<div class=\"elementor-column elementor-col-100 elementor-top-column elementor-element elementor-element-8c3b8a8\" data-id=\"8c3b8a8\" data-element_type=\"column\" data-e-type=\"column\">\n\t\t\t<div class=\"elementor-widget-wrap elementor-element-populated\">\n\t\t\t\t\t\t<div class=\"elementor-element elementor-element-2419dd3 elementor-widget elementor-widget-image\" data-id=\"2419dd3\" data-element_type=\"widget\" data-e-type=\"widget\" data-widget_type=\"image.default\">\n\t\t\t\t<div class=\"elementor-widget-container\">\n\t\t\t\t\t\t\t\t\t\t\t\t\t\t\t\t<a href=\"https:\/\/vilex.hu\/wp-content\/uploads\/2023\/10\/Infokommunikacios-palyazat-vilex.png\" data-elementor-open-lightbox=\"yes\" data-elementor-lightbox-title=\"Infokommunik\u00e1ci\u00f3s p\u00e1ly\u00e1zat-vilex\" data-e-action-hash=\"#elementor-action%3Aaction%3Dlightbox%26settings%3DeyJpZCI6IjExNTU0IiwidXJsIjoiaHR0cHM6XC9cL3ZpbGV4Lmh1XC93cC1jb250ZW50XC91cGxvYWRzXC8yMDIzXC8xMFwvSW5mb2tvbW11bmlrYWNpb3MtcGFseWF6YXQtdmlsZXgucG5nIn0%3D\">\n\t\t\t\t\t\t\t<img fetchpriority=\"high\" decoding=\"async\" width=\"1024\" height=\"732\" src=\"https:\/\/vilex.hu\/wp-content\/uploads\/2023\/10\/Infokommunikacios-palyazat-vilex-1024x732.png\" class=\"attachment-large size-large wp-image-11554\" alt=\"\" srcset=\"https:\/\/vilex.hu\/wp-content\/uploads\/2023\/10\/Infokommunikacios-palyazat-vilex-1024x732.png 1024w, https:\/\/vilex.hu\/wp-content\/uploads\/2023\/10\/Infokommunikacios-palyazat-vilex-300x214.png 300w, https:\/\/vilex.hu\/wp-content\/uploads\/2023\/10\/Infokommunikacios-palyazat-vilex-768x549.png 768w, https:\/\/vilex.hu\/wp-content\/uploads\/2023\/10\/Infokommunikacios-palyazat-vilex-18x12.png 18w, https:\/\/vilex.hu\/wp-content\/uploads\/2023\/10\/Infokommunikacios-palyazat-vilex-600x429.png 600w, https:\/\/vilex.hu\/wp-content\/uploads\/2023\/10\/Infokommunikacios-palyazat-vilex.png 1126w\" sizes=\"(max-width: 1024px) 100vw, 1024px\" \/>\t\t\t\t\t\t\t\t<\/a>\n\t\t\t\t\t\t\t\t\t\t\t\t\t\t\t<\/div>\n\t\t\t\t<\/div>\n\t\t\t\t\t<\/div>\n\t\t<\/div>\n\t\t\t\t\t<\/div>\n\t\t<\/section>\n\t\t\t\t<section class=\"elementor-section elementor-top-section elementor-element elementor-element-dc5877e elementor-section-boxed elementor-section-height-default elementor-section-height-default mkdf-parallax-row-no mkdf-content-aligment-left mkdf-elementor-row-grid-no mkdf-disabled-bg-image-bellow-no mkdf-row-btt-light\" data-id=\"dc5877e\" data-element_type=\"section\" data-e-type=\"section\" data-settings=\"{&quot;background_background&quot;:&quot;classic&quot;}\">\n\t\t\t\t\t\t<div class=\"elementor-container elementor-column-gap-default\">\n\t\t\t\t\t<div class=\"elementor-column elementor-col-100 elementor-top-column elementor-element elementor-element-ab75f9e\" data-id=\"ab75f9e\" data-element_type=\"column\" data-e-type=\"column\">\n\t\t\t<div class=\"elementor-widget-wrap elementor-element-populated\">\n\t\t\t\t\t\t<div class=\"elementor-element elementor-element-ea4ac3b elementor-widget elementor-widget-heading\" data-id=\"ea4ac3b\" data-element_type=\"widget\" data-e-type=\"widget\" data-widget_type=\"heading.default\">\n\t\t\t\t<div class=\"elementor-widget-container\">\n\t\t\t\t\t<h3 class=\"elementor-heading-title elementor-size-default\">The project<\/h3>\t\t\t\t<\/div>\n\t\t\t\t<\/div>\n\t\t\t\t<div class=\"elementor-element elementor-element-6bfd512 elementor-widget elementor-widget-text-editor\" data-id=\"6bfd512\" data-element_type=\"widget\" data-e-type=\"widget\" data-widget_type=\"text-editor.default\">\n\t\t\t\t<div class=\"elementor-widget-container\">\n\t\t\t\t\t\t\t\t\t<p><strong><span style=\"color: #000000;\">Project title:\u00a0<\/span><\/strong><br \/>A Vilex\u201994 Kft Komplex v\u00e1llalati infokommunik\u00e1ci\u00f3s fejleszt\u00e9se<\/p><p><span style=\"color: #000000;\"><strong>Beneficiary name<\/strong> VILEX \u201994. Ipari-, Szolg\u00e1ltat\u00f3- \u00e9s Kereskedelmi Korl\u00e1tolt Felel\u0151ss\u00e9g\u0171 T\u00e1rsas\u00e1g<\/span><\/p><p><span style=\"color: #000000;\"><strong>Projekt tartalma<\/strong>: A fejleszt\u00e9s c\u00e9lja a gy\u00e1rt\u00e1si \u00e9s kereskedelmi tev\u00e9kenys\u00e9g hat\u00e9konys\u00e1g\u00e1nak jav\u00edt\u00e1sa, a vev\u0151i el\u00e9gedetts\u00e9g fokoz\u00e1sa, versenyel\u0151ny biztos\u00edt\u00e1sa a konkurenci\u00e1val szemben, a v\u00e1llalati CRM, \u00e9rt\u00e9kes\u00edt\u00e9s ter\u00fclet fejleszt\u00e9se a partnerkommunik\u00e1ci\u00f3s esem\u00e9nyek informatikai t\u00e1mogat\u00e1sa<\/span><\/p><p><span style=\"color: #000000;\"><strong>T\u00e1mogat\u00e1s \u00f6sszege<\/strong>: 13 027 630 Ft<\/span><\/p><p><span style=\"color: #000000;\"><strong>A t\u00e1mogat\u00e1s m\u00e9rt\u00e9ke<\/strong>: 35%<\/span><\/p><p><span style=\"color: #000000;\"><strong>Hitel \u00f6sszege<\/strong>: 20 471 990 Ft<\/span><\/p><p><span style=\"color: #000000;\"><strong>A hitel m\u00e9rt\u00e9ke<\/strong>: 55%<\/span><\/p><p><span style=\"color: #000000;\"><strong>A projekt t\u00e9nyleges befejez\u00e9se:<\/strong> 2020.01.25<\/span><\/p><p><span style=\"color: #000000;\"><strong>Project identification number: <\/strong>GINOP-3.2.2-8-2-4-16-2017-00240<\/span><\/p>\t\t\t\t\t\t\t\t<\/div>\n\t\t\t\t<\/div>\n\t\t\t\t<div class=\"elementor-element elementor-element-353790e elementor-widget__width-auto elementor-widget elementor-widget-mkdf_button\" data-id=\"353790e\" data-element_type=\"widget\" data-e-type=\"widget\" data-widget_type=\"mkdf_button.default\">\n\t\t\t\t<div class=\"elementor-widget-container\">\n\t\t\t\t\t<a itemprop=\"url\" href=\"https:\/\/www.palyazat.gov.hu\/eredmenyek\/tamogatott-projektek\/1479950201\" target=\"_blank\"  class=\"mkdf-btn mkdf-btn-medium mkdf-btn-solid mkdf-btn-icon\"  >\n    <span class=\"mkdf-btn-text\">Projekt adatlap<\/span>\n    <i class=\"mkdf-icon-dripicons dripicon dripicons-document\" ><\/i><\/a>\t\t\t\t<\/div>\n\t\t\t\t<\/div>\n\t\t\t\t\t<\/div>\n\t\t<\/div>\n\t\t\t\t\t<\/div>\n\t\t<\/section>\n\t\t\t\t<\/div>","protected":false},"excerpt":{"rendered":"<p>A projekt Projekt c\u00edme:\u00a0A Vilex\u201994 Kft Komplex v\u00e1llalati infokommunik\u00e1ci\u00f3s fejleszt\u00e9se Kedvezm\u00e9nyezett neve: VILEX \u201994. Ipari-, Szolg\u00e1ltat\u00f3- \u00e9s Kereskedelmi Korl\u00e1tolt Felel\u0151ss\u00e9g\u0171 T\u00e1rsas\u00e1g Projekt tartalma: A fejleszt\u00e9s c\u00e9lja a gy\u00e1rt\u00e1si \u00e9s kereskedelmi tev\u00e9kenys\u00e9g hat\u00e9konys\u00e1g\u00e1nak jav\u00edt\u00e1sa, a vev\u0151i el\u00e9gedetts\u00e9g fokoz\u00e1sa, versenyel\u0151ny biztos\u00edt\u00e1sa a [&hellip;]<\/p>\n","protected":false},"author":1,"featured_media":0,"parent":0,"menu_order":21,"comment_status":"closed","ping_status":"closed","template":"","meta":{"footnotes":""},"class_list":["post-11612","page","type-page","status-publish","hentry"],"_links":{"self":[{"href":"https:\/\/vilex.hu\/en\/wp-json\/wp\/v2\/pages\/11612","targetHints":{"allow":["GET"]}}],"collection":[{"href":"https:\/\/vilex.hu\/en\/wp-json\/wp\/v2\/pages"}],"about":[{"href":"https:\/\/vilex.hu\/en\/wp-json\/wp\/v2\/types\/page"}],"author":[{"embeddable":true,"href":"https:\/\/vilex.hu\/en\/wp-json\/wp\/v2\/users\/1"}],"replies":[{"embeddable":true,"href":"https:\/\/vilex.hu\/en\/wp-json\/wp\/v2\/comments?post=11612"}],"version-history":[{"count":4,"href":"https:\/\/vilex.hu\/en\/wp-json\/wp\/v2\/pages\/11612\/revisions"}],"predecessor-version":[{"id":11621,"href":"https:\/\/vilex.hu\/en\/wp-json\/wp\/v2\/pages\/11612\/revisions\/11621"}],"wp:attachment":[{"href":"https:\/\/vilex.hu\/en\/wp-json\/wp\/v2\/media?parent=11612"}],"curies":[{"name":"wp","href":"https:\/\/api.w.org\/{rel}","templated":true}]}}