{"id":11888,"date":"2025-10-26T19:39:35","date_gmt":"2025-10-26T19:39:35","guid":{"rendered":"https:\/\/vilex.hu\/?page_id=11888"},"modified":"2026-03-18T16:56:42","modified_gmt":"2026-03-18T16:56:42","slug":"ginop_plusz-1-2-4-25-2025-00350","status":"publish","type":"page","link":"https:\/\/vilex.hu\/en\/ginop_plusz-1-2-4-25-2025-00350\/","title":{"rendered":"GINOP_PLUSZ-1.2.4-25-2025-00350"},"content":{"rendered":"<div data-elementor-type=\"wp-page\" data-elementor-id=\"11888\" class=\"elementor elementor-11888\" data-elementor-post-type=\"page\">\n\t\t\t\t\t\t<section class=\"elementor-section elementor-top-section elementor-element elementor-element-80c795c elementor-section-boxed elementor-section-height-default elementor-section-height-default mkdf-parallax-row-no mkdf-content-aligment-left mkdf-elementor-row-grid-no mkdf-disabled-bg-image-bellow-no mkdf-row-btt-light\" data-id=\"80c795c\" data-element_type=\"section\" data-e-type=\"section\">\n\t\t\t\t\t\t<div class=\"elementor-container elementor-column-gap-default\">\n\t\t\t\t\t<div class=\"elementor-column elementor-col-100 elementor-top-column elementor-element elementor-element-8c3b8a8\" data-id=\"8c3b8a8\" data-element_type=\"column\" data-e-type=\"column\">\n\t\t\t<div class=\"elementor-widget-wrap elementor-element-populated\">\n\t\t\t\t\t\t<div class=\"elementor-element elementor-element-bf2039d elementor-widget elementor-widget-image\" data-id=\"bf2039d\" data-element_type=\"widget\" data-e-type=\"widget\" data-widget_type=\"image.default\">\n\t\t\t\t<div class=\"elementor-widget-container\">\n\t\t\t\t\t\t\t\t\t\t\t\t\t\t\t\t<a href=\"https:\/\/vilex.hu\/wp-content\/uploads\/2025\/10\/ginop-plusz.png\" data-elementor-open-lightbox=\"yes\" data-elementor-lightbox-title=\"ginop-plusz\" data-e-action-hash=\"#elementor-action%3Aaction%3Dlightbox%26settings%3DeyJpZCI6MTE4OTMsInVybCI6Imh0dHBzOlwvXC92aWxleC5odVwvd3AtY29udGVudFwvdXBsb2Fkc1wvMjAyNVwvMTBcL2dpbm9wLXBsdXN6LnBuZyJ9\">\n\t\t\t\t\t\t\t<img fetchpriority=\"high\" decoding=\"async\" width=\"1024\" height=\"729\" src=\"https:\/\/vilex.hu\/wp-content\/uploads\/2025\/10\/ginop-plusz-1024x729.png\" class=\"attachment-large size-large wp-image-11893\" alt=\"\" srcset=\"https:\/\/vilex.hu\/wp-content\/uploads\/2025\/10\/ginop-plusz-1024x729.png 1024w, https:\/\/vilex.hu\/wp-content\/uploads\/2025\/10\/ginop-plusz-300x214.png 300w, https:\/\/vilex.hu\/wp-content\/uploads\/2025\/10\/ginop-plusz-768x547.png 768w, https:\/\/vilex.hu\/wp-content\/uploads\/2025\/10\/ginop-plusz-18x12.png 18w, https:\/\/vilex.hu\/wp-content\/uploads\/2025\/10\/ginop-plusz-600x427.png 600w, https:\/\/vilex.hu\/wp-content\/uploads\/2025\/10\/ginop-plusz.png 1201w\" sizes=\"(max-width: 1024px) 100vw, 1024px\" \/>\t\t\t\t\t\t\t\t<\/a>\n\t\t\t\t\t\t\t\t\t\t\t\t\t\t\t<\/div>\n\t\t\t\t<\/div>\n\t\t\t\t\t<\/div>\n\t\t<\/div>\n\t\t\t\t\t<\/div>\n\t\t<\/section>\n\t\t\t\t<section class=\"elementor-section elementor-top-section elementor-element elementor-element-dc5877e elementor-section-boxed elementor-section-height-default elementor-section-height-default mkdf-parallax-row-no mkdf-content-aligment-left mkdf-elementor-row-grid-no mkdf-disabled-bg-image-bellow-no mkdf-row-btt-light\" data-id=\"dc5877e\" data-element_type=\"section\" data-e-type=\"section\" data-settings=\"{&quot;background_background&quot;:&quot;classic&quot;}\">\n\t\t\t\t\t\t<div class=\"elementor-container elementor-column-gap-default\">\n\t\t\t\t\t<div class=\"elementor-column elementor-col-100 elementor-top-column elementor-element elementor-element-ab75f9e\" data-id=\"ab75f9e\" data-element_type=\"column\" data-e-type=\"column\">\n\t\t\t<div class=\"elementor-widget-wrap elementor-element-populated\">\n\t\t\t\t\t\t<div class=\"elementor-element elementor-element-ea4ac3b elementor-widget elementor-widget-heading\" data-id=\"ea4ac3b\" data-element_type=\"widget\" data-e-type=\"widget\" data-widget_type=\"heading.default\">\n\t\t\t\t<div class=\"elementor-widget-container\">\n\t\t\t\t\t<h3 class=\"elementor-heading-title elementor-size-default\">The project<\/h3>\t\t\t\t<\/div>\n\t\t\t\t<\/div>\n\t\t\t\t<div class=\"elementor-element elementor-element-6bfd512 elementor-widget elementor-widget-text-editor\" data-id=\"6bfd512\" data-element_type=\"widget\" data-e-type=\"widget\" data-widget_type=\"text-editor.default\">\n\t\t\t\t<div class=\"elementor-widget-container\">\n\t\t\t\t\t\t\t\t\t<p><strong><span style=\"color: #000000;\">Project title:\u00a0<\/span><\/strong><br \/><span style=\"color: #000000;\">A Vilex\u201994 Kft technol\u00f3giai \u00e9s digit\u00e1lis fejleszt\u00e9se szabad v\u00e1llalkoz\u00e1si z\u00f3n\u00e1ban<\/span><\/p><p>A projekt az Eur\u00f3pai Uni\u00f3 t\u00e1mogat\u00e1s\u00e1val, a magyar \u00e1llam t\u00e1rsfinansz\u00edroz\u00e1s\u00e1val val\u00f3sult meg<\/p><p><span style=\"color: #000000;\"><strong>Beneficiary name<\/strong> Vilex\u201994 Kft<\/span><\/p><p><span style=\"color: #000000;\"><strong>T\u00e1mogat\u00e1s \u00f6sszege<\/strong>: 30 000 000 Ft<\/span><\/p><p><span style=\"color: #000000;\"><strong>A t\u00e1mogat\u00e1s m\u00e9rt\u00e9ke<\/strong>: 50%<\/span><\/p><p><span style=\"color: #000000;\"><strong>Project identification number: <\/strong>GINOP_PLUSZ-1.2.4-25-2025-00350<\/span><\/p>\t\t\t\t\t\t\t\t<\/div>\n\t\t\t\t<\/div>\n\t\t\t\t<div class=\"elementor-element elementor-element-353790e elementor-widget__width-auto elementor-widget elementor-widget-mkdf_button\" data-id=\"353790e\" data-element_type=\"widget\" data-e-type=\"widget\" data-widget_type=\"mkdf_button.default\">\n\t\t\t\t<div class=\"elementor-widget-container\">\n\t\t\t\t\t<a itemprop=\"url\" href=\"https:\/\/www.palyazat.gov.hu\/eredmenyek\/tamogatott-projektek\/4114500201\" target=\"_blank\"  class=\"mkdf-btn mkdf-btn-medium mkdf-btn-solid mkdf-btn-icon\"  >\n    <span class=\"mkdf-btn-text\">Projekt adatlap<\/span>\n    <i class=\"mkdf-icon-dripicons dripicon dripicons-document\" ><\/i><\/a>\t\t\t\t<\/div>\n\t\t\t\t<\/div>\n\t\t\t\t<div class=\"elementor-element elementor-element-8a62648 elementor-widget__width-auto elementor-widget elementor-widget-mkdf_button\" data-id=\"8a62648\" data-element_type=\"widget\" data-e-type=\"widget\" data-widget_type=\"mkdf_button.default\">\n\t\t\t\t<div class=\"elementor-widget-container\">\n\t\t\t\t\t<a itemprop=\"url\" href=\"https:\/\/vilex.hu\/wp-content\/uploads\/2026\/02\/GINOP_Plusz-1.2.4-25-2025-00350_SK_zaro_HU.docx\" target=\"_blank\"  class=\"mkdf-btn mkdf-btn-medium mkdf-btn-outline mkdf-btn-icon\"  >\n    <span class=\"mkdf-btn-text\">Sajt\u00f3k\u00f6zlem\u00e9ny<\/span>\n    <i class=\"mkdf-icon-dripicons dripicon dripicons-broadcast\" ><\/i><\/a>\t\t\t\t<\/div>\n\t\t\t\t<\/div>\n\t\t\t\t\t<\/div>\n\t\t<\/div>\n\t\t\t\t\t<\/div>\n\t\t<\/section>\n\t\t\t\t<\/div>","protected":false},"excerpt":{"rendered":"<p>A projekt Projekt c\u00edme:\u00a0A Vilex\u201994 Kft technol\u00f3giai \u00e9s digit\u00e1lis fejleszt\u00e9se szabad v\u00e1llalkoz\u00e1si z\u00f3n\u00e1ban A projekt az Eur\u00f3pai Uni\u00f3 t\u00e1mogat\u00e1s\u00e1val, a magyar \u00e1llam t\u00e1rsfinansz\u00edroz\u00e1s\u00e1val val\u00f3sult meg Kedvezm\u00e9nyezett neve: Vilex\u201994 Kft T\u00e1mogat\u00e1s \u00f6sszege: 30 000 000 Ft A t\u00e1mogat\u00e1s m\u00e9rt\u00e9ke: 50% Projekt [&hellip;]<\/p>\n","protected":false},"author":1,"featured_media":0,"parent":0,"menu_order":21,"comment_status":"closed","ping_status":"closed","template":"","meta":{"footnotes":""},"class_list":["post-11888","page","type-page","status-publish","hentry"],"_links":{"self":[{"href":"https:\/\/vilex.hu\/en\/wp-json\/wp\/v2\/pages\/11888","targetHints":{"allow":["GET"]}}],"collection":[{"href":"https:\/\/vilex.hu\/en\/wp-json\/wp\/v2\/pages"}],"about":[{"href":"https:\/\/vilex.hu\/en\/wp-json\/wp\/v2\/types\/page"}],"author":[{"embeddable":true,"href":"https:\/\/vilex.hu\/en\/wp-json\/wp\/v2\/users\/1"}],"replies":[{"embeddable":true,"href":"https:\/\/vilex.hu\/en\/wp-json\/wp\/v2\/comments?post=11888"}],"version-history":[{"count":13,"href":"https:\/\/vilex.hu\/en\/wp-json\/wp\/v2\/pages\/11888\/revisions"}],"predecessor-version":[{"id":11969,"href":"https:\/\/vilex.hu\/en\/wp-json\/wp\/v2\/pages\/11888\/revisions\/11969"}],"wp:attachment":[{"href":"https:\/\/vilex.hu\/en\/wp-json\/wp\/v2\/media?parent=11888"}],"curies":[{"name":"wp","href":"https:\/\/api.w.org\/{rel}","templated":true}]}}