{"id":1544,"date":"2018-12-17T11:47:52","date_gmt":"2018-12-17T11:47:52","guid":{"rendered":"https:\/\/wilmer.qodeinteractive.com\/elementor\/?page_id=1544"},"modified":"2025-12-13T11:06:23","modified_gmt":"2025-12-13T11:06:23","slug":"csapatunk","status":"publish","type":"page","link":"https:\/\/vilex.hu\/en\/csapatunk\/","title":{"rendered":"Our team"},"content":{"rendered":"<div data-elementor-type=\"wp-page\" data-elementor-id=\"1544\" class=\"elementor elementor-1544\" data-elementor-post-type=\"page\">\n\t\t\t\t<div class=\"mkdf-elementor-row\" style=\"\">\t\t<section class=\"elementor-section elementor-top-section elementor-element elementor-element-72bef3c2 mkdf-elementor-row-grid-section elementor-section-boxed elementor-section-height-default elementor-section-height-default mkdf-parallax-row-no mkdf-content-aligment-left mkdf-disabled-bg-image-bellow-no mkdf-row-btt-light\" data-id=\"72bef3c2\" data-element_type=\"section\" data-e-type=\"section\">\n\t\t\t\t\t\t<div class=\"elementor-container elementor-column-gap-default\">\n\t\t\t\t\t<div class=\"elementor-column elementor-col-100 elementor-top-column elementor-element elementor-element-48e81bc5\" data-id=\"48e81bc5\" data-element_type=\"column\" data-e-type=\"column\">\n\t\t\t<div class=\"elementor-widget-wrap elementor-element-populated\">\n\t\t\t\t\t\t<div class=\"elementor-element elementor-element-2ca71d8 elementor-widget elementor-widget-text-editor\" data-id=\"2ca71d8\" data-element_type=\"widget\" data-e-type=\"widget\" data-widget_type=\"text-editor.default\">\n\t\t\t\t<div class=\"elementor-widget-container\">\n\t\t\t\t\t\t\t\t\t<h1>C\u00e9gvezet\u00e9s<\/h1>\t\t\t\t\t\t\t\t<\/div>\n\t\t\t\t<\/div>\n\t\t\t\t\t<\/div>\n\t\t<\/div>\n\t\t\t\t\t<\/div>\n\t\t<\/section>\n\t\t<div class=\"mkdf-row-background-text-holder mkdf-row-background-text-front\"><div class=\"mkdf-row-background-text-wrapper\"><div class=\"mkdf-row-background-text-wrapper-inner\" style=\"font-size:180px;vertical-align:middle;padding-left:11.7%\" data-font-size-1440=\"160px\" data-font-size-1280=\"160px\"><div class=\"mkdf-row-background-text-1\">C\u00e9gvezet\u00e9s<\/div><\/div><\/div><\/div><\/div>\t\t<section class=\"elementor-section elementor-top-section elementor-element elementor-element-0c0688a elementor-section-full_width mkdf-elementor-row-grid-section elementor-section-height-default elementor-section-height-default mkdf-parallax-row-no mkdf-content-aligment-left mkdf-disabled-bg-image-bellow-no mkdf-row-btt-light\" data-id=\"0c0688a\" data-element_type=\"section\" data-e-type=\"section\" data-settings=\"{&quot;background_background&quot;:&quot;classic&quot;}\">\n\t\t\t\t\t\t<div class=\"elementor-container elementor-column-gap-default\">\n\t\t\t\t\t<div class=\"elementor-column elementor-col-33 elementor-top-column elementor-element elementor-element-dbddade\" data-id=\"dbddade\" data-element_type=\"column\" data-e-type=\"column\">\n\t\t\t<div class=\"elementor-widget-wrap elementor-element-populated\">\n\t\t\t\t\t\t<div class=\"elementor-element elementor-element-5b3e771 elementor-widget elementor-widget-mkdf_team\" data-id=\"5b3e771\" data-element_type=\"widget\" data-e-type=\"widget\" data-widget_type=\"mkdf_team.default\">\n\t\t\t\t<div class=\"elementor-widget-container\">\n\t\t\t\t\t<div class=\"mkdf-team-holder mkdf-team-info-on-image\">\n\t<div class=\"mkdf-team-inner\">\n\t\t\t\t\t<div class=\"mkdf-team-image\">\n                                    <div class=\"mkdf-team-social-holder\">\n                                    <span class=\"mkdf-team-icon mkdf-team-social-opener\">\n                                        <span class=\"mkdf-icon-shortcode mkdf-normal\">\n                                            <a href=\"#\">\n                                                <span class=\"social_share mkdf-icon-element\"><\/span>\n                                            <\/a>\n                                        <\/span>\n                                    <\/span>\n                                                    <span class=\"mkdf-team-icon\" style=\"color: #FFFFFF\">    <span class=\"mkdf-icon-shortcode mkdf-normal\">\n                    <a class=\"\" href=\"https:\/\/www.facebook.com\" target=\"_blank\">\n                    <span aria-hidden=\"true\" class=\"mkdf-icon-font-elegant social_facebook mkdf-icon-element\"><\/span>                    <\/a>\n            <\/span>\n<\/span>\n                                            <\/div>\n                                <img fetchpriority=\"high\" decoding=\"async\" width=\"361\" height=\"363\" src=\"https:\/\/vilex.hu\/wp-content\/uploads\/2022\/06\/1654598665911.jpeg\" class=\"attachment-full size-full\" alt=\"\" srcset=\"https:\/\/vilex.hu\/wp-content\/uploads\/2022\/06\/1654598665911.jpeg 361w, https:\/\/vilex.hu\/wp-content\/uploads\/2022\/06\/1654598665911-298x300.jpeg 298w, https:\/\/vilex.hu\/wp-content\/uploads\/2022\/06\/1654598665911-150x150.jpeg 150w, https:\/\/vilex.hu\/wp-content\/uploads\/2022\/06\/1654598665911-12x12.jpeg 12w, https:\/\/vilex.hu\/wp-content\/uploads\/2022\/06\/1654598665911-100x100.jpeg 100w\" sizes=\"(max-width: 361px) 100vw, 361px\" \/>\t\t\t\t<div class=\"mkdf-team-social-wrapper\" >\n\t\t\t\t\t<div class=\"mkdf-team-social-outer\">\n\t\t\t\t\t\t<div class=\"mkdf-team-social-inner\" style=\"color: #FFFFFF\">\n                                                            <h6 class=\"mkdf-team-position\" style=\"color: #FFFFFF\">\u00dcgyvezet\u0151 Igazgat\u00f3<\/h6>\n                            \t\t\t\t\t\t\t\t\t\t\t\t\t\t\t<h4 class=\"mkdf-team-name\" style=\"color: #FFFFFF\">Tak\u00e1cs Mikl\u00f3s<\/h4>\n\t\t\t\t\t\t\t\t\t\t\t\t\t\t\t\t\t\t\t\t<\/div>\n\t\t\t\t\t<\/div>\n\t\t\t\t<\/div>\n\t\t\t<\/div>\n\t\t\t<\/div>\n<\/div>\t\t\t\t<\/div>\n\t\t\t\t<\/div>\n\t\t\t\t\t<\/div>\n\t\t<\/div>\n\t\t\t\t<div class=\"elementor-column elementor-col-33 elementor-top-column elementor-element elementor-element-c46b308\" data-id=\"c46b308\" data-element_type=\"column\" data-e-type=\"column\">\n\t\t\t<div class=\"elementor-widget-wrap elementor-element-populated\">\n\t\t\t\t\t\t<div class=\"elementor-element elementor-element-43decfb elementor-widget elementor-widget-mkdf_team\" data-id=\"43decfb\" data-element_type=\"widget\" data-e-type=\"widget\" data-widget_type=\"mkdf_team.default\">\n\t\t\t\t<div class=\"elementor-widget-container\">\n\t\t\t\t\t<div class=\"mkdf-team-holder mkdf-team-info-on-image\">\n\t<div class=\"mkdf-team-inner\">\n\t\t\t\t\t<div class=\"mkdf-team-image\">\n                                    <div class=\"mkdf-team-social-holder\">\n                                    <span class=\"mkdf-team-icon mkdf-team-social-opener\">\n                                        <span class=\"mkdf-icon-shortcode mkdf-normal\">\n                                            <a href=\"#\">\n                                                <span class=\"social_share mkdf-icon-element\"><\/span>\n                                            <\/a>\n                                        <\/span>\n                                    <\/span>\n                                                    <span class=\"mkdf-team-icon\" style=\"color: #FFFFFF\">    <span class=\"mkdf-icon-shortcode mkdf-normal\">\n                    <a class=\"\" href=\"https:\/\/facebook.com\" target=\"_blank\">\n                    <span aria-hidden=\"true\" class=\"mkdf-icon-font-elegant social_facebook mkdf-icon-element\"><\/span>                    <\/a>\n            <\/span>\n<\/span>\n                                            <\/div>\n                                <img decoding=\"async\" width=\"361\" height=\"361\" src=\"https:\/\/vilex.hu\/wp-content\/uploads\/2022\/06\/1654598610403.jpeg\" class=\"attachment-full size-full\" alt=\"\" srcset=\"https:\/\/vilex.hu\/wp-content\/uploads\/2022\/06\/1654598610403.jpeg 361w, https:\/\/vilex.hu\/wp-content\/uploads\/2022\/06\/1654598610403-300x300.jpeg 300w, https:\/\/vilex.hu\/wp-content\/uploads\/2022\/06\/1654598610403-150x150.jpeg 150w, https:\/\/vilex.hu\/wp-content\/uploads\/2022\/06\/1654598610403-12x12.jpeg 12w, https:\/\/vilex.hu\/wp-content\/uploads\/2022\/06\/1654598610403-100x100.jpeg 100w\" sizes=\"(max-width: 361px) 100vw, 361px\" \/>\t\t\t\t<div class=\"mkdf-team-social-wrapper\" >\n\t\t\t\t\t<div class=\"mkdf-team-social-outer\">\n\t\t\t\t\t\t<div class=\"mkdf-team-social-inner\" style=\"color: #FFFFFF\">\n                                                            <h6 class=\"mkdf-team-position\" style=\"color: #FFFFFF\">\u00dcgyvezet\u0151 igazgat\u00f3helyettes<\/h6>\n                            \t\t\t\t\t\t\t\t\t\t\t\t\t\t\t<h4 class=\"mkdf-team-name\" style=\"color: #FFFFFF\">Tak\u00e1cs P\u00e9ter<\/h4>\n\t\t\t\t\t\t\t\t\t\t\t\t\t\t\t\t\t\t\t\t<\/div>\n\t\t\t\t\t<\/div>\n\t\t\t\t<\/div>\n\t\t\t<\/div>\n\t\t\t<\/div>\n<\/div>\t\t\t\t<\/div>\n\t\t\t\t<\/div>\n\t\t\t\t\t<\/div>\n\t\t<\/div>\n\t\t\t\t<div class=\"elementor-column elementor-col-33 elementor-top-column elementor-element elementor-element-904e362\" data-id=\"904e362\" data-element_type=\"column\" data-e-type=\"column\">\n\t\t\t<div class=\"elementor-widget-wrap elementor-element-populated\">\n\t\t\t\t\t\t<div class=\"elementor-element elementor-element-6ab7457 elementor-widget elementor-widget-mkdf_team\" data-id=\"6ab7457\" data-element_type=\"widget\" data-e-type=\"widget\" data-widget_type=\"mkdf_team.default\">\n\t\t\t\t<div class=\"elementor-widget-container\">\n\t\t\t\t\t<div class=\"mkdf-team-holder mkdf-team-info-on-image\">\n\t<div class=\"mkdf-team-inner\">\n\t\t\t\t\t<div class=\"mkdf-team-image\">\n                                    <div class=\"mkdf-team-social-holder\">\n                                    <span class=\"mkdf-team-icon mkdf-team-social-opener\">\n                                        <span class=\"mkdf-icon-shortcode mkdf-normal\">\n                                            <a href=\"#\">\n                                                <span class=\"social_share mkdf-icon-element\"><\/span>\n                                            <\/a>\n                                        <\/span>\n                                    <\/span>\n                                                    <span class=\"mkdf-team-icon\" style=\"color: #FFFFFF\">    <span class=\"mkdf-icon-shortcode mkdf-normal\">\n                    <a class=\"\" href=\"https:\/\/www.facebook.com\" target=\"_blank\">\n                    <span aria-hidden=\"true\" class=\"mkdf-icon-font-elegant social_facebook mkdf-icon-element\"><\/span>                    <\/a>\n            <\/span>\n<\/span>\n                                            <\/div>\n                                <img decoding=\"async\" width=\"359\" height=\"366\" src=\"https:\/\/vilex.hu\/wp-content\/uploads\/2022\/06\/1654598639886.jpeg\" class=\"attachment-full size-full\" alt=\"\" srcset=\"https:\/\/vilex.hu\/wp-content\/uploads\/2022\/06\/1654598639886.jpeg 359w, https:\/\/vilex.hu\/wp-content\/uploads\/2022\/06\/1654598639886-294x300.jpeg 294w, https:\/\/vilex.hu\/wp-content\/uploads\/2022\/06\/1654598639886-12x12.jpeg 12w\" sizes=\"(max-width: 359px) 100vw, 359px\" \/>\t\t\t\t<div class=\"mkdf-team-social-wrapper\" >\n\t\t\t\t\t<div class=\"mkdf-team-social-outer\">\n\t\t\t\t\t\t<div class=\"mkdf-team-social-inner\" style=\"color: #FFFFFF\">\n                                                            <h6 class=\"mkdf-team-position\" style=\"color: #FFFFFF\">\u00dcgyvezet\u0151 igazgat\u00f3helyettes<\/h6>\n                            \t\t\t\t\t\t\t\t\t\t\t\t\t\t\t<h4 class=\"mkdf-team-name\" style=\"color: #FFFFFF\">Tak\u00e1cs D\u00e1niel<\/h4>\n\t\t\t\t\t\t\t\t\t\t\t\t\t\t\t\t\t\t\t\t<\/div>\n\t\t\t\t\t<\/div>\n\t\t\t\t<\/div>\n\t\t\t<\/div>\n\t\t\t<\/div>\n<\/div>\t\t\t\t<\/div>\n\t\t\t\t<\/div>\n\t\t\t\t\t<\/div>\n\t\t<\/div>\n\t\t\t\t\t<\/div>\n\t\t<\/section>\n\t\t\t\t<section class=\"elementor-section elementor-top-section elementor-element elementor-element-8199724 elementor-section-boxed elementor-section-height-default elementor-section-height-default mkdf-parallax-row-no mkdf-content-aligment-left mkdf-elementor-row-grid-no mkdf-disabled-bg-image-bellow-no mkdf-row-btt-light\" data-id=\"8199724\" data-element_type=\"section\" data-e-type=\"section\">\n\t\t\t\t\t\t<div class=\"elementor-container elementor-column-gap-default\">\n\t\t\t\t\t<div class=\"elementor-column elementor-col-100 elementor-top-column elementor-element elementor-element-eab66ce\" data-id=\"eab66ce\" data-element_type=\"column\" data-e-type=\"column\">\n\t\t\t<div class=\"elementor-widget-wrap elementor-element-populated\">\n\t\t\t\t\t\t<div class=\"elementor-element elementor-element-f54ebe2 elementor-widget-divider--view-line elementor-widget elementor-widget-divider\" data-id=\"f54ebe2\" data-element_type=\"widget\" data-e-type=\"widget\" data-widget_type=\"divider.default\">\n\t\t\t\t<div class=\"elementor-widget-container\">\n\t\t\t\t\t\t\t<div class=\"elementor-divider\">\n\t\t\t<span class=\"elementor-divider-separator\">\n\t\t\t\t\t\t<\/span>\n\t\t<\/div>\n\t\t\t\t\t\t<\/div>\n\t\t\t\t<\/div>\n\t\t\t\t\t<\/div>\n\t\t<\/div>\n\t\t\t\t\t<\/div>\n\t\t<\/section>\n\t\t\t\t<section class=\"elementor-section elementor-top-section elementor-element elementor-element-d0554af elementor-section-boxed elementor-section-height-default elementor-section-height-default mkdf-parallax-row-no mkdf-content-aligment-left mkdf-elementor-row-grid-no mkdf-disabled-bg-image-bellow-no mkdf-row-btt-light\" data-id=\"d0554af\" data-element_type=\"section\" data-e-type=\"section\">\n\t\t\t\t\t\t<div class=\"elementor-container elementor-column-gap-default\">\n\t\t\t\t\t<div class=\"elementor-column elementor-col-50 elementor-top-column elementor-element elementor-element-7c1ce9c\" data-id=\"7c1ce9c\" data-element_type=\"column\" data-e-type=\"column\">\n\t\t\t<div class=\"elementor-widget-wrap elementor-element-populated\">\n\t\t\t\t\t\t<div class=\"elementor-element elementor-element-1c2e392 elementor-widget elementor-widget-text-editor\" data-id=\"1c2e392\" data-element_type=\"widget\" data-e-type=\"widget\" data-widget_type=\"text-editor.default\">\n\t\t\t\t<div class=\"elementor-widget-container\">\n\t\t\t\t\t\t\t\t\t<h5>Barany\u00f3 Bal\u00e1zs\u00a0<br \/><span style=\"color: #565969; font-weight: 400; font-size: 18px;\">Munkafelv\u00e9teli \u00fcgyint\u00e9z\u0151<br \/><\/span><span style=\"color: #565969; font-weight: 400; font-size: 18px;\">+36308682535<\/span><\/h5>\t\t\t\t\t\t\t\t<\/div>\n\t\t\t\t<\/div>\n\t\t\t\t\t<\/div>\n\t\t<\/div>\n\t\t\t\t<div class=\"elementor-column elementor-col-50 elementor-top-column elementor-element elementor-element-09ec516\" data-id=\"09ec516\" data-element_type=\"column\" data-e-type=\"column\">\n\t\t\t<div class=\"elementor-widget-wrap elementor-element-populated\">\n\t\t\t\t\t\t<div class=\"elementor-element elementor-element-bbdd06a elementor-widget elementor-widget-text-editor\" data-id=\"bbdd06a\" data-element_type=\"widget\" data-e-type=\"widget\" data-widget_type=\"text-editor.default\">\n\t\t\t\t<div class=\"elementor-widget-container\">\n\t\t\t\t\t\t\t\t\t<h5>Zsiga D\u00e1vid<br \/><span style=\"color: #565969; font-weight: 400; font-size: 18px;\">Rakt\u00e1r \u00e9s logisztikai vezet\u0151<br \/><\/span><span style=\"color: #565969; font-weight: 400; font-size: 18px;\">+36305199316<\/span><\/h5>\t\t\t\t\t\t\t\t<\/div>\n\t\t\t\t<\/div>\n\t\t\t\t\t<\/div>\n\t\t<\/div>\n\t\t\t\t\t<\/div>\n\t\t<\/section>\n\t\t\t\t<section class=\"elementor-section elementor-top-section elementor-element elementor-element-1688311 elementor-section-boxed elementor-section-height-default elementor-section-height-default mkdf-parallax-row-no mkdf-content-aligment-left mkdf-elementor-row-grid-no mkdf-disabled-bg-image-bellow-no mkdf-row-btt-light\" data-id=\"1688311\" data-element_type=\"section\" data-e-type=\"section\">\n\t\t\t\t\t\t<div class=\"elementor-container elementor-column-gap-default\">\n\t\t\t\t\t<div class=\"elementor-column elementor-col-100 elementor-top-column elementor-element elementor-element-187f3cc\" data-id=\"187f3cc\" data-element_type=\"column\" data-e-type=\"column\">\n\t\t\t<div class=\"elementor-widget-wrap elementor-element-populated\">\n\t\t\t\t\t\t<div class=\"elementor-element elementor-element-e05cf7d elementor-widget-divider--view-line elementor-widget elementor-widget-divider\" data-id=\"e05cf7d\" data-element_type=\"widget\" data-e-type=\"widget\" data-widget_type=\"divider.default\">\n\t\t\t\t<div class=\"elementor-widget-container\">\n\t\t\t\t\t\t\t<div class=\"elementor-divider\">\n\t\t\t<span class=\"elementor-divider-separator\">\n\t\t\t\t\t\t<\/span>\n\t\t<\/div>\n\t\t\t\t\t\t<\/div>\n\t\t\t\t<\/div>\n\t\t\t\t\t<\/div>\n\t\t<\/div>\n\t\t\t\t\t<\/div>\n\t\t<\/section>\n\t\t<div class=\"mkdf-elementor-row\" style=\"\">\t\t<section class=\"elementor-section elementor-top-section elementor-element elementor-element-c79da61 mkdf-elementor-row-grid-section elementor-section-boxed elementor-section-height-default elementor-section-height-default mkdf-parallax-row-no mkdf-content-aligment-left mkdf-disabled-bg-image-bellow-no mkdf-row-btt-light\" data-id=\"c79da61\" data-element_type=\"section\" data-e-type=\"section\">\n\t\t\t\t\t\t<div class=\"elementor-container elementor-column-gap-default\">\n\t\t\t\t\t<div class=\"elementor-column elementor-col-100 elementor-top-column elementor-element elementor-element-2aea465\" data-id=\"2aea465\" data-element_type=\"column\" data-e-type=\"column\">\n\t\t\t<div class=\"elementor-widget-wrap elementor-element-populated\">\n\t\t\t\t\t\t<div class=\"elementor-element elementor-element-f5d69e3 elementor-widget elementor-widget-text-editor\" data-id=\"f5d69e3\" data-element_type=\"widget\" data-e-type=\"widget\" data-widget_type=\"text-editor.default\">\n\t\t\t\t<div class=\"elementor-widget-container\">\n\t\t\t\t\t\t\t\t\t<h1>Our team<\/h1>\t\t\t\t\t\t\t\t<\/div>\n\t\t\t\t<\/div>\n\t\t\t\t\t<\/div>\n\t\t<\/div>\n\t\t\t\t\t<\/div>\n\t\t<\/section>\n\t\t<div class=\"mkdf-row-background-text-holder mkdf-row-background-text-front\"><div class=\"mkdf-row-background-text-wrapper\"><div class=\"mkdf-row-background-text-wrapper-inner\" style=\"font-size:180px;vertical-align:middle;padding-left:11.7%\" data-font-size-1440=\"160px\" data-font-size-1280=\"160px\"><div class=\"mkdf-row-background-text-1\">Our team<\/div><\/div><\/div><\/div><\/div>\t\t<section class=\"elementor-section elementor-top-section elementor-element elementor-element-0740c1b elementor-section-boxed elementor-section-height-default elementor-section-height-default mkdf-parallax-row-no mkdf-content-aligment-left mkdf-elementor-row-grid-no mkdf-disabled-bg-image-bellow-no mkdf-row-btt-light\" data-id=\"0740c1b\" data-element_type=\"section\" data-e-type=\"section\">\n\t\t\t\t\t\t<div class=\"elementor-container elementor-column-gap-default\">\n\t\t\t\t\t<div class=\"elementor-column elementor-col-100 elementor-top-column elementor-element elementor-element-24882e1\" data-id=\"24882e1\" data-element_type=\"column\" data-e-type=\"column\">\n\t\t\t<div class=\"elementor-widget-wrap elementor-element-populated\">\n\t\t\t\t\t\t<div class=\"elementor-element elementor-element-607c249 elementor-widget elementor-widget-image\" data-id=\"607c249\" data-element_type=\"widget\" data-e-type=\"widget\" data-widget_type=\"image.default\">\n\t\t\t\t<div class=\"elementor-widget-container\">\n\t\t\t\t\t\t\t\t\t\t\t\t<figure class=\"wp-caption\">\n\t\t\t\t\t\t\t\t\t\t<img loading=\"lazy\" decoding=\"async\" width=\"1300\" height=\"650\" src=\"https:\/\/vilex.hu\/wp-content\/uploads\/2022\/07\/Csapatunk-1300x650.jpg\" class=\"attachment-qi_addons_for_elementor_image_size_landscape size-qi_addons_for_elementor_image_size_landscape wp-image-9835\" alt=\"\" \/>\t\t\t\t\t\t\t\t\t\t\t<figcaption class=\"widget-image-caption wp-caption-text\"><\/figcaption>\n\t\t\t\t\t\t\t\t\t\t<\/figure>\n\t\t\t\t\t\t\t\t\t<\/div>\n\t\t\t\t<\/div>\n\t\t\t\t\t<\/div>\n\t\t<\/div>\n\t\t\t\t\t<\/div>\n\t\t<\/section>\n\t\t\t\t<\/div>","protected":false},"excerpt":{"rendered":"<p>C\u00e9gvezet\u00e9s \u00dcgyvezet\u0151 Igazgat\u00f3 Tak\u00e1cs Mikl\u00f3s \u00dcgyvezet\u0151 igazgat\u00f3helyettes Tak\u00e1cs P\u00e9ter \u00dcgyvezet\u0151 igazgat\u00f3helyettes Tak\u00e1cs D\u00e1niel Barany\u00f3 Bal\u00e1zs\u00a0Munkafelv\u00e9teli \u00fcgyint\u00e9z\u0151+36308682535 Zsiga D\u00e1vidRakt\u00e1r \u00e9s logisztikai vezet\u0151+36305199316 Csapatunk<\/p>","protected":false},"author":1,"featured_media":0,"parent":0,"menu_order":61,"comment_status":"closed","ping_status":"closed","template":"full-width.php","meta":{"footnotes":""},"class_list":["post-1544","page","type-page","status-publish","hentry"],"_links":{"self":[{"href":"https:\/\/vilex.hu\/en\/wp-json\/wp\/v2\/pages\/1544","targetHints":{"allow":["GET"]}}],"collection":[{"href":"https:\/\/vilex.hu\/en\/wp-json\/wp\/v2\/pages"}],"about":[{"href":"https:\/\/vilex.hu\/en\/wp-json\/wp\/v2\/types\/page"}],"author":[{"embeddable":true,"href":"https:\/\/vilex.hu\/en\/wp-json\/wp\/v2\/users\/1"}],"replies":[{"embeddable":true,"href":"https:\/\/vilex.hu\/en\/wp-json\/wp\/v2\/comments?post=1544"}],"version-history":[{"count":86,"href":"https:\/\/vilex.hu\/en\/wp-json\/wp\/v2\/pages\/1544\/revisions"}],"predecessor-version":[{"id":11930,"href":"https:\/\/vilex.hu\/en\/wp-json\/wp\/v2\/pages\/1544\/revisions\/11930"}],"wp:attachment":[{"href":"https:\/\/vilex.hu\/en\/wp-json\/wp\/v2\/media?parent=1544"}],"curies":[{"name":"wp","href":"https:\/\/api.w.org\/{rel}","templated":true}]}}