{"id":1807,"date":"2018-12-18T12:21:41","date_gmt":"2018-12-18T12:21:41","guid":{"rendered":"https:\/\/wilmer.qodeinteractive.com\/elementor\/?page_id=1807"},"modified":"2025-12-13T12:05:40","modified_gmt":"2025-12-13T12:05:40","slug":"kapcsolat","status":"publish","type":"page","link":"https:\/\/vilex.hu\/en\/kapcsolat\/","title":{"rendered":"Contacts"},"content":{"rendered":"<div data-elementor-type=\"wp-page\" data-elementor-id=\"1807\" class=\"elementor elementor-1807\" data-elementor-post-type=\"page\">\n\t\t\t\t\t\t<section class=\"elementor-section elementor-top-section elementor-element elementor-element-e3e81f4 elementor-section-full_width elementor-section-height-default elementor-section-height-default mkdf-parallax-row-no mkdf-content-aligment-left mkdf-elementor-row-grid-no mkdf-disabled-bg-image-bellow-no mkdf-row-btt-light\" data-id=\"e3e81f4\" data-element_type=\"section\" data-e-type=\"section\">\n\t\t\t\t\t\t<div class=\"elementor-container elementor-column-gap-default\">\n\t\t\t\t\t<div class=\"elementor-column elementor-col-100 elementor-top-column elementor-element elementor-element-b2cb312\" data-id=\"b2cb312\" data-element_type=\"column\" data-e-type=\"column\">\n\t\t\t<div class=\"elementor-widget-wrap elementor-element-populated\">\n\t\t\t\t\t\t<div class=\"elementor-element elementor-element-a3225cb elementor-widget elementor-widget-google_maps\" data-id=\"a3225cb\" data-element_type=\"widget\" data-e-type=\"widget\" data-widget_type=\"google_maps.default\">\n\t\t\t\t<div class=\"elementor-widget-container\">\n\t\t\t\t\t\t\t<div class=\"elementor-custom-embed\">\n\t\t\t<iframe loading=\"lazy\"\n\t\t\t\t\tsrc=\"https:\/\/maps.google.com\/maps?q=Vilex%2094%20Kft.%204100%20Beretty%C3%B3%C3%BAjfalu%2C%20Sz%C3%A9chenyi%20u.%2074.&#038;t=m&#038;z=13&#038;output=embed&#038;iwloc=near\"\n\t\t\t\t\ttitle=\"Vilex 94 Kft. 4100 Beretty\u00f3\u00fajfalu, Sz\u00e9chenyi u. 74.\"\n\t\t\t\t\taria-label=\"Vilex 94 Kft. 4100 Beretty\u00f3\u00fajfalu, Sz\u00e9chenyi u. 74.\"\n\t\t\t><\/iframe>\n\t\t<\/div>\n\t\t\t\t\t\t<\/div>\n\t\t\t\t<\/div>\n\t\t\t\t\t<\/div>\n\t\t<\/div>\n\t\t\t\t\t<\/div>\n\t\t<\/section>\n\t\t\t\t<section class=\"elementor-section elementor-top-section elementor-element elementor-element-92373e1 elementor-section-full_width elementor-section-height-default elementor-section-height-default mkdf-parallax-row-no mkdf-content-aligment-left mkdf-elementor-row-grid-no mkdf-disabled-bg-image-bellow-no mkdf-row-btt-light\" data-id=\"92373e1\" data-element_type=\"section\" data-e-type=\"section\">\n\t\t\t\t\t\t<div class=\"elementor-container elementor-column-gap-default\">\n\t\t\t\t\t<div class=\"elementor-column elementor-col-100 elementor-top-column elementor-element elementor-element-8a19d25\" data-id=\"8a19d25\" data-element_type=\"column\" data-e-type=\"column\" data-settings=\"{&quot;background_background&quot;:&quot;classic&quot;}\">\n\t\t\t<div class=\"elementor-widget-wrap elementor-element-populated\">\n\t\t\t\t\t\t<section class=\"elementor-section elementor-inner-section elementor-element elementor-element-697c0a4 elementor-section-boxed elementor-section-height-default elementor-section-height-default mkdf-parallax-row-no mkdf-content-aligment-left mkdf-elementor-row-grid-no mkdf-disabled-bg-image-bellow-no mkdf-row-btt-light\" data-id=\"697c0a4\" data-element_type=\"section\" data-e-type=\"section\">\n\t\t\t\t\t\t<div class=\"elementor-container elementor-column-gap-default\">\n\t\t\t\t\t<div class=\"elementor-column elementor-col-100 elementor-inner-column elementor-element elementor-element-131de54\" data-id=\"131de54\" data-element_type=\"column\" data-e-type=\"column\">\n\t\t\t<div class=\"elementor-widget-wrap elementor-element-populated\">\n\t\t\t\t\t\t<div class=\"elementor-element elementor-element-9526abd elementor-widget elementor-widget-mkdf_section_title\" data-id=\"9526abd\" data-element_type=\"widget\" data-e-type=\"widget\" data-widget_type=\"mkdf_section_title.default\">\n\t\t\t\t<div class=\"elementor-widget-container\">\n\t\t\t\t\t<div class=\"mkdf-section-title-holder  mkdf-st-standard\" >\n\t<div class=\"mkdf-st-inner\">\n        \t\t\t\t\t<h2 class=\"mkdf-st-title\" style=\"color: #FFFFFF\">\n\t\t\t\tContact<br \/> us\t\t\t<\/h2>\n\t\t\t\t\t<\/div>\n<\/div>\t\t\t\t<\/div>\n\t\t\t\t<\/div>\n\t\t\t\t<div class=\"elementor-element elementor-element-19da0bb elementor-widget elementor-widget-text-editor\" data-id=\"19da0bb\" data-element_type=\"widget\" data-e-type=\"widget\" data-widget_type=\"text-editor.default\">\n\t\t\t\t<div class=\"elementor-widget-container\">\n\t\t\t\t\t\t\t\t\t<p><a class=\"mkdf-white-hover\" href=\"https:\/\/www.google.com\/maps\/place\/Vilex\/@47.2112887,21.5517938,18z\/data=!3m1!4b1!4m5!3m4!1s0x4746f8d24a737e8d:0xfcc1ef748a7f52ff!8m2!3d47.2112887!4d21.5528881\" target=\"_blank\" rel=\"noopener\">VILEX 94 Ipari-, Szolg\u00e1ltat\u00f3 \u00e9s Kereskedelmi Kft.<\/a><\/p><p><a href=\"https:\/\/maps.app.goo.gl\/XjNFXSRAo7fDQP7i9\" target=\"_blank\" rel=\"noopener\"><span style=\"color: #7a7a7a;\">4100 Beretty\u00f3\u00fajfalu, Sz\u00e9chenyi u. 74.<\/span><\/a><\/p>\t\t\t\t\t\t\t\t<\/div>\n\t\t\t\t<\/div>\n\t\t\t\t<div class=\"elementor-element elementor-element-b4beb59 elementor-widget elementor-widget-text-editor\" data-id=\"b4beb59\" data-element_type=\"widget\" data-e-type=\"widget\" data-widget_type=\"text-editor.default\">\n\t\t\t\t<div class=\"elementor-widget-container\">\n\t\t\t\t\t\t\t\t\t<p style=\"margin-bottom: 0;\"><span style=\"color: #ffffff;\">Email: <\/span>iroda@vilex.hu<\/p>\t\t\t\t\t\t\t\t<\/div>\n\t\t\t\t<\/div>\n\t\t\t\t<div class=\"elementor-element elementor-element-03566a7 elementor-widget elementor-widget-text-editor\" data-id=\"03566a7\" data-element_type=\"widget\" data-e-type=\"widget\" data-widget_type=\"text-editor.default\">\n\t\t\t\t<div class=\"elementor-widget-container\">\n\t\t\t\t\t\t\t\t\t<p><span style=\"color: #ffffff;\">Phone <\/span><a class=\"mkdf-white-hover\" href=\"tel:+36 54 401 760\">+36 54 401 760 <\/a><\/p>\t\t\t\t\t\t\t\t<\/div>\n\t\t\t\t<\/div>\n\t\t\t\t<div class=\"elementor-element elementor-element-7828e55 elementor-widget elementor-widget-text-editor\" data-id=\"7828e55\" data-element_type=\"widget\" data-e-type=\"widget\" data-widget_type=\"text-editor.default\">\n\t\t\t\t<div class=\"elementor-widget-container\">\n\t\t\t\t\t\t\t\t\t<span style=\"color: #ffffff;\">Munkafelv\u00e9teli \u00fcgyint\u00e9z\u0151: <span style=\"color: #808080;\"><span style=\"color: #7a7a7a;\">Barany\u00f3 Bal\u00e1zs<\/span> <a href=\"tel:+36 30 868 2535\">+36 30 868 2535<\/a><\/span><\/span>\t\t\t\t\t\t\t\t<\/div>\n\t\t\t\t<\/div>\n\t\t\t\t<div class=\"elementor-element elementor-element-61f3259 elementor-widget elementor-widget-text-editor\" data-id=\"61f3259\" data-element_type=\"widget\" data-e-type=\"widget\" data-widget_type=\"text-editor.default\">\n\t\t\t\t<div class=\"elementor-widget-container\">\n\t\t\t\t\t\t\t\t\t<p><span style=\"color: #ffffff;\">\u00c1rukiad\u00e1s-Rakt\u00e1r:<\/span> <span style=\"color: #808080;\"><span style=\"color: #7a7a7a;\">Zsiga D\u00e1vid<\/span> <a href=\"tel:+36 30 519 9316\">+36 30 519 9316<\/a><\/span><\/p>\t\t\t\t\t\t\t\t<\/div>\n\t\t\t\t<\/div>\n\t\t\t\t<div class=\"elementor-element elementor-element-6d78fd3 elementor-widget elementor-widget-text-editor\" data-id=\"6d78fd3\" data-element_type=\"widget\" data-e-type=\"widget\" data-widget_type=\"text-editor.default\">\n\t\t\t\t<div class=\"elementor-widget-container\">\n\t\t\t\t\t\t\t\t\t<h4><span style=\"color: #ffffff;\"><a style=\"color: #ffffff;\">Follow us<\/a><\/span><\/h4>\t\t\t\t\t\t\t\t<\/div>\n\t\t\t\t<\/div>\n\t\t\t\t<div class=\"elementor-element elementor-element-846ea7f elementor-widget__width-auto elementor-widget elementor-widget-mkdf_icon\" data-id=\"846ea7f\" data-element_type=\"widget\" data-e-type=\"widget\" data-widget_type=\"mkdf_icon.default\">\n\t\t\t\t<div class=\"elementor-widget-container\">\n\t\t\t\t\t    <span class=\"mkdf-icon-shortcode mkdf-normal   mkdf-icon-tiny\"  data-hover-color=\"#FF5E14\" data-color=\"#FFFFFF\">\n                    <a itemprop=\"url\" class=\"\" href=\"https:\/\/www.youtube.com\/channel\/UChaa_ns6NWPsbq8mWH2JomQ\" target=\"_blank\">\n                    <span aria-hidden=\"true\" class=\"mkdf-icon-font-elegant social_youtube mkdf-icon-element\" style=\"color: #FFFFFF;font-size:25px\" ><\/span>                    <\/a>\n            <\/span>\n\t\t\t\t<\/div>\n\t\t\t\t<\/div>\n\t\t\t\t<div class=\"elementor-element elementor-element-3cfb379 elementor-widget__width-auto elementor-widget elementor-widget-mkdf_icon\" data-id=\"3cfb379\" data-element_type=\"widget\" data-e-type=\"widget\" data-widget_type=\"mkdf_icon.default\">\n\t\t\t\t<div class=\"elementor-widget-container\">\n\t\t\t\t\t    <span class=\"mkdf-icon-shortcode mkdf-normal   mkdf-icon-tiny\"  data-hover-color=\"#FF5E14\" data-color=\"#FFFFFF\">\n                    <a itemprop=\"url\" class=\"\" href=\"https:\/\/www.facebook.com\/Vilex94Kft\" target=\"_blank\">\n                    <span aria-hidden=\"true\" class=\"mkdf-icon-font-elegant social_facebook mkdf-icon-element\" style=\"color: #FFFFFF;font-size:25px\" ><\/span>                    <\/a>\n            <\/span>\n\t\t\t\t<\/div>\n\t\t\t\t<\/div>\n\t\t\t\t\t<\/div>\n\t\t<\/div>\n\t\t\t\t\t<\/div>\n\t\t<\/section>\n\t\t\t\t\t<\/div>\n\t\t<\/div>\n\t\t\t\t\t<\/div>\n\t\t<\/section>\n\t\t\t\t<\/div>","protected":false},"excerpt":{"rendered":"<p>Vegye fel vel\u00fcnk a kapcsolatot VILEX 94 Ipari-, Szolg\u00e1ltat\u00f3 \u00e9s Kereskedelmi Kft. 4100 Beretty\u00f3\u00fajfalu, Sz\u00e9chenyi u. 74. Email: iroda@vilex.hu Telefon: +36 54 401 760 Munkafelv\u00e9teli \u00fcgyint\u00e9z\u0151: Barany\u00f3 Bal\u00e1zs +36 30 868 2535 \u00c1rukiad\u00e1s-Rakt\u00e1r: Zsiga D\u00e1vid +36 30 519 9316 K\u00f6vessen [&hellip;]<\/p>\n","protected":false},"author":1,"featured_media":0,"parent":0,"menu_order":14,"comment_status":"closed","ping_status":"closed","template":"full-width.php","meta":{"footnotes":""},"class_list":["post-1807","page","type-page","status-publish","hentry"],"_links":{"self":[{"href":"https:\/\/vilex.hu\/en\/wp-json\/wp\/v2\/pages\/1807","targetHints":{"allow":["GET"]}}],"collection":[{"href":"https:\/\/vilex.hu\/en\/wp-json\/wp\/v2\/pages"}],"about":[{"href":"https:\/\/vilex.hu\/en\/wp-json\/wp\/v2\/types\/page"}],"author":[{"embeddable":true,"href":"https:\/\/vilex.hu\/en\/wp-json\/wp\/v2\/users\/1"}],"replies":[{"embeddable":true,"href":"https:\/\/vilex.hu\/en\/wp-json\/wp\/v2\/comments?post=1807"}],"version-history":[{"count":79,"href":"https:\/\/vilex.hu\/en\/wp-json\/wp\/v2\/pages\/1807\/revisions"}],"predecessor-version":[{"id":11948,"href":"https:\/\/vilex.hu\/en\/wp-json\/wp\/v2\/pages\/1807\/revisions\/11948"}],"wp:attachment":[{"href":"https:\/\/vilex.hu\/en\/wp-json\/wp\/v2\/media?parent=1807"}],"curies":[{"name":"wp","href":"https:\/\/api.w.org\/{rel}","templated":true}]}}