{"id":9943,"date":"2022-07-30T14:34:03","date_gmt":"2022-07-30T14:34:03","guid":{"rendered":"https:\/\/vilex.hu\/?page_id=9943"},"modified":"2025-12-13T11:31:31","modified_gmt":"2025-12-13T11:31:31","slug":"geppark","status":"publish","type":"page","link":"https:\/\/vilex.hu\/en\/geppark\/","title":{"rendered":"Machines"},"content":{"rendered":"<div data-elementor-type=\"wp-page\" data-elementor-id=\"9943\" class=\"elementor elementor-9943\" data-elementor-post-type=\"page\">\n\t\t\t\t\t\t<section class=\"elementor-section elementor-top-section elementor-element elementor-element-3726cbd elementor-section-boxed elementor-section-height-default elementor-section-height-default mkdf-parallax-row-no mkdf-content-aligment-left mkdf-elementor-row-grid-no mkdf-disabled-bg-image-bellow-no mkdf-row-btt-light\" data-id=\"3726cbd\" data-element_type=\"section\" data-e-type=\"section\">\n\t\t\t\t\t\t<div class=\"elementor-container elementor-column-gap-default\">\n\t\t\t\t\t<div class=\"elementor-column elementor-col-100 elementor-top-column elementor-element elementor-element-ec215ae\" data-id=\"ec215ae\" data-element_type=\"column\" data-e-type=\"column\">\n\t\t\t<div class=\"elementor-widget-wrap elementor-element-populated\">\n\t\t\t\t\t\t<div class=\"elementor-element elementor-element-c4e828c elementor-widget elementor-widget-text-editor\" data-id=\"c4e828c\" data-element_type=\"widget\" data-e-type=\"widget\" data-widget_type=\"text-editor.default\">\n\t\t\t\t<div class=\"elementor-widget-container\">\n\t\t\t\t\t\t\t\t\t<ul><li><b>CNC plasma cutter <\/b><ul><li>Microstep PLS 6001.20P+CH500P<\/li><\/ul><\/li><\/ul><ul><li><b>Metal Sheet cutters <\/b><ul><li>HACO HSC 3020 hydraulic shears<\/li><li>Durma VS3020 hydraulic shears<\/li><li>GLG 3000 hydraulic shears<\/li><\/ul><\/li><\/ul><ul><li><b>Profile cutters <\/b><ul><li>OP mechanical cutter<\/li><\/ul><\/li><\/ul><ul><li><b>Steel band saw <\/b><ul><li>Bomar 610.440 DGH<\/li><li>Bomar STG-220<\/li><li>Bomar STG-230<\/li><li>Kasto U6000<\/li><\/ul><\/li><\/ul><ul><li><b>CNC Edge Benders <\/b><ul><li>Trumpf Trubend 5230 hidraulikus \u00e9lhajl\u00edt\u00f3<\/li><li>Metalkraft GBP PLUS 30135<\/li><\/ul><\/li><\/ul><ul><li><b>Pressing machine <\/b><ul><li>AGY-YE-SS press<\/li><\/ul><\/li><\/ul><ul><li><b>Pipe and profile bender <\/b><ul><li>Jutec 6000D<\/li><li>Mackma BM100E<\/li><li>Metalkraft PRM100FH<\/li><\/ul><\/li><\/ul><ul><li><b>Pipe reducer <\/b><ul><li>D-Hydro<\/li><\/ul><\/li><\/ul><ul><li><b>Roller <\/b><ul><li>Durma MRB 2004<\/li><li>Durma HRB-4 3008<\/li><\/ul><\/li><\/ul><ul><li><b>Grinding machine <\/b><ul><li>Impact sander<\/li><li>Belt sander<\/li><\/ul><\/li><\/ul><ul><li><b>Welding <\/b><ul><li>Manual flame welder<\/li><li>WeldImpex MIG-280 CO shielded arc welder<\/li><li>WeldImpex MIG-320 CO shielded arc welder<\/li><li>Tetrix XQ 300 puls AC\/DC Comfort 3.0 8P hegeszt\u0151 berendez\u00e9s + tigSpeed oscillation drive 45 hotwire huzal el\u0151tol\u00f3 egys\u00e9g \u00e9s tartoz\u00e9kai<\/li><li>Fronius FK-4000 shielded arc welder<\/li><li>EWM Phoenix 451Progress plus MM FDW shielded gas pulse welder<\/li><\/ul><\/li><\/ul><ul><li><b>Precision radial drilling machine <\/b><ul><li>Bernardo RD 1200 Vario<\/li><\/ul><\/li><\/ul><ul><li><b>S\u00edkk\u00f6sz\u00f6r\u0171 <\/b><ul><li>Jotes TYP SPD-30b<\/li><\/ul><\/li><\/ul><ul><li><b>Menetf\u00far\u00e1s <\/b><ul><li>Metallkraft Elektromos menetf\u00far\u00f3 g\u00e9p GS 1201-36 E B<\/li><li>M6, M8, M10, M12, M14, M16, M18, M20, M22-24 menetf\u00far\u00e1s<\/li><\/ul><\/li><\/ul><ul><li><b>OPTIMUM F\u00far\u00f3\u00e9lez\u0151 k\u00f6sz\u00f6r\u0171g\u00e9p GH-15 T <\/b><ul><li>K\u00f6sz\u00f6r\u00fcl\u00e9si kapacit\u00e1s (f\u00far\u00f3) \u00d8 3 mm &#8211; \u00d8 30 mm<\/li><\/ul><\/li><\/ul>\t\t\t\t\t\t\t\t<\/div>\n\t\t\t\t<\/div>\n\t\t\t\t\t<\/div>\n\t\t<\/div>\n\t\t\t\t\t<\/div>\n\t\t<\/section>\n\t\t\t\t<\/div>","protected":false},"excerpt":{"rendered":"<p>CNC plazmav\u00e1g\u00f3 Microstep PLS 6001.20P+CH500P Lemezdarabol\u00f3k HACO HSC 3020 hidraulikus lemezoll\u00f3 Durma VS3020\u00a0hidraulikus lemezoll\u00f3 GLG 3000 hidraulikus lemezoll\u00f3 Profildarabol\u00f3k OP egyetemes mechanikus darabol\u00f3 Szalagf\u0171r\u00e9sz Bomar 610.440 DGH Bomar STG-220 Bomar STG-230 Kasto U6000 CNC \u00c9lhajl\u00edt\u00f3k Trumpf Trubend 5230 hidraulikus \u00e9lhajl\u00edt\u00f3 [&hellip;]<\/p>\n","protected":false},"author":1,"featured_media":0,"parent":0,"menu_order":21,"comment_status":"closed","ping_status":"closed","template":"","meta":{"footnotes":""},"class_list":["post-9943","page","type-page","status-publish","hentry"],"_links":{"self":[{"href":"https:\/\/vilex.hu\/en\/wp-json\/wp\/v2\/pages\/9943","targetHints":{"allow":["GET"]}}],"collection":[{"href":"https:\/\/vilex.hu\/en\/wp-json\/wp\/v2\/pages"}],"about":[{"href":"https:\/\/vilex.hu\/en\/wp-json\/wp\/v2\/types\/page"}],"author":[{"embeddable":true,"href":"https:\/\/vilex.hu\/en\/wp-json\/wp\/v2\/users\/1"}],"replies":[{"embeddable":true,"href":"https:\/\/vilex.hu\/en\/wp-json\/wp\/v2\/comments?post=9943"}],"version-history":[{"count":52,"href":"https:\/\/vilex.hu\/en\/wp-json\/wp\/v2\/pages\/9943\/revisions"}],"predecessor-version":[{"id":11945,"href":"https:\/\/vilex.hu\/en\/wp-json\/wp\/v2\/pages\/9943\/revisions\/11945"}],"wp:attachment":[{"href":"https:\/\/vilex.hu\/en\/wp-json\/wp\/v2\/media?parent=9943"}],"curies":[{"name":"wp","href":"https:\/\/api.w.org\/{rel}","templated":true}]}}