{"id":10112,"date":"2022-09-13T10:28:10","date_gmt":"2022-09-13T10:28:10","guid":{"rendered":"https:\/\/vilex.hu\/?post_type=product&#038;p=10112"},"modified":"2023-04-05T06:59:59","modified_gmt":"2023-04-05T06:59:59","slug":"egysiku-kereszttarto","status":"publish","type":"product","link":"https:\/\/vilex.hu\/en\/shop\/elektromoshalozat\/kereszttartok\/egysiku-kereszttarto\/","title":{"rendered":"Egys\u00edk\u00fa kereszttart\u00f3 20-7-013"},"content":{"rendered":"","protected":false},"excerpt":{"rendered":"<p>Egys\u00edk\u00fa kereszttart\u00f3<\/p>\n<p>V\u00c1T-H 20-7-013<\/p>\n<p>K\u00fcl\u00f6nb\u00f6z\u0151 furat\u00e1tm\u00e9r\u0151kkel:<\/p>\n<ul>\n<li>\u00f822 furattal\u00a0 \u00a0 Opus Tit\u00e1sz cikksz\u00e1m : 10000687<\/li>\n<li>\u00f827 furattal<\/li>\n<\/ul>\n<p>Term\u00e9k s\u00falya : 18,2kg<\/p>\n<p>Fel\u00fcletkezel\u00e9s: T\u0171zi horganyz\u00e1s<\/p>","protected":false},"featured_media":10115,"comment_status":"closed","ping_status":"closed","template":"","meta":[],"product_brand":[],"product_cat":[122],"product_tag":[],"class_list":{"0":"post-10112","1":"product","2":"type-product","3":"status-publish","4":"has-post-thumbnail","6":"product_cat-kereszttartok","8":"first","9":"instock","10":"shipping-taxable","11":"product-type-simple"},"_links":{"self":[{"href":"https:\/\/vilex.hu\/en\/wp-json\/wp\/v2\/product\/10112","targetHints":{"allow":["GET"]}}],"collection":[{"href":"https:\/\/vilex.hu\/en\/wp-json\/wp\/v2\/product"}],"about":[{"href":"https:\/\/vilex.hu\/en\/wp-json\/wp\/v2\/types\/product"}],"replies":[{"embeddable":true,"href":"https:\/\/vilex.hu\/en\/wp-json\/wp\/v2\/comments?post=10112"}],"wp:featuredmedia":[{"embeddable":true,"href":"https:\/\/vilex.hu\/en\/wp-json\/wp\/v2\/media\/10115"}],"wp:attachment":[{"href":"https:\/\/vilex.hu\/en\/wp-json\/wp\/v2\/media?parent=10112"}],"wp:term":[{"taxonomy":"product_brand","embeddable":true,"href":"https:\/\/vilex.hu\/en\/wp-json\/wp\/v2\/product_brand?post=10112"},{"taxonomy":"product_cat","embeddable":true,"href":"https:\/\/vilex.hu\/en\/wp-json\/wp\/v2\/product_cat?post=10112"},{"taxonomy":"product_tag","embeddable":true,"href":"https:\/\/vilex.hu\/en\/wp-json\/wp\/v2\/product_tag?post=10112"}],"curies":[{"name":"wp","href":"https:\/\/api.w.org\/{rel}","templated":true}]}}