{"id":10128,"date":"2022-09-13T10:49:09","date_gmt":"2022-09-13T10:49:09","guid":{"rendered":"https:\/\/vilex.hu\/?post_type=product&#038;p=10128"},"modified":"2023-04-05T07:07:12","modified_gmt":"2023-04-05T07:07:12","slug":"feszito-kereszttarto-3","status":"publish","type":"product","link":"https:\/\/vilex.hu\/en\/shop\/elektromoshalozat\/kereszttartok\/feszito-kereszttarto-3\/","title":{"rendered":"Fesz\u00edt\u0151 kereszttart\u00f3 20-7-084"},"content":{"rendered":"","protected":false},"excerpt":{"rendered":"<p>Fesz\u00edt\u0151 kereszttart\u00f3, 35 \u00e9s 45 kN cs\u00facsh\u00faz\u00e1s\u00fa p\u00f6rgetett vasbeton oszlopokra.<\/p>\n<p>V\u00c1T-H 20-7-084<\/p>\n<p>Opus Tit\u00e1sz cikksz\u00e1m : 10001901<\/p>\n<p>Term\u00e9k s\u00falya : 65kg<\/p>\n<p>Fel\u00fcletkezel\u00e9s: T\u0171zi horganyz\u00e1s<\/p>","protected":false},"featured_media":10131,"comment_status":"closed","ping_status":"closed","template":"","meta":[],"product_brand":[],"product_cat":[122],"product_tag":[],"class_list":{"0":"post-10128","1":"product","2":"type-product","3":"status-publish","4":"has-post-thumbnail","6":"product_cat-kereszttartok","8":"first","9":"instock","10":"shipping-taxable","11":"product-type-simple"},"_links":{"self":[{"href":"https:\/\/vilex.hu\/en\/wp-json\/wp\/v2\/product\/10128","targetHints":{"allow":["GET"]}}],"collection":[{"href":"https:\/\/vilex.hu\/en\/wp-json\/wp\/v2\/product"}],"about":[{"href":"https:\/\/vilex.hu\/en\/wp-json\/wp\/v2\/types\/product"}],"replies":[{"embeddable":true,"href":"https:\/\/vilex.hu\/en\/wp-json\/wp\/v2\/comments?post=10128"}],"wp:featuredmedia":[{"embeddable":true,"href":"https:\/\/vilex.hu\/en\/wp-json\/wp\/v2\/media\/10131"}],"wp:attachment":[{"href":"https:\/\/vilex.hu\/en\/wp-json\/wp\/v2\/media?parent=10128"}],"wp:term":[{"taxonomy":"product_brand","embeddable":true,"href":"https:\/\/vilex.hu\/en\/wp-json\/wp\/v2\/product_brand?post=10128"},{"taxonomy":"product_cat","embeddable":true,"href":"https:\/\/vilex.hu\/en\/wp-json\/wp\/v2\/product_cat?post=10128"},{"taxonomy":"product_tag","embeddable":true,"href":"https:\/\/vilex.hu\/en\/wp-json\/wp\/v2\/product_tag?post=10128"}],"curies":[{"name":"wp","href":"https:\/\/api.w.org\/{rel}","templated":true}]}}