{"id":10188,"date":"2022-09-13T13:10:59","date_gmt":"2022-09-13T13:10:59","guid":{"rendered":"https:\/\/vilex.hu\/?post_type=product&#038;p=10188"},"modified":"2023-04-05T08:49:41","modified_gmt":"2023-04-05T08:49:41","slug":"feszito-kereszttarto-2-70032-a","status":"publish","type":"product","link":"https:\/\/vilex.hu\/en\/shop\/elektromoshalozat\/kereszttartok\/feszito-kereszttarto-2-70032-a\/","title":{"rendered":"Fesz\u00edt\u0151 kereszttart\u00f3 D22 2-70032\/A"},"content":{"rendered":"","protected":false},"excerpt":{"rendered":"<p>K\u00f6z\u00e9pfesz\u00fclts\u00e9g\u0171 szabadvezet\u00e9k h\u00e1l\u00f3zat, keresztart\u00f3 V-1850-4550 jel\u0171 oszlopokra.<\/p>\n<p>V\u00c1T-H 2-70032\/A<\/p>\n<p>Opus Tit\u00e1sz cikksz\u00e1m: 10000705<\/p>\n<p>Term\u00e9k s\u00falya : 105,85kg<\/p>\n<p>Fel\u00fcletkezel\u00e9s: T\u0171zi horganyz\u00e1s<\/p>","protected":false},"featured_media":10190,"comment_status":"closed","ping_status":"closed","template":"","meta":[],"product_brand":[],"product_cat":[122],"product_tag":[],"class_list":{"0":"post-10188","1":"product","2":"type-product","3":"status-publish","4":"has-post-thumbnail","6":"product_cat-kereszttartok","8":"first","9":"instock","10":"shipping-taxable","11":"product-type-simple"},"_links":{"self":[{"href":"https:\/\/vilex.hu\/en\/wp-json\/wp\/v2\/product\/10188","targetHints":{"allow":["GET"]}}],"collection":[{"href":"https:\/\/vilex.hu\/en\/wp-json\/wp\/v2\/product"}],"about":[{"href":"https:\/\/vilex.hu\/en\/wp-json\/wp\/v2\/types\/product"}],"replies":[{"embeddable":true,"href":"https:\/\/vilex.hu\/en\/wp-json\/wp\/v2\/comments?post=10188"}],"wp:featuredmedia":[{"embeddable":true,"href":"https:\/\/vilex.hu\/en\/wp-json\/wp\/v2\/media\/10190"}],"wp:attachment":[{"href":"https:\/\/vilex.hu\/en\/wp-json\/wp\/v2\/media?parent=10188"}],"wp:term":[{"taxonomy":"product_brand","embeddable":true,"href":"https:\/\/vilex.hu\/en\/wp-json\/wp\/v2\/product_brand?post=10188"},{"taxonomy":"product_cat","embeddable":true,"href":"https:\/\/vilex.hu\/en\/wp-json\/wp\/v2\/product_cat?post=10188"},{"taxonomy":"product_tag","embeddable":true,"href":"https:\/\/vilex.hu\/en\/wp-json\/wp\/v2\/product_tag?post=10188"}],"curies":[{"name":"wp","href":"https:\/\/api.w.org\/{rel}","templated":true}]}}