{"id":10261,"date":"2022-09-15T09:12:42","date_gmt":"2022-09-15T09:12:42","guid":{"rendered":"https:\/\/vilex.hu\/?post_type=product&#038;p=10261"},"modified":"2023-03-31T09:54:17","modified_gmt":"2023-03-31T09:54:17","slug":"biztosito-felerosito-elem-3-7-006-2","status":"publish","type":"product","link":"https:\/\/vilex.hu\/en\/shop\/elektromoshalozat\/felerosito-elem\/biztosito-felerosito-elem-3-7-006-2\/","title":{"rendered":"Biztos\u00edt\u00f3 feler\u0151s\u00edt\u0151 elem-3-7-006\/2"},"content":{"rendered":"","protected":false},"excerpt":{"rendered":"<p>Biztos\u00edt\u00f3 tart\u00f3 h\u00e1tvas<\/p>\n<p>V\u00c1T-H 3-7-006\/2<\/p>\n<p>Opus Tit\u00e1sz cikksz\u00e1m : 10000738<\/p>\n<p>SzKaf feler\u0151s\u00edt\u0151 elemek<\/p>\n<p>Term\u00e9k s\u00falya : 1,7kg<\/p>\n<p>Fel\u00fcletkezel\u00e9s: T\u0171zi horganyz\u00e1s<\/p>","protected":false},"featured_media":10263,"comment_status":"closed","ping_status":"closed","template":"","meta":[],"product_brand":[],"product_cat":[123],"product_tag":[],"class_list":{"0":"post-10261","1":"product","2":"type-product","3":"status-publish","4":"has-post-thumbnail","6":"product_cat-felerosito-elem","8":"first","9":"instock","10":"shipping-taxable","11":"product-type-simple"},"_links":{"self":[{"href":"https:\/\/vilex.hu\/en\/wp-json\/wp\/v2\/product\/10261","targetHints":{"allow":["GET"]}}],"collection":[{"href":"https:\/\/vilex.hu\/en\/wp-json\/wp\/v2\/product"}],"about":[{"href":"https:\/\/vilex.hu\/en\/wp-json\/wp\/v2\/types\/product"}],"replies":[{"embeddable":true,"href":"https:\/\/vilex.hu\/en\/wp-json\/wp\/v2\/comments?post=10261"}],"wp:featuredmedia":[{"embeddable":true,"href":"https:\/\/vilex.hu\/en\/wp-json\/wp\/v2\/media\/10263"}],"wp:attachment":[{"href":"https:\/\/vilex.hu\/en\/wp-json\/wp\/v2\/media?parent=10261"}],"wp:term":[{"taxonomy":"product_brand","embeddable":true,"href":"https:\/\/vilex.hu\/en\/wp-json\/wp\/v2\/product_brand?post=10261"},{"taxonomy":"product_cat","embeddable":true,"href":"https:\/\/vilex.hu\/en\/wp-json\/wp\/v2\/product_cat?post=10261"},{"taxonomy":"product_tag","embeddable":true,"href":"https:\/\/vilex.hu\/en\/wp-json\/wp\/v2\/product_tag?post=10261"}],"curies":[{"name":"wp","href":"https:\/\/api.w.org\/{rel}","templated":true}]}}