{"id":10299,"date":"2022-09-15T11:47:20","date_gmt":"2022-09-15T11:47:20","guid":{"rendered":"https:\/\/vilex.hu\/?post_type=product&#038;p=10299"},"modified":"2023-04-03T06:22:54","modified_gmt":"2023-04-03T06:22:54","slug":"felerosito-elem-20-7-015-3","status":"publish","type":"product","link":"https:\/\/vilex.hu\/en\/shop\/elektromoshalozat\/felerosito-elem\/felerosito-elem-20-7-015-3\/","title":{"rendered":"Feler\u0151s\u00edt\u0151 elem 20-7-015\/3"},"content":{"rendered":"","protected":false},"excerpt":{"rendered":"<p>Feler\u0151s\u00edt\u0151 elemek<\/p>\n<p>V\u00c1T-H 20-7-015<\/p>\n<p>Opus Tit\u00e1sz cikksz\u00e1m : &#8211;<\/p>\n<p>B-jel\u0171 oszlopokra<\/p>\n<p>Term\u00e9k s\u00falya : 1,7kg<\/p>\n<p>Fel\u00fcletkezel\u00e9s: T\u0171zi horganyz\u00e1s<\/p>","protected":false},"featured_media":10301,"comment_status":"closed","ping_status":"closed","template":"","meta":[],"product_brand":[],"product_cat":[123],"product_tag":[],"class_list":{"0":"post-10299","1":"product","2":"type-product","3":"status-publish","4":"has-post-thumbnail","6":"product_cat-felerosito-elem","8":"first","9":"instock","10":"shipping-taxable","11":"product-type-simple"},"_links":{"self":[{"href":"https:\/\/vilex.hu\/en\/wp-json\/wp\/v2\/product\/10299","targetHints":{"allow":["GET"]}}],"collection":[{"href":"https:\/\/vilex.hu\/en\/wp-json\/wp\/v2\/product"}],"about":[{"href":"https:\/\/vilex.hu\/en\/wp-json\/wp\/v2\/types\/product"}],"replies":[{"embeddable":true,"href":"https:\/\/vilex.hu\/en\/wp-json\/wp\/v2\/comments?post=10299"}],"wp:featuredmedia":[{"embeddable":true,"href":"https:\/\/vilex.hu\/en\/wp-json\/wp\/v2\/media\/10301"}],"wp:attachment":[{"href":"https:\/\/vilex.hu\/en\/wp-json\/wp\/v2\/media?parent=10299"}],"wp:term":[{"taxonomy":"product_brand","embeddable":true,"href":"https:\/\/vilex.hu\/en\/wp-json\/wp\/v2\/product_brand?post=10299"},{"taxonomy":"product_cat","embeddable":true,"href":"https:\/\/vilex.hu\/en\/wp-json\/wp\/v2\/product_cat?post=10299"},{"taxonomy":"product_tag","embeddable":true,"href":"https:\/\/vilex.hu\/en\/wp-json\/wp\/v2\/product_tag?post=10299"}],"curies":[{"name":"wp","href":"https:\/\/api.w.org\/{rel}","templated":true}]}}