{"id":10370,"date":"2022-09-16T05:33:29","date_gmt":"2022-09-16T05:33:29","guid":{"rendered":"https:\/\/vilex.hu\/?post_type=product&#038;p=10370"},"modified":"2023-02-15T09:24:18","modified_gmt":"2023-02-15T09:24:18","slug":"felerosito-elem-2-70122-1","status":"publish","type":"product","link":"https:\/\/vilex.hu\/en\/shop\/elektromoshalozat\/felerosito-elem\/felerosito-elem-2-70122-1\/","title":{"rendered":"Feler\u0151s\u00edt\u0151 elem 2-70122\/1"},"content":{"rendered":"","protected":false},"excerpt":{"rendered":"<p>K\u00f6z\u00e9pfesz\u00fclts\u00e9g\u0171 szabadvezet\u00e9k h\u00e1l\u00f3zat<\/p>\n<p>V\u00c1T-H 2-70122<\/p>\n<p>Opus Tit\u00e1sz cikksz\u00e1m : 1300104577<\/p>\n<p>Feler\u0151s\u00edt\u0151 elemek<\/p>\n<p>Fel\u00fcletkezel\u00e9s: T\u0171zi horganyz\u00e1s<\/p>","protected":false},"featured_media":10372,"comment_status":"closed","ping_status":"closed","template":"","meta":[],"product_brand":[],"product_cat":[123],"product_tag":[],"class_list":{"0":"post-10370","1":"product","2":"type-product","3":"status-publish","4":"has-post-thumbnail","6":"product_cat-felerosito-elem","8":"first","9":"instock","10":"shipping-taxable","11":"product-type-simple"},"_links":{"self":[{"href":"https:\/\/vilex.hu\/en\/wp-json\/wp\/v2\/product\/10370","targetHints":{"allow":["GET"]}}],"collection":[{"href":"https:\/\/vilex.hu\/en\/wp-json\/wp\/v2\/product"}],"about":[{"href":"https:\/\/vilex.hu\/en\/wp-json\/wp\/v2\/types\/product"}],"replies":[{"embeddable":true,"href":"https:\/\/vilex.hu\/en\/wp-json\/wp\/v2\/comments?post=10370"}],"wp:featuredmedia":[{"embeddable":true,"href":"https:\/\/vilex.hu\/en\/wp-json\/wp\/v2\/media\/10372"}],"wp:attachment":[{"href":"https:\/\/vilex.hu\/en\/wp-json\/wp\/v2\/media?parent=10370"}],"wp:term":[{"taxonomy":"product_brand","embeddable":true,"href":"https:\/\/vilex.hu\/en\/wp-json\/wp\/v2\/product_brand?post=10370"},{"taxonomy":"product_cat","embeddable":true,"href":"https:\/\/vilex.hu\/en\/wp-json\/wp\/v2\/product_cat?post=10370"},{"taxonomy":"product_tag","embeddable":true,"href":"https:\/\/vilex.hu\/en\/wp-json\/wp\/v2\/product_tag?post=10370"}],"curies":[{"name":"wp","href":"https:\/\/api.w.org\/{rel}","templated":true}]}}