{"id":10411,"date":"2022-09-16T07:08:43","date_gmt":"2022-09-16T07:08:43","guid":{"rendered":"https:\/\/vilex.hu\/?post_type=product&#038;p=10411"},"modified":"2023-04-03T07:00:56","modified_gmt":"2023-04-03T07:00:56","slug":"felerosito-elem-b-bt-bk-4-30013-1","status":"publish","type":"product","link":"https:\/\/vilex.hu\/en\/shop\/elektromoshalozat\/felerosito-elem\/felerosito-elem-b-bt-bk-4-30013-1\/","title":{"rendered":"Feler\u0151s\u00edt\u0151 elem B-BT-BK 4-30013\/1"},"content":{"rendered":"","protected":false},"excerpt":{"rendered":"<p>Kisfesz\u00fclts\u00e9g\u0171 szabadvezet\u00e9k h\u00e1l\u00f3zat<\/p>\n<p>V\u00c1T-H 4-30013<\/p>\n<p>Opus Tit\u00e1sz cikksz\u00e1m : 10000565<\/p>\n<p>Kereszttart\u00f3t feler\u0151s\u00edt\u0151 vasszerkezet<\/p>\n<p>B, BT \u00e9s BK &#8211; jel\u0171 200 \u00e9s 400 kp cs\u00facsh\u00faz\u00e1s\u00fa oszlopokhoz<\/p>\n<p>Term\u00e9k s\u00falya : 1,13kg<\/p>\n<p>Fel\u00fcletkezel\u00e9s: T\u0171zi horganyz\u00e1s<\/p>","protected":false},"featured_media":10413,"comment_status":"closed","ping_status":"closed","template":"","meta":[],"product_brand":[],"product_cat":[123],"product_tag":[],"class_list":{"0":"post-10411","1":"product","2":"type-product","3":"status-publish","4":"has-post-thumbnail","6":"product_cat-felerosito-elem","8":"first","9":"instock","10":"shipping-taxable","11":"product-type-simple"},"_links":{"self":[{"href":"https:\/\/vilex.hu\/en\/wp-json\/wp\/v2\/product\/10411","targetHints":{"allow":["GET"]}}],"collection":[{"href":"https:\/\/vilex.hu\/en\/wp-json\/wp\/v2\/product"}],"about":[{"href":"https:\/\/vilex.hu\/en\/wp-json\/wp\/v2\/types\/product"}],"replies":[{"embeddable":true,"href":"https:\/\/vilex.hu\/en\/wp-json\/wp\/v2\/comments?post=10411"}],"wp:featuredmedia":[{"embeddable":true,"href":"https:\/\/vilex.hu\/en\/wp-json\/wp\/v2\/media\/10413"}],"wp:attachment":[{"href":"https:\/\/vilex.hu\/en\/wp-json\/wp\/v2\/media?parent=10411"}],"wp:term":[{"taxonomy":"product_brand","embeddable":true,"href":"https:\/\/vilex.hu\/en\/wp-json\/wp\/v2\/product_brand?post=10411"},{"taxonomy":"product_cat","embeddable":true,"href":"https:\/\/vilex.hu\/en\/wp-json\/wp\/v2\/product_cat?post=10411"},{"taxonomy":"product_tag","embeddable":true,"href":"https:\/\/vilex.hu\/en\/wp-json\/wp\/v2\/product_tag?post=10411"}],"curies":[{"name":"wp","href":"https:\/\/api.w.org\/{rel}","templated":true}]}}