{"id":10429,"date":"2022-09-16T08:32:29","date_gmt":"2022-09-16T08:32:29","guid":{"rendered":"https:\/\/vilex.hu\/?post_type=product&#038;p=10429"},"modified":"2023-03-31T12:41:27","modified_gmt":"2023-03-31T12:41:27","slug":"felerosito-elem-porgetett-vasbeton-oszlophoz-20-7-083","status":"publish","type":"product","link":"https:\/\/vilex.hu\/en\/shop\/elektromoshalozat\/felerosito-elem\/felerosito-elem-porgetett-vasbeton-oszlophoz-20-7-083\/","title":{"rendered":"Feler\u0151s\u00edt\u0151 elem P\u00f6rgetett vasbeton oszlophoz 20-7-083"},"content":{"rendered":"","protected":false},"excerpt":{"rendered":"<p>Feler\u0151s\u00edt\u0151 elem<\/p>\n<p>V\u00c1T-H 20-7-083<\/p>\n<p>Opus Tit\u00e1sz cikksz\u00e1m : 10001847<\/p>\n<p>35 \u00e9s 45 kN cs\u00facsh\u00faz\u00e1s\u00fa p\u00f6rgetett vasbeton oszlopokra<\/p>\n<p>Term\u00e9k s\u00falya : 7,9kg<\/p>\n<p>Fel\u00fcletkezel\u00e9s: T\u0171zi horganyz\u00e1s<\/p>","protected":false},"featured_media":10431,"comment_status":"closed","ping_status":"closed","template":"","meta":[],"product_brand":[],"product_cat":[123],"product_tag":[],"class_list":{"0":"post-10429","1":"product","2":"type-product","3":"status-publish","4":"has-post-thumbnail","6":"product_cat-felerosito-elem","8":"first","9":"instock","10":"shipping-taxable","11":"product-type-simple"},"_links":{"self":[{"href":"https:\/\/vilex.hu\/en\/wp-json\/wp\/v2\/product\/10429","targetHints":{"allow":["GET"]}}],"collection":[{"href":"https:\/\/vilex.hu\/en\/wp-json\/wp\/v2\/product"}],"about":[{"href":"https:\/\/vilex.hu\/en\/wp-json\/wp\/v2\/types\/product"}],"replies":[{"embeddable":true,"href":"https:\/\/vilex.hu\/en\/wp-json\/wp\/v2\/comments?post=10429"}],"wp:featuredmedia":[{"embeddable":true,"href":"https:\/\/vilex.hu\/en\/wp-json\/wp\/v2\/media\/10431"}],"wp:attachment":[{"href":"https:\/\/vilex.hu\/en\/wp-json\/wp\/v2\/media?parent=10429"}],"wp:term":[{"taxonomy":"product_brand","embeddable":true,"href":"https:\/\/vilex.hu\/en\/wp-json\/wp\/v2\/product_brand?post=10429"},{"taxonomy":"product_cat","embeddable":true,"href":"https:\/\/vilex.hu\/en\/wp-json\/wp\/v2\/product_cat?post=10429"},{"taxonomy":"product_tag","embeddable":true,"href":"https:\/\/vilex.hu\/en\/wp-json\/wp\/v2\/product_tag?post=10429"}],"curies":[{"name":"wp","href":"https:\/\/api.w.org\/{rel}","templated":true}]}}