{"id":10438,"date":"2022-09-16T08:50:23","date_gmt":"2022-09-16T08:50:23","guid":{"rendered":"https:\/\/vilex.hu\/?post_type=product&#038;p=10438"},"modified":"2023-03-31T12:13:07","modified_gmt":"2023-03-31T12:13:07","slug":"hajtas-felerosito-elem-20-7-017","status":"publish","type":"product","link":"https:\/\/vilex.hu\/en\/shop\/elektromoshalozat\/felerosito-elem\/hajtas-felerosito-elem-20-7-017\/","title":{"rendered":"Hajt\u00e1s feler\u0151s\u00edt\u0151 elem 20-7-017"},"content":{"rendered":"","protected":false},"excerpt":{"rendered":"<p>Hajt\u00e1s feler\u0151s\u00edt\u0151 elem<\/p>\n<p>V\u00c1T-H 20-7-017<\/p>\n<p>Opus Tit\u00e1sz cikksz\u00e1m : 10000647<\/p>\n<p>B \u00e9s BPF\u00a0 &#8211; jel\u0171 oszlopokra<\/p>\n<p>Term\u00e9k s\u00falya : 5,95kg<\/p>\n<p>Fel\u00fcletkezel\u00e9s: T\u0171zi horganyz\u00e1s<\/p>","protected":false},"featured_media":10440,"comment_status":"closed","ping_status":"closed","template":"","meta":[],"product_brand":[],"product_cat":[123],"product_tag":[],"class_list":{"0":"post-10438","1":"product","2":"type-product","3":"status-publish","4":"has-post-thumbnail","6":"product_cat-felerosito-elem","8":"first","9":"instock","10":"shipping-taxable","11":"product-type-simple"},"_links":{"self":[{"href":"https:\/\/vilex.hu\/en\/wp-json\/wp\/v2\/product\/10438","targetHints":{"allow":["GET"]}}],"collection":[{"href":"https:\/\/vilex.hu\/en\/wp-json\/wp\/v2\/product"}],"about":[{"href":"https:\/\/vilex.hu\/en\/wp-json\/wp\/v2\/types\/product"}],"replies":[{"embeddable":true,"href":"https:\/\/vilex.hu\/en\/wp-json\/wp\/v2\/comments?post=10438"}],"wp:featuredmedia":[{"embeddable":true,"href":"https:\/\/vilex.hu\/en\/wp-json\/wp\/v2\/media\/10440"}],"wp:attachment":[{"href":"https:\/\/vilex.hu\/en\/wp-json\/wp\/v2\/media?parent=10438"}],"wp:term":[{"taxonomy":"product_brand","embeddable":true,"href":"https:\/\/vilex.hu\/en\/wp-json\/wp\/v2\/product_brand?post=10438"},{"taxonomy":"product_cat","embeddable":true,"href":"https:\/\/vilex.hu\/en\/wp-json\/wp\/v2\/product_cat?post=10438"},{"taxonomy":"product_tag","embeddable":true,"href":"https:\/\/vilex.hu\/en\/wp-json\/wp\/v2\/product_tag?post=10438"}],"curies":[{"name":"wp","href":"https:\/\/api.w.org\/{rel}","templated":true}]}}