{"id":10460,"date":"2022-09-16T10:51:07","date_gmt":"2022-09-16T10:51:07","guid":{"rendered":"https:\/\/vilex.hu\/?post_type=product&#038;p=10460"},"modified":"2023-04-03T05:51:11","modified_gmt":"2023-04-03T05:51:11","slug":"lx-jelu-felerosito-b-fio-4-70004","status":"publish","type":"product","link":"https:\/\/vilex.hu\/en\/shop\/elektromoshalozat\/felerosito-elem\/lx-jelu-felerosito-b-fio-4-70004\/","title":{"rendered":"LX-jel\u0171 feler\u0151s\u00edt\u0151-B-FIO 4-70004"},"content":{"rendered":"","protected":false},"excerpt":{"rendered":"<p>Kisfesz\u00fclts\u00e9g\u0171 szabadvezet\u00e9k h\u00e1l\u00f3zat<\/p>\n<p>V\u00c1T-H 4-70004<\/p>\n<p>Opus Tit\u00e1sz cikksz\u00e1m : 10000557<\/p>\n<p>LX-jel\u0171 vasbetonalj\u00e1t \u00e9s Ta &#8211; jel\u0171 t\u00e1maszt\u00f3lemezt feler\u0151s\u00edt\u0151 sz\u00f6gac\u00e9l<\/p>\n<p>B \u00e9s FI &#8211; jel\u0171 oszlopokra<\/p>\n<p>Term\u00e9k s\u00falya : 4,44kg<\/p>\n<p>Fel\u00fcletkezel\u00e9s: T\u0171zi horganyz\u00e1s<\/p>","protected":false},"featured_media":10462,"comment_status":"closed","ping_status":"closed","template":"","meta":[],"product_brand":[],"product_cat":[123],"product_tag":[],"class_list":{"0":"post-10460","1":"product","2":"type-product","3":"status-publish","4":"has-post-thumbnail","6":"product_cat-felerosito-elem","8":"first","9":"instock","10":"shipping-taxable","11":"product-type-simple"},"_links":{"self":[{"href":"https:\/\/vilex.hu\/en\/wp-json\/wp\/v2\/product\/10460","targetHints":{"allow":["GET"]}}],"collection":[{"href":"https:\/\/vilex.hu\/en\/wp-json\/wp\/v2\/product"}],"about":[{"href":"https:\/\/vilex.hu\/en\/wp-json\/wp\/v2\/types\/product"}],"replies":[{"embeddable":true,"href":"https:\/\/vilex.hu\/en\/wp-json\/wp\/v2\/comments?post=10460"}],"wp:featuredmedia":[{"embeddable":true,"href":"https:\/\/vilex.hu\/en\/wp-json\/wp\/v2\/media\/10462"}],"wp:attachment":[{"href":"https:\/\/vilex.hu\/en\/wp-json\/wp\/v2\/media?parent=10460"}],"wp:term":[{"taxonomy":"product_brand","embeddable":true,"href":"https:\/\/vilex.hu\/en\/wp-json\/wp\/v2\/product_brand?post=10460"},{"taxonomy":"product_cat","embeddable":true,"href":"https:\/\/vilex.hu\/en\/wp-json\/wp\/v2\/product_cat?post=10460"},{"taxonomy":"product_tag","embeddable":true,"href":"https:\/\/vilex.hu\/en\/wp-json\/wp\/v2\/product_tag?post=10460"}],"curies":[{"name":"wp","href":"https:\/\/api.w.org\/{rel}","templated":true}]}}