{"id":10475,"date":"2022-09-19T05:34:20","date_gmt":"2022-09-19T05:34:20","guid":{"rendered":"https:\/\/vilex.hu\/?post_type=product&#038;p=10475"},"modified":"2023-04-03T07:26:28","modified_gmt":"2023-04-03T07:26:28","slug":"ok-hajtas-felerosito-elem-21-7-012-3-4","status":"publish","type":"product","link":"https:\/\/vilex.hu\/en\/shop\/elektromoshalozat\/felerosito-elem\/ok-hajtas-felerosito-elem-21-7-012-3-4\/","title":{"rendered":"OK hajt\u00e1s feler\u0151s\u00edt\u0151 elem 21-7-012\/3-4"},"content":{"rendered":"","protected":false},"excerpt":{"rendered":"<p>Hajt\u00e1s feler\u0151s\u00edt\u0151 elem<\/p>\n<p>V\u00c1T-H 21-7-012<\/p>\n<p>Opus Tit\u00e1sz cikksz\u00e1m : 10002849<\/p>\n<p>Terel\u0151szigetel\u0151- \u00e9s OK tart\u00f3, valamint hajt\u00e1sfeler\u0151s\u00edt\u0151<\/p>\n<p>B &#8211; jel\u0171 oszlopra<\/p>\n<p>Term\u00e9k s\u00falya : 6,2kg<\/p>\n<p>Fel\u00fcletkezel\u00e9s: T\u0171zi horganyz\u00e1s<\/p>","protected":false},"featured_media":10477,"comment_status":"closed","ping_status":"closed","template":"","meta":[],"product_brand":[],"product_cat":[123],"product_tag":[],"class_list":{"0":"post-10475","1":"product","2":"type-product","3":"status-publish","4":"has-post-thumbnail","6":"product_cat-felerosito-elem","8":"first","9":"instock","10":"shipping-taxable","11":"product-type-simple"},"_links":{"self":[{"href":"https:\/\/vilex.hu\/en\/wp-json\/wp\/v2\/product\/10475","targetHints":{"allow":["GET"]}}],"collection":[{"href":"https:\/\/vilex.hu\/en\/wp-json\/wp\/v2\/product"}],"about":[{"href":"https:\/\/vilex.hu\/en\/wp-json\/wp\/v2\/types\/product"}],"replies":[{"embeddable":true,"href":"https:\/\/vilex.hu\/en\/wp-json\/wp\/v2\/comments?post=10475"}],"wp:featuredmedia":[{"embeddable":true,"href":"https:\/\/vilex.hu\/en\/wp-json\/wp\/v2\/media\/10477"}],"wp:attachment":[{"href":"https:\/\/vilex.hu\/en\/wp-json\/wp\/v2\/media?parent=10475"}],"wp:term":[{"taxonomy":"product_brand","embeddable":true,"href":"https:\/\/vilex.hu\/en\/wp-json\/wp\/v2\/product_brand?post=10475"},{"taxonomy":"product_cat","embeddable":true,"href":"https:\/\/vilex.hu\/en\/wp-json\/wp\/v2\/product_cat?post=10475"},{"taxonomy":"product_tag","embeddable":true,"href":"https:\/\/vilex.hu\/en\/wp-json\/wp\/v2\/product_tag?post=10475"}],"curies":[{"name":"wp","href":"https:\/\/api.w.org\/{rel}","templated":true}]}}