{"id":10485,"date":"2022-09-19T07:01:34","date_gmt":"2022-09-19T07:01:34","guid":{"rendered":"https:\/\/vilex.hu\/?post_type=product&#038;p=10485"},"modified":"2023-02-15T07:50:43","modified_gmt":"2023-02-15T07:50:43","slug":"oszlopkapcsolas-felerosito-okl-1-3-1300110609","status":"publish","type":"product","link":"https:\/\/vilex.hu\/en\/shop\/elektromoshalozat\/felerosito-elem\/oszlopkapcsolas-felerosito-okl-1-3-1300110609\/","title":{"rendered":"Oszlopkapcsol\u00e1s feler\u0151s\u00edt\u0151 OKL-1-3 1300110609"},"content":{"rendered":"","protected":false},"excerpt":{"rendered":"<p>Oszlopkapcsol\u00f3 tart\u00f3szerkezet feler\u0151s\u00edt\u0151<\/p>\n<p>Le\u00e1gaz\u00f3 oszlopkapcsol\u00f3 tart\u00f3szerkezet<\/p>\n<p>V\u00c1T-H OKL-1-3<\/p>\n<p>Opus Tit\u00e1sz cikksz\u00e1m : 1300110609<\/p>\n<p>35 \u00e9s 45 kN cs\u00facsh\u00faz\u00e1s\u00fa p\u00f6rgetett vasbeton oszlopra<\/p>\n<p>Fel\u00fcletkezel\u00e9s: T\u0171zi horganyz\u00e1s<\/p>","protected":false},"featured_media":10487,"comment_status":"closed","ping_status":"closed","template":"","meta":[],"product_brand":[],"product_cat":[123],"product_tag":[],"class_list":{"0":"post-10485","1":"product","2":"type-product","3":"status-publish","4":"has-post-thumbnail","6":"product_cat-felerosito-elem","8":"first","9":"instock","10":"shipping-taxable","11":"product-type-simple"},"_links":{"self":[{"href":"https:\/\/vilex.hu\/en\/wp-json\/wp\/v2\/product\/10485","targetHints":{"allow":["GET"]}}],"collection":[{"href":"https:\/\/vilex.hu\/en\/wp-json\/wp\/v2\/product"}],"about":[{"href":"https:\/\/vilex.hu\/en\/wp-json\/wp\/v2\/types\/product"}],"replies":[{"embeddable":true,"href":"https:\/\/vilex.hu\/en\/wp-json\/wp\/v2\/comments?post=10485"}],"wp:featuredmedia":[{"embeddable":true,"href":"https:\/\/vilex.hu\/en\/wp-json\/wp\/v2\/media\/10487"}],"wp:attachment":[{"href":"https:\/\/vilex.hu\/en\/wp-json\/wp\/v2\/media?parent=10485"}],"wp:term":[{"taxonomy":"product_brand","embeddable":true,"href":"https:\/\/vilex.hu\/en\/wp-json\/wp\/v2\/product_brand?post=10485"},{"taxonomy":"product_cat","embeddable":true,"href":"https:\/\/vilex.hu\/en\/wp-json\/wp\/v2\/product_cat?post=10485"},{"taxonomy":"product_tag","embeddable":true,"href":"https:\/\/vilex.hu\/en\/wp-json\/wp\/v2\/product_tag?post=10485"}],"curies":[{"name":"wp","href":"https:\/\/api.w.org\/{rel}","templated":true}]}}