{"id":10495,"date":"2022-09-29T09:13:50","date_gmt":"2022-09-29T09:13:50","guid":{"rendered":"https:\/\/vilex.hu\/?post_type=product&#038;p=10495"},"modified":"2022-09-29T09:16:29","modified_gmt":"2022-09-29T09:16:29","slug":"oszlopkapcsolo-felerosito-20-7-086","status":"publish","type":"product","link":"https:\/\/vilex.hu\/en\/shop\/elektromoshalozat\/felerosito-elem\/oszlopkapcsolo-felerosito-20-7-086\/","title":{"rendered":"Oszlopkapcsol\u00f3 feler\u0151s\u00edt\u0151 20-7-086"},"content":{"rendered":"","protected":false},"excerpt":{"rendered":"<p>Oszlopkapcsol\u00f3 feler\u0151s\u00edt\u0151<\/p>\n<p>V\u00c1T-H 20-7-086<\/p>\n<p>35 \u00e9s 45 kN cs\u00facsh\u00faz\u00e1s\u00fa p\u00f6rgetett vasbeton oszlopokra<\/p>\n<p>Fel\u00fcletkezel\u00e9s: T\u0171zi horganyz\u00e1s<\/p>","protected":false},"featured_media":10497,"comment_status":"closed","ping_status":"closed","template":"","meta":[],"product_brand":[],"product_cat":[123],"product_tag":[],"class_list":{"0":"post-10495","1":"product","2":"type-product","3":"status-publish","4":"has-post-thumbnail","6":"product_cat-felerosito-elem","8":"first","9":"instock","10":"shipping-taxable","11":"product-type-simple"},"_links":{"self":[{"href":"https:\/\/vilex.hu\/en\/wp-json\/wp\/v2\/product\/10495","targetHints":{"allow":["GET"]}}],"collection":[{"href":"https:\/\/vilex.hu\/en\/wp-json\/wp\/v2\/product"}],"about":[{"href":"https:\/\/vilex.hu\/en\/wp-json\/wp\/v2\/types\/product"}],"replies":[{"embeddable":true,"href":"https:\/\/vilex.hu\/en\/wp-json\/wp\/v2\/comments?post=10495"}],"wp:featuredmedia":[{"embeddable":true,"href":"https:\/\/vilex.hu\/en\/wp-json\/wp\/v2\/media\/10497"}],"wp:attachment":[{"href":"https:\/\/vilex.hu\/en\/wp-json\/wp\/v2\/media?parent=10495"}],"wp:term":[{"taxonomy":"product_brand","embeddable":true,"href":"https:\/\/vilex.hu\/en\/wp-json\/wp\/v2\/product_brand?post=10495"},{"taxonomy":"product_cat","embeddable":true,"href":"https:\/\/vilex.hu\/en\/wp-json\/wp\/v2\/product_cat?post=10495"},{"taxonomy":"product_tag","embeddable":true,"href":"https:\/\/vilex.hu\/en\/wp-json\/wp\/v2\/product_tag?post=10495"}],"curies":[{"name":"wp","href":"https:\/\/api.w.org\/{rel}","templated":true}]}}