{"id":10518,"date":"2022-09-29T09:52:07","date_gmt":"2022-09-29T09:52:07","guid":{"rendered":"https:\/\/vilex.hu\/?post_type=product&#038;p=10518"},"modified":"2023-04-06T07:22:52","modified_gmt":"2023-04-06T07:22:52","slug":"vedocsotarto-szerkezet-felerositoelem-30-7-206","status":"publish","type":"product","link":"https:\/\/vilex.hu\/en\/shop\/elektromoshalozat\/felerosito-elem\/vedocsotarto-szerkezet-felerositoelem-30-7-206\/","title":{"rendered":"V\u00e9d\u0151cs\u0151tart\u00f3 szerkezet feler\u0151s\u00edt\u0151elem 30-7-206"},"content":{"rendered":"","protected":false},"excerpt":{"rendered":"<p>V\u00e9d\u0151cs\u0151tart\u00f3 szerkezet feler\u0151s\u00edt\u0151 eleme I.<\/p>\n<p>V\u00c1T-H 30-7-206<\/p>\n<p>Opus Tit\u00e1sz cikksz\u00e1m : 10002012<\/p>\n<p>20\/0,4 kV-os modul\u00e1ris oszloptranszform\u00e1tor-\u00e1llom\u00e1sok<\/p>\n<p>B12\/4 jel\u0171 oszlopra<\/p>\n<p>Term\u00e9k s\u00falya : 1,5kg<\/p>\n<p>Fel\u00fcletkezel\u00e9s: T\u0171zi horganyz\u00e1s<\/p>","protected":false},"featured_media":10520,"comment_status":"closed","ping_status":"closed","template":"","meta":[],"product_brand":[],"product_cat":[123],"product_tag":[],"class_list":{"0":"post-10518","1":"product","2":"type-product","3":"status-publish","4":"has-post-thumbnail","6":"product_cat-felerosito-elem","8":"first","9":"instock","10":"shipping-taxable","11":"product-type-simple"},"_links":{"self":[{"href":"https:\/\/vilex.hu\/en\/wp-json\/wp\/v2\/product\/10518","targetHints":{"allow":["GET"]}}],"collection":[{"href":"https:\/\/vilex.hu\/en\/wp-json\/wp\/v2\/product"}],"about":[{"href":"https:\/\/vilex.hu\/en\/wp-json\/wp\/v2\/types\/product"}],"replies":[{"embeddable":true,"href":"https:\/\/vilex.hu\/en\/wp-json\/wp\/v2\/comments?post=10518"}],"wp:featuredmedia":[{"embeddable":true,"href":"https:\/\/vilex.hu\/en\/wp-json\/wp\/v2\/media\/10520"}],"wp:attachment":[{"href":"https:\/\/vilex.hu\/en\/wp-json\/wp\/v2\/media?parent=10518"}],"wp:term":[{"taxonomy":"product_brand","embeddable":true,"href":"https:\/\/vilex.hu\/en\/wp-json\/wp\/v2\/product_brand?post=10518"},{"taxonomy":"product_cat","embeddable":true,"href":"https:\/\/vilex.hu\/en\/wp-json\/wp\/v2\/product_cat?post=10518"},{"taxonomy":"product_tag","embeddable":true,"href":"https:\/\/vilex.hu\/en\/wp-json\/wp\/v2\/product_tag?post=10518"}],"curies":[{"name":"wp","href":"https:\/\/api.w.org\/{rel}","templated":true}]}}