{"id":10537,"date":"2022-09-29T11:09:35","date_gmt":"2022-09-29T11:09:35","guid":{"rendered":"https:\/\/vilex.hu\/?post_type=product&#038;p=10537"},"modified":"2023-03-31T09:51:44","modified_gmt":"2023-03-31T09:51:44","slug":"biztosito-aljzat-tartoszerkezet-30-7-009","status":"publish","type":"product","link":"https:\/\/vilex.hu\/en\/shop\/elektromoshalozat\/egyeb-termekek\/biztosito-aljzat-tartoszerkezet-30-7-009\/","title":{"rendered":"Biztos\u00edt\u00f3 aljzat tartoszerkezet 30-7-009"},"content":{"rendered":"","protected":false},"excerpt":{"rendered":"<p>Biztos\u00edt\u00f3 aljzat tart\u00f3szerkezet II.<\/p>\n<p>V\u00c1T-H 30-7-009<\/p>\n<p>Opus Tit\u00e1sz cikksz\u00e1m : 10002964<\/p>\n<p>20\/0,4 kV-os modul\u00e1ris oszloptranszform\u00e1tor-\u00e1llom\u00e1sok<\/p>\n<p>Term\u00e9k s\u00falya : 9,51kg<\/p>\n<p>Fel\u00fcletkezel\u00e9s: T\u0171zi horganyz\u00e1s<\/p>","protected":false},"featured_media":10539,"comment_status":"closed","ping_status":"closed","template":"","meta":[],"product_brand":[],"product_cat":[38],"product_tag":[],"class_list":{"0":"post-10537","1":"product","2":"type-product","3":"status-publish","4":"has-post-thumbnail","6":"product_cat-egyeb-termekek","8":"first","9":"instock","10":"shipping-taxable","11":"product-type-simple"},"_links":{"self":[{"href":"https:\/\/vilex.hu\/en\/wp-json\/wp\/v2\/product\/10537","targetHints":{"allow":["GET"]}}],"collection":[{"href":"https:\/\/vilex.hu\/en\/wp-json\/wp\/v2\/product"}],"about":[{"href":"https:\/\/vilex.hu\/en\/wp-json\/wp\/v2\/types\/product"}],"replies":[{"embeddable":true,"href":"https:\/\/vilex.hu\/en\/wp-json\/wp\/v2\/comments?post=10537"}],"wp:featuredmedia":[{"embeddable":true,"href":"https:\/\/vilex.hu\/en\/wp-json\/wp\/v2\/media\/10539"}],"wp:attachment":[{"href":"https:\/\/vilex.hu\/en\/wp-json\/wp\/v2\/media?parent=10537"}],"wp:term":[{"taxonomy":"product_brand","embeddable":true,"href":"https:\/\/vilex.hu\/en\/wp-json\/wp\/v2\/product_brand?post=10537"},{"taxonomy":"product_cat","embeddable":true,"href":"https:\/\/vilex.hu\/en\/wp-json\/wp\/v2\/product_cat?post=10537"},{"taxonomy":"product_tag","embeddable":true,"href":"https:\/\/vilex.hu\/en\/wp-json\/wp\/v2\/product_tag?post=10537"}],"curies":[{"name":"wp","href":"https:\/\/api.w.org\/{rel}","templated":true}]}}