{"id":10546,"date":"2022-09-29T11:23:32","date_gmt":"2022-09-29T11:23:32","guid":{"rendered":"https:\/\/vilex.hu\/?post_type=product&#038;p=10546"},"modified":"2023-02-16T12:58:05","modified_gmt":"2023-02-16T12:58:05","slug":"biztositotarto-3-7-003-2","status":"publish","type":"product","link":"https:\/\/vilex.hu\/en\/shop\/elektromoshalozat\/egyeb-termekek\/biztositotarto-3-7-003-2\/","title":{"rendered":"Biztos\u00edt\u00f3tart\u00f3 3-7-003\/2"},"content":{"rendered":"","protected":false},"excerpt":{"rendered":"<p>Tart\u00f3szerkezet ABSZMKE-24 r\u00e9sz\u00e9re<\/p>\n<p>V\u00c1T-H 3-7-003<\/p>\n<p>Opus Tit\u00e1sz cikksz\u00e1m :1300113638<\/p>\n<p>Fel\u00fcletkezel\u00e9s: T\u0171zi horganyz\u00e1s<\/p>","protected":false},"featured_media":10548,"comment_status":"closed","ping_status":"closed","template":"","meta":[],"product_brand":[],"product_cat":[38],"product_tag":[],"class_list":{"0":"post-10546","1":"product","2":"type-product","3":"status-publish","4":"has-post-thumbnail","6":"product_cat-egyeb-termekek","8":"first","9":"instock","10":"shipping-taxable","11":"product-type-simple"},"_links":{"self":[{"href":"https:\/\/vilex.hu\/en\/wp-json\/wp\/v2\/product\/10546","targetHints":{"allow":["GET"]}}],"collection":[{"href":"https:\/\/vilex.hu\/en\/wp-json\/wp\/v2\/product"}],"about":[{"href":"https:\/\/vilex.hu\/en\/wp-json\/wp\/v2\/types\/product"}],"replies":[{"embeddable":true,"href":"https:\/\/vilex.hu\/en\/wp-json\/wp\/v2\/comments?post=10546"}],"wp:featuredmedia":[{"embeddable":true,"href":"https:\/\/vilex.hu\/en\/wp-json\/wp\/v2\/media\/10548"}],"wp:attachment":[{"href":"https:\/\/vilex.hu\/en\/wp-json\/wp\/v2\/media?parent=10546"}],"wp:term":[{"taxonomy":"product_brand","embeddable":true,"href":"https:\/\/vilex.hu\/en\/wp-json\/wp\/v2\/product_brand?post=10546"},{"taxonomy":"product_cat","embeddable":true,"href":"https:\/\/vilex.hu\/en\/wp-json\/wp\/v2\/product_cat?post=10546"},{"taxonomy":"product_tag","embeddable":true,"href":"https:\/\/vilex.hu\/en\/wp-json\/wp\/v2\/product_tag?post=10546"}],"curies":[{"name":"wp","href":"https:\/\/api.w.org\/{rel}","templated":true}]}}