{"id":10565,"date":"2022-09-29T11:56:23","date_gmt":"2022-09-29T11:56:23","guid":{"rendered":"https:\/\/vilex.hu\/?post_type=product&#038;p=10565"},"modified":"2023-03-31T10:02:52","modified_gmt":"2023-03-31T10:02:52","slug":"csucstarto-egyes-felfuggesztesre-2-70003-a","status":"publish","type":"product","link":"https:\/\/vilex.hu\/en\/shop\/elektromoshalozat\/egyeb-termekek\/csucstarto-egyes-felfuggesztesre-2-70003-a\/","title":{"rendered":"Cs\u00facstart\u00f3-egyes felf\u00fcggeszt\u00e9sre D22-27 2-70003\/A"},"content":{"rendered":"","protected":false},"excerpt":{"rendered":"<p>K\u00f6z\u00e9pfesz\u00fclts\u00e9g\u0171 szabadvezet\u00e9k h\u00e1l\u00f3zat<\/p>\n<p>Cs\u00facstart\u00f3 egyes felf\u00fcggeszt\u00e9sre<\/p>\n<p>V\u00c1T-H 2-70003\/A<\/p>\n<p>Opus Tit\u00e1sz cikksz\u00e1m : D22 &#8211; 13010000630\u00a0 \u00a0D27 &#8211; 1300106226<\/p>\n<p>Term\u00e9k s\u00falya : 4,13kg<\/p>\n<p>B, BI, BB, F &#8211; jel\u0171 oszlopokra<\/p>\n<p>Fel\u00fcletkezel\u00e9s: T\u0171zi horganyz\u00e1s<\/p>","protected":false},"featured_media":10567,"comment_status":"closed","ping_status":"closed","template":"","meta":[],"product_brand":[],"product_cat":[38],"product_tag":[],"class_list":{"0":"post-10565","1":"product","2":"type-product","3":"status-publish","4":"has-post-thumbnail","6":"product_cat-egyeb-termekek","8":"first","9":"instock","10":"shipping-taxable","11":"product-type-simple"},"_links":{"self":[{"href":"https:\/\/vilex.hu\/en\/wp-json\/wp\/v2\/product\/10565","targetHints":{"allow":["GET"]}}],"collection":[{"href":"https:\/\/vilex.hu\/en\/wp-json\/wp\/v2\/product"}],"about":[{"href":"https:\/\/vilex.hu\/en\/wp-json\/wp\/v2\/types\/product"}],"replies":[{"embeddable":true,"href":"https:\/\/vilex.hu\/en\/wp-json\/wp\/v2\/comments?post=10565"}],"wp:featuredmedia":[{"embeddable":true,"href":"https:\/\/vilex.hu\/en\/wp-json\/wp\/v2\/media\/10567"}],"wp:attachment":[{"href":"https:\/\/vilex.hu\/en\/wp-json\/wp\/v2\/media?parent=10565"}],"wp:term":[{"taxonomy":"product_brand","embeddable":true,"href":"https:\/\/vilex.hu\/en\/wp-json\/wp\/v2\/product_brand?post=10565"},{"taxonomy":"product_cat","embeddable":true,"href":"https:\/\/vilex.hu\/en\/wp-json\/wp\/v2\/product_cat?post=10565"},{"taxonomy":"product_tag","embeddable":true,"href":"https:\/\/vilex.hu\/en\/wp-json\/wp\/v2\/product_tag?post=10565"}],"curies":[{"name":"wp","href":"https:\/\/api.w.org\/{rel}","templated":true}]}}