{"id":10582,"date":"2022-09-29T12:23:49","date_gmt":"2022-09-29T12:23:49","guid":{"rendered":"https:\/\/vilex.hu\/?post_type=product&#038;p=10582"},"modified":"2023-03-31T11:10:46","modified_gmt":"2023-03-31T11:10:46","slug":"egyenes-szem-20kv-os-feszultseg-szigetelohoz","status":"publish","type":"product","link":"https:\/\/vilex.hu\/en\/shop\/elektromoshalozat\/egyeb-termekek\/egyenes-szem-20kv-os-feszultseg-szigetelohoz\/","title":{"rendered":"Egyenes szem 20kV-os fesz\u00fclts\u00e9g szigetel\u0151h\u00f6z 1300110562"},"content":{"rendered":"","protected":false},"excerpt":{"rendered":"<p>Egyenes szem<\/p>\n<p>20kV-os fesz\u00fclts\u00e9g szigetel\u0151h\u00f6z<\/p>\n<p>Opus Tit\u00e1sz cikksz\u00e1m : 10001888<\/p>\n<p>Rajzsz\u00e1m: 0044<\/p>\n<p>Term\u00e9k s\u00falya : 0,66kg<\/p>\n<p>Fel\u00fcletkezel\u00e9s: T\u0171zi horganyz\u00e1s<\/p>","protected":false},"featured_media":10584,"comment_status":"closed","ping_status":"closed","template":"","meta":[],"product_brand":[],"product_cat":[38],"product_tag":[],"class_list":{"0":"post-10582","1":"product","2":"type-product","3":"status-publish","4":"has-post-thumbnail","6":"product_cat-egyeb-termekek","8":"first","9":"instock","10":"shipping-taxable","11":"product-type-simple"},"_links":{"self":[{"href":"https:\/\/vilex.hu\/en\/wp-json\/wp\/v2\/product\/10582","targetHints":{"allow":["GET"]}}],"collection":[{"href":"https:\/\/vilex.hu\/en\/wp-json\/wp\/v2\/product"}],"about":[{"href":"https:\/\/vilex.hu\/en\/wp-json\/wp\/v2\/types\/product"}],"replies":[{"embeddable":true,"href":"https:\/\/vilex.hu\/en\/wp-json\/wp\/v2\/comments?post=10582"}],"wp:featuredmedia":[{"embeddable":true,"href":"https:\/\/vilex.hu\/en\/wp-json\/wp\/v2\/media\/10584"}],"wp:attachment":[{"href":"https:\/\/vilex.hu\/en\/wp-json\/wp\/v2\/media?parent=10582"}],"wp:term":[{"taxonomy":"product_brand","embeddable":true,"href":"https:\/\/vilex.hu\/en\/wp-json\/wp\/v2\/product_brand?post=10582"},{"taxonomy":"product_cat","embeddable":true,"href":"https:\/\/vilex.hu\/en\/wp-json\/wp\/v2\/product_cat?post=10582"},{"taxonomy":"product_tag","embeddable":true,"href":"https:\/\/vilex.hu\/en\/wp-json\/wp\/v2\/product_tag?post=10582"}],"curies":[{"name":"wp","href":"https:\/\/api.w.org\/{rel}","templated":true}]}}