{"id":10626,"date":"2022-09-30T09:12:33","date_gmt":"2022-09-30T09:12:33","guid":{"rendered":"https:\/\/vilex.hu\/?post_type=product&#038;p=10626"},"modified":"2023-04-05T05:22:23","modified_gmt":"2023-04-05T05:22:23","slug":"feszitogyurus-csavar-m20x320-40-70035-3","status":"publish","type":"product","link":"https:\/\/vilex.hu\/en\/shop\/elektromoshalozat\/egyeb-termekek\/feszitogyurus-csavar-m20x320-40-70035-3\/","title":{"rendered":"Fesz\u00edt\u0151gy\u0171r\u0171s csavar M20x320  40-70035\/3"},"content":{"rendered":"","protected":false},"excerpt":{"rendered":"<p>Fesz\u00edt\u0151gy\u0171r\u0171s csavar<\/p>\n<p>V\u00c1T-H\u00a0 40-70035<\/p>\n<p>Opus Tit\u00e1sz cikksz\u00e1m : 10000569<\/p>\n<p>Term\u00e9k s\u00falya : 1,51kg<\/p>\n<p>Fel\u00fcletkezel\u00e9s: T\u0171zi horganyz\u00e1s<\/p>","protected":false},"featured_media":10628,"comment_status":"closed","ping_status":"closed","template":"","meta":[],"product_brand":[],"product_cat":[38],"product_tag":[],"class_list":{"0":"post-10626","1":"product","2":"type-product","3":"status-publish","4":"has-post-thumbnail","6":"product_cat-egyeb-termekek","8":"first","9":"instock","10":"shipping-taxable","11":"product-type-simple"},"_links":{"self":[{"href":"https:\/\/vilex.hu\/en\/wp-json\/wp\/v2\/product\/10626","targetHints":{"allow":["GET"]}}],"collection":[{"href":"https:\/\/vilex.hu\/en\/wp-json\/wp\/v2\/product"}],"about":[{"href":"https:\/\/vilex.hu\/en\/wp-json\/wp\/v2\/types\/product"}],"replies":[{"embeddable":true,"href":"https:\/\/vilex.hu\/en\/wp-json\/wp\/v2\/comments?post=10626"}],"wp:featuredmedia":[{"embeddable":true,"href":"https:\/\/vilex.hu\/en\/wp-json\/wp\/v2\/media\/10628"}],"wp:attachment":[{"href":"https:\/\/vilex.hu\/en\/wp-json\/wp\/v2\/media?parent=10626"}],"wp:term":[{"taxonomy":"product_brand","embeddable":true,"href":"https:\/\/vilex.hu\/en\/wp-json\/wp\/v2\/product_brand?post=10626"},{"taxonomy":"product_cat","embeddable":true,"href":"https:\/\/vilex.hu\/en\/wp-json\/wp\/v2\/product_cat?post=10626"},{"taxonomy":"product_tag","embeddable":true,"href":"https:\/\/vilex.hu\/en\/wp-json\/wp\/v2\/product_tag?post=10626"}],"curies":[{"name":"wp","href":"https:\/\/api.w.org\/{rel}","templated":true}]}}