{"id":10698,"date":"2022-10-03T08:33:08","date_gmt":"2022-10-03T08:33:08","guid":{"rendered":"https:\/\/vilex.hu\/?post_type=product&#038;p=10698"},"modified":"2023-04-05T06:44:41","modified_gmt":"2023-04-05T06:44:41","slug":"kabeltarto-b-oszlopra-20-7-022-1","status":"publish","type":"product","link":"https:\/\/vilex.hu\/en\/shop\/elektromoshalozat\/egyeb-termekek\/kabeltarto-b-oszlopra-20-7-022-1\/","title":{"rendered":"K\u00e1beltart\u00f3 B oszlopra 20-7-022\/1-3"},"content":{"rendered":"","protected":false},"excerpt":{"rendered":"<p>K\u00e1beltart\u00f3<\/p>\n<p>V\u00c1T-H 20-7-022<\/p>\n<p>Opus Tit\u00e1sz cikksz\u00e1m :10000681<\/p>\n<p>B &#8211; jel\u0171 oszlopokra<\/p>\n<p>Term\u00e9k s\u00falya : 1,887kg<\/p>\n<p>Fel\u00fcletkezel\u00e9s: T\u0171zi horganyz\u00e1s<\/p>","protected":false},"featured_media":10700,"comment_status":"closed","ping_status":"closed","template":"","meta":[],"product_brand":[],"product_cat":[38],"product_tag":[],"class_list":{"0":"post-10698","1":"product","2":"type-product","3":"status-publish","4":"has-post-thumbnail","6":"product_cat-egyeb-termekek","8":"first","9":"instock","10":"shipping-taxable","11":"product-type-simple"},"_links":{"self":[{"href":"https:\/\/vilex.hu\/en\/wp-json\/wp\/v2\/product\/10698","targetHints":{"allow":["GET"]}}],"collection":[{"href":"https:\/\/vilex.hu\/en\/wp-json\/wp\/v2\/product"}],"about":[{"href":"https:\/\/vilex.hu\/en\/wp-json\/wp\/v2\/types\/product"}],"replies":[{"embeddable":true,"href":"https:\/\/vilex.hu\/en\/wp-json\/wp\/v2\/comments?post=10698"}],"wp:featuredmedia":[{"embeddable":true,"href":"https:\/\/vilex.hu\/en\/wp-json\/wp\/v2\/media\/10700"}],"wp:attachment":[{"href":"https:\/\/vilex.hu\/en\/wp-json\/wp\/v2\/media?parent=10698"}],"wp:term":[{"taxonomy":"product_brand","embeddable":true,"href":"https:\/\/vilex.hu\/en\/wp-json\/wp\/v2\/product_brand?post=10698"},{"taxonomy":"product_cat","embeddable":true,"href":"https:\/\/vilex.hu\/en\/wp-json\/wp\/v2\/product_cat?post=10698"},{"taxonomy":"product_tag","embeddable":true,"href":"https:\/\/vilex.hu\/en\/wp-json\/wp\/v2\/product_tag?post=10698"}],"curies":[{"name":"wp","href":"https:\/\/api.w.org\/{rel}","templated":true}]}}