{"id":10701,"date":"2022-10-03T08:40:50","date_gmt":"2022-10-03T08:40:50","guid":{"rendered":"https:\/\/vilex.hu\/?post_type=product&#038;p=10701"},"modified":"2022-10-03T08:43:10","modified_gmt":"2022-10-03T08:43:10","slug":"kabeltarto-felerosito-portal","status":"publish","type":"product","link":"https:\/\/vilex.hu\/en\/shop\/elektromoshalozat\/egyeb-termekek\/kabeltarto-felerosito-portal\/","title":{"rendered":"K\u00e1beltart\u00f3 feler\u0151s\u00edt\u0151 port\u00e1l"},"content":{"rendered":"","protected":false},"excerpt":{"rendered":"<p>K\u00e1beltart\u00f3 feler\u0151s\u00edt\u0151 port\u00e1l<\/p>\n<p>Fel\u00fcletkezel\u00e9s: T\u0171zi horganyz\u00e1s<\/p>","protected":false},"featured_media":10703,"comment_status":"closed","ping_status":"closed","template":"","meta":[],"product_brand":[],"product_cat":[38],"product_tag":[],"class_list":{"0":"post-10701","1":"product","2":"type-product","3":"status-publish","4":"has-post-thumbnail","6":"product_cat-egyeb-termekek","8":"first","9":"instock","10":"shipping-taxable","11":"product-type-simple"},"_links":{"self":[{"href":"https:\/\/vilex.hu\/en\/wp-json\/wp\/v2\/product\/10701","targetHints":{"allow":["GET"]}}],"collection":[{"href":"https:\/\/vilex.hu\/en\/wp-json\/wp\/v2\/product"}],"about":[{"href":"https:\/\/vilex.hu\/en\/wp-json\/wp\/v2\/types\/product"}],"replies":[{"embeddable":true,"href":"https:\/\/vilex.hu\/en\/wp-json\/wp\/v2\/comments?post=10701"}],"wp:featuredmedia":[{"embeddable":true,"href":"https:\/\/vilex.hu\/en\/wp-json\/wp\/v2\/media\/10703"}],"wp:attachment":[{"href":"https:\/\/vilex.hu\/en\/wp-json\/wp\/v2\/media?parent=10701"}],"wp:term":[{"taxonomy":"product_brand","embeddable":true,"href":"https:\/\/vilex.hu\/en\/wp-json\/wp\/v2\/product_brand?post=10701"},{"taxonomy":"product_cat","embeddable":true,"href":"https:\/\/vilex.hu\/en\/wp-json\/wp\/v2\/product_cat?post=10701"},{"taxonomy":"product_tag","embeddable":true,"href":"https:\/\/vilex.hu\/en\/wp-json\/wp\/v2\/product_tag?post=10701"}],"curies":[{"name":"wp","href":"https:\/\/api.w.org\/{rel}","templated":true}]}}