{"id":10740,"date":"2022-10-03T09:38:23","date_gmt":"2022-10-03T09:38:23","guid":{"rendered":"https:\/\/vilex.hu\/?post_type=product&#038;p=10740"},"modified":"2023-04-05T10:57:49","modified_gmt":"2023-04-05T10:57:49","slug":"keretfoldeles-1x1m-2-40016-1-2","status":"publish","type":"product","link":"https:\/\/vilex.hu\/en\/shop\/elektromoshalozat\/egyeb-termekek\/keretfoldeles-1x1m-2-40016-1-2\/","title":{"rendered":"Keretf\u00f6ldel\u00e9s 1x1m 2-40016\/1-2"},"content":{"rendered":"","protected":false},"excerpt":{"rendered":"<p>Potenci\u00e1lbefoly\u00e1sol\u00f3 f\u00f6ldel\u0151keret oszlopkapcsol\u00f3 hajt\u00e1shoz<\/p>\n<p>V\u00c1T-H 7-60104<\/p>\n<p>Opus Tit\u00e1sz cikksz\u00e1m : 10000712<\/p>\n<p>BB, B-1300, FB, V, VSz &#8211; jel\u0171 oszlopokhoz<\/p>\n<p>Term\u00e9k s\u00falya : 7,75kg<\/p>\n<p>Fel\u00fcletkezel\u00e9s: T\u0171zi horganyz\u00e1s<\/p>","protected":false},"featured_media":10742,"comment_status":"closed","ping_status":"closed","template":"","meta":[],"product_brand":[],"product_cat":[38],"product_tag":[],"class_list":{"0":"post-10740","1":"product","2":"type-product","3":"status-publish","4":"has-post-thumbnail","6":"product_cat-egyeb-termekek","8":"first","9":"instock","10":"shipping-taxable","11":"product-type-simple"},"_links":{"self":[{"href":"https:\/\/vilex.hu\/en\/wp-json\/wp\/v2\/product\/10740","targetHints":{"allow":["GET"]}}],"collection":[{"href":"https:\/\/vilex.hu\/en\/wp-json\/wp\/v2\/product"}],"about":[{"href":"https:\/\/vilex.hu\/en\/wp-json\/wp\/v2\/types\/product"}],"replies":[{"embeddable":true,"href":"https:\/\/vilex.hu\/en\/wp-json\/wp\/v2\/comments?post=10740"}],"wp:featuredmedia":[{"embeddable":true,"href":"https:\/\/vilex.hu\/en\/wp-json\/wp\/v2\/media\/10742"}],"wp:attachment":[{"href":"https:\/\/vilex.hu\/en\/wp-json\/wp\/v2\/media?parent=10740"}],"wp:term":[{"taxonomy":"product_brand","embeddable":true,"href":"https:\/\/vilex.hu\/en\/wp-json\/wp\/v2\/product_brand?post=10740"},{"taxonomy":"product_cat","embeddable":true,"href":"https:\/\/vilex.hu\/en\/wp-json\/wp\/v2\/product_cat?post=10740"},{"taxonomy":"product_tag","embeddable":true,"href":"https:\/\/vilex.hu\/en\/wp-json\/wp\/v2\/product_tag?post=10740"}],"curies":[{"name":"wp","href":"https:\/\/api.w.org\/{rel}","templated":true}]}}