{"id":10752,"date":"2022-10-03T11:25:06","date_gmt":"2022-10-03T11:25:06","guid":{"rendered":"https:\/\/vilex.hu\/?post_type=product&#038;p=10752"},"modified":"2023-04-05T11:02:43","modified_gmt":"2023-04-05T11:02:43","slug":"kitamaszto-szogacel-4-70014-1","status":"publish","type":"product","link":"https:\/\/vilex.hu\/en\/shop\/elektromoshalozat\/egyeb-termekek\/kitamaszto-szogacel-4-70014-1\/","title":{"rendered":"Kit\u00e1maszt\u00f3 sz\u00f6gac\u00e9l 4-70014\/1"},"content":{"rendered":"","protected":false},"excerpt":{"rendered":"<p>Kisfesz\u00fclts\u00e9g\u0171 szabadvezet\u00e9k h\u00e1l\u00f3zat<\/p>\n<p>V\u00c1T-H 4-70014<\/p>\n<p>Opus Tit\u00e1sz cikksz\u00e1m : 10002117<\/p>\n<p>Kit\u00e1maszt\u00f3 sz\u00f6gac\u00e9l<br \/>\nZ jel\u0171 kereszttart\u00f3hoz<\/p>\n<p>Term\u00e9k s\u00falya : 5,1kg<\/p>\n<p>Fel\u00fcletkezel\u00e9s: T\u0171zi horganyz\u00e1s<\/p>","protected":false},"featured_media":10754,"comment_status":"closed","ping_status":"closed","template":"","meta":[],"product_brand":[],"product_cat":[38],"product_tag":[],"class_list":{"0":"post-10752","1":"product","2":"type-product","3":"status-publish","4":"has-post-thumbnail","6":"product_cat-egyeb-termekek","8":"first","9":"instock","10":"shipping-taxable","11":"product-type-simple"},"_links":{"self":[{"href":"https:\/\/vilex.hu\/en\/wp-json\/wp\/v2\/product\/10752","targetHints":{"allow":["GET"]}}],"collection":[{"href":"https:\/\/vilex.hu\/en\/wp-json\/wp\/v2\/product"}],"about":[{"href":"https:\/\/vilex.hu\/en\/wp-json\/wp\/v2\/types\/product"}],"replies":[{"embeddable":true,"href":"https:\/\/vilex.hu\/en\/wp-json\/wp\/v2\/comments?post=10752"}],"wp:featuredmedia":[{"embeddable":true,"href":"https:\/\/vilex.hu\/en\/wp-json\/wp\/v2\/media\/10754"}],"wp:attachment":[{"href":"https:\/\/vilex.hu\/en\/wp-json\/wp\/v2\/media?parent=10752"}],"wp:term":[{"taxonomy":"product_brand","embeddable":true,"href":"https:\/\/vilex.hu\/en\/wp-json\/wp\/v2\/product_brand?post=10752"},{"taxonomy":"product_cat","embeddable":true,"href":"https:\/\/vilex.hu\/en\/wp-json\/wp\/v2\/product_cat?post=10752"},{"taxonomy":"product_tag","embeddable":true,"href":"https:\/\/vilex.hu\/en\/wp-json\/wp\/v2\/product_tag?post=10752"}],"curies":[{"name":"wp","href":"https:\/\/api.w.org\/{rel}","templated":true}]}}