{"id":10800,"date":"2022-10-03T12:45:11","date_gmt":"2022-10-03T12:45:11","guid":{"rendered":"https:\/\/vilex.hu\/?post_type=product&#038;p=10800"},"modified":"2023-02-15T12:03:16","modified_gmt":"2023-02-15T12:03:16","slug":"osszekoto-elem-leagazo-kereszttartohoz-2-70136","status":"publish","type":"product","link":"https:\/\/vilex.hu\/en\/shop\/elektromoshalozat\/egyeb-termekek\/osszekoto-elem-leagazo-kereszttartohoz-2-70136\/","title":{"rendered":"\u00d6sszek\u00f6t\u0151 elem le\u00e1gaz\u00f3 kereszttart\u00f3hoz 2-70136"},"content":{"rendered":"","protected":false},"excerpt":{"rendered":"<p>\u00d6sszek\u00f6t\u0151 elem le\u00e1gaz\u00f3 kereszttart\u00f3hoz<\/p>\n<p>V\u00c1T-H 2-70136<\/p>\n<p>Opus Tit\u00e1sz cikksz\u00e1m : 1300110629<\/p>\n<p>V-1850-4550 &#8211; jel\u0171 oszlopokra<\/p>\n<p>Fel\u00fcletkezel\u00e9s: T\u0171zi horganyz\u00e1s<\/p>","protected":false},"featured_media":10802,"comment_status":"closed","ping_status":"closed","template":"","meta":[],"product_brand":[],"product_cat":[38],"product_tag":[],"class_list":{"0":"post-10800","1":"product","2":"type-product","3":"status-publish","4":"has-post-thumbnail","6":"product_cat-egyeb-termekek","8":"first","9":"instock","10":"shipping-taxable","11":"product-type-simple"},"_links":{"self":[{"href":"https:\/\/vilex.hu\/en\/wp-json\/wp\/v2\/product\/10800","targetHints":{"allow":["GET"]}}],"collection":[{"href":"https:\/\/vilex.hu\/en\/wp-json\/wp\/v2\/product"}],"about":[{"href":"https:\/\/vilex.hu\/en\/wp-json\/wp\/v2\/types\/product"}],"replies":[{"embeddable":true,"href":"https:\/\/vilex.hu\/en\/wp-json\/wp\/v2\/comments?post=10800"}],"wp:featuredmedia":[{"embeddable":true,"href":"https:\/\/vilex.hu\/en\/wp-json\/wp\/v2\/media\/10802"}],"wp:attachment":[{"href":"https:\/\/vilex.hu\/en\/wp-json\/wp\/v2\/media?parent=10800"}],"wp:term":[{"taxonomy":"product_brand","embeddable":true,"href":"https:\/\/vilex.hu\/en\/wp-json\/wp\/v2\/product_brand?post=10800"},{"taxonomy":"product_cat","embeddable":true,"href":"https:\/\/vilex.hu\/en\/wp-json\/wp\/v2\/product_cat?post=10800"},{"taxonomy":"product_tag","embeddable":true,"href":"https:\/\/vilex.hu\/en\/wp-json\/wp\/v2\/product_tag?post=10800"}],"curies":[{"name":"wp","href":"https:\/\/api.w.org\/{rel}","templated":true}]}}