{"id":10840,"date":"2022-10-04T06:57:48","date_gmt":"2022-10-04T06:57:48","guid":{"rendered":"https:\/\/vilex.hu\/?post_type=product&#038;p=10840"},"modified":"2023-04-05T12:12:27","modified_gmt":"2023-04-05T12:12:27","slug":"szekrenytarto-u-acel-351029-1-2","status":"publish","type":"product","link":"https:\/\/vilex.hu\/en\/shop\/elektromoshalozat\/egyeb-termekek\/szekrenytarto-u-acel-351029-1-2\/","title":{"rendered":"Szekr\u00e9nytart\u00f3 U-ac\u00e9l 351029\/1-2"},"content":{"rendered":"","protected":false},"excerpt":{"rendered":"<p>Szekr\u00e9nytart\u00f3<\/p>\n<p>ESZI 400\/6 t\u00edpus\u00fa szekr\u00e9nyhez<\/p>\n<p>V\u00c1T-H 351029<\/p>\n<p>Opus Tit\u00e1sz cikksz\u00e1m : 10000606<\/p>\n<p>Term\u00e9k S\u00falya :49,5kg<\/p>\n<p>Fel\u00fcletkezel\u00e9s: T\u0171zi horganyz\u00e1s<\/p>","protected":false},"featured_media":10842,"comment_status":"closed","ping_status":"closed","template":"","meta":[],"product_brand":[],"product_cat":[38],"product_tag":[],"class_list":{"0":"post-10840","1":"product","2":"type-product","3":"status-publish","4":"has-post-thumbnail","6":"product_cat-egyeb-termekek","8":"first","9":"instock","10":"shipping-taxable","11":"product-type-simple"},"_links":{"self":[{"href":"https:\/\/vilex.hu\/en\/wp-json\/wp\/v2\/product\/10840","targetHints":{"allow":["GET"]}}],"collection":[{"href":"https:\/\/vilex.hu\/en\/wp-json\/wp\/v2\/product"}],"about":[{"href":"https:\/\/vilex.hu\/en\/wp-json\/wp\/v2\/types\/product"}],"replies":[{"embeddable":true,"href":"https:\/\/vilex.hu\/en\/wp-json\/wp\/v2\/comments?post=10840"}],"wp:featuredmedia":[{"embeddable":true,"href":"https:\/\/vilex.hu\/en\/wp-json\/wp\/v2\/media\/10842"}],"wp:attachment":[{"href":"https:\/\/vilex.hu\/en\/wp-json\/wp\/v2\/media?parent=10840"}],"wp:term":[{"taxonomy":"product_brand","embeddable":true,"href":"https:\/\/vilex.hu\/en\/wp-json\/wp\/v2\/product_brand?post=10840"},{"taxonomy":"product_cat","embeddable":true,"href":"https:\/\/vilex.hu\/en\/wp-json\/wp\/v2\/product_cat?post=10840"},{"taxonomy":"product_tag","embeddable":true,"href":"https:\/\/vilex.hu\/en\/wp-json\/wp\/v2\/product_tag?post=10840"}],"curies":[{"name":"wp","href":"https:\/\/api.w.org\/{rel}","templated":true}]}}