{"id":10853,"date":"2022-10-04T07:25:35","date_gmt":"2022-10-04T07:25:35","guid":{"rendered":"https:\/\/vilex.hu\/?post_type=product&#038;p=10853"},"modified":"2023-04-05T12:24:30","modified_gmt":"2023-04-05T12:24:30","slug":"szigetelt-szabadvezetek-feszito-9-70003-1-2","status":"publish","type":"product","link":"https:\/\/vilex.hu\/en\/shop\/elektromoshalozat\/egyeb-termekek\/szigetelt-szabadvezetek-feszito-9-70003-1-2\/","title":{"rendered":"Szigetelt szabadvezet\u00e9k fesz\u00edt\u0151 9-70003\/1-2"},"content":{"rendered":"","protected":false},"excerpt":{"rendered":"<p>Szigetelt szabadvezet\u00e9k fesz\u00edt\u0151<\/p>\n<p>V\u00c1T-H 9-70003<\/p>\n<p>Opus Tit\u00e1sz cikksz\u00e1m : 10000608<\/p>\n<p>Term\u00e9k s\u00falya : 5,13kg<\/p>\n<p>Fel\u00fcletkezel\u00e9s: T\u0171zi horganyz\u00e1s<\/p>","protected":false},"featured_media":10855,"comment_status":"closed","ping_status":"closed","template":"","meta":[],"product_brand":[],"product_cat":[38],"product_tag":[],"class_list":{"0":"post-10853","1":"product","2":"type-product","3":"status-publish","4":"has-post-thumbnail","6":"product_cat-egyeb-termekek","8":"first","9":"instock","10":"shipping-taxable","11":"product-type-simple"},"_links":{"self":[{"href":"https:\/\/vilex.hu\/en\/wp-json\/wp\/v2\/product\/10853","targetHints":{"allow":["GET"]}}],"collection":[{"href":"https:\/\/vilex.hu\/en\/wp-json\/wp\/v2\/product"}],"about":[{"href":"https:\/\/vilex.hu\/en\/wp-json\/wp\/v2\/types\/product"}],"replies":[{"embeddable":true,"href":"https:\/\/vilex.hu\/en\/wp-json\/wp\/v2\/comments?post=10853"}],"wp:featuredmedia":[{"embeddable":true,"href":"https:\/\/vilex.hu\/en\/wp-json\/wp\/v2\/media\/10855"}],"wp:attachment":[{"href":"https:\/\/vilex.hu\/en\/wp-json\/wp\/v2\/media?parent=10853"}],"wp:term":[{"taxonomy":"product_brand","embeddable":true,"href":"https:\/\/vilex.hu\/en\/wp-json\/wp\/v2\/product_brand?post=10853"},{"taxonomy":"product_cat","embeddable":true,"href":"https:\/\/vilex.hu\/en\/wp-json\/wp\/v2\/product_cat?post=10853"},{"taxonomy":"product_tag","embeddable":true,"href":"https:\/\/vilex.hu\/en\/wp-json\/wp\/v2\/product_tag?post=10853"}],"curies":[{"name":"wp","href":"https:\/\/api.w.org\/{rel}","templated":true}]}}