{"id":10872,"date":"2022-10-05T08:43:03","date_gmt":"2022-10-05T08:43:03","guid":{"rendered":"https:\/\/vilex.hu\/?post_type=product&#038;p=10872"},"modified":"2022-10-05T08:48:01","modified_gmt":"2022-10-05T08:48:01","slug":"szogacel-u-acel-madar-kiulo-30-7-202","status":"publish","type":"product","link":"https:\/\/vilex.hu\/en\/shop\/elektromoshalozat\/egyeb-termekek\/szogacel-u-acel-madar-kiulo-30-7-202\/","title":{"rendered":"Sz\u00f6gac\u00e9l &#8211; U-ac\u00e9l Mad\u00e1r ki\u00fcl\u0151 30-7-202"},"content":{"rendered":"","protected":false},"excerpt":{"rendered":"<p>20\/0,4 kV-os modul\u00e1ris oszloptranszform\u00e1tor-\u00e1llom\u00e1sok<\/p>\n<p>V\u00c1T-H 30-7-202<\/p>\n<p>Biztos\u00edt\u00f3 aljzat tart\u00f3szerkezet<\/p>\n<p>B12\/13 jel\u0171 oszlopra<\/p>\n<p>-Fel\u00fcletkezel\u00e9s: T\u0171zi horganyz\u00e1s<\/p>","protected":false},"featured_media":10874,"comment_status":"closed","ping_status":"closed","template":"","meta":[],"product_brand":[],"product_cat":[38],"product_tag":[],"class_list":{"0":"post-10872","1":"product","2":"type-product","3":"status-publish","4":"has-post-thumbnail","6":"product_cat-egyeb-termekek","8":"first","9":"instock","10":"shipping-taxable","11":"product-type-simple"},"_links":{"self":[{"href":"https:\/\/vilex.hu\/en\/wp-json\/wp\/v2\/product\/10872","targetHints":{"allow":["GET"]}}],"collection":[{"href":"https:\/\/vilex.hu\/en\/wp-json\/wp\/v2\/product"}],"about":[{"href":"https:\/\/vilex.hu\/en\/wp-json\/wp\/v2\/types\/product"}],"replies":[{"embeddable":true,"href":"https:\/\/vilex.hu\/en\/wp-json\/wp\/v2\/comments?post=10872"}],"wp:featuredmedia":[{"embeddable":true,"href":"https:\/\/vilex.hu\/en\/wp-json\/wp\/v2\/media\/10874"}],"wp:attachment":[{"href":"https:\/\/vilex.hu\/en\/wp-json\/wp\/v2\/media?parent=10872"}],"wp:term":[{"taxonomy":"product_brand","embeddable":true,"href":"https:\/\/vilex.hu\/en\/wp-json\/wp\/v2\/product_brand?post=10872"},{"taxonomy":"product_cat","embeddable":true,"href":"https:\/\/vilex.hu\/en\/wp-json\/wp\/v2\/product_cat?post=10872"},{"taxonomy":"product_tag","embeddable":true,"href":"https:\/\/vilex.hu\/en\/wp-json\/wp\/v2\/product_tag?post=10872"}],"curies":[{"name":"wp","href":"https:\/\/api.w.org\/{rel}","templated":true}]}}