{"id":10878,"date":"2022-10-05T08:52:35","date_gmt":"2022-10-05T08:52:35","guid":{"rendered":"https:\/\/vilex.hu\/?post_type=product&#038;p=10878"},"modified":"2023-03-31T12:40:06","modified_gmt":"2023-03-31T12:40:06","slug":"tamaszto-szigeteles-tarto-20-7-072-1-2","status":"publish","type":"product","link":"https:\/\/vilex.hu\/en\/shop\/elektromoshalozat\/egyeb-termekek\/tamaszto-szigeteles-tarto-20-7-072-1-2\/","title":{"rendered":"T\u00e1maszt\u00f3 szigetel\u00e9s tart\u00f3 20-7-072\/1-2"},"content":{"rendered":"","protected":false},"excerpt":{"rendered":"<p>T\u00e1mszigetel\u0151tart\u00f3 feler\u0151s\u00edt\u0151 eleme<\/p>\n<p>V\u00c1T-H 20-7-072<\/p>\n<p>Opus Tit\u00e1sz cikksz\u00e1m : 10000658<\/p>\n<p>Bo &#8211;\u00a0 jel\u0171 kiscs\u00facsh\u00faz\u00e1s\u00fa oszlopokra<\/p>\n<p>Term\u00e9k s\u00falya : 14kg<\/p>\n<p>-Fel\u00fcletkezel\u00e9s: T\u0171zi horganyz\u00e1s<\/p>","protected":false},"featured_media":10880,"comment_status":"closed","ping_status":"closed","template":"","meta":[],"product_brand":[],"product_cat":[38],"product_tag":[],"class_list":{"0":"post-10878","1":"product","2":"type-product","3":"status-publish","4":"has-post-thumbnail","6":"product_cat-egyeb-termekek","8":"first","9":"instock","10":"shipping-taxable","11":"product-type-simple"},"_links":{"self":[{"href":"https:\/\/vilex.hu\/en\/wp-json\/wp\/v2\/product\/10878","targetHints":{"allow":["GET"]}}],"collection":[{"href":"https:\/\/vilex.hu\/en\/wp-json\/wp\/v2\/product"}],"about":[{"href":"https:\/\/vilex.hu\/en\/wp-json\/wp\/v2\/types\/product"}],"replies":[{"embeddable":true,"href":"https:\/\/vilex.hu\/en\/wp-json\/wp\/v2\/comments?post=10878"}],"wp:featuredmedia":[{"embeddable":true,"href":"https:\/\/vilex.hu\/en\/wp-json\/wp\/v2\/media\/10880"}],"wp:attachment":[{"href":"https:\/\/vilex.hu\/en\/wp-json\/wp\/v2\/media?parent=10878"}],"wp:term":[{"taxonomy":"product_brand","embeddable":true,"href":"https:\/\/vilex.hu\/en\/wp-json\/wp\/v2\/product_brand?post=10878"},{"taxonomy":"product_cat","embeddable":true,"href":"https:\/\/vilex.hu\/en\/wp-json\/wp\/v2\/product_cat?post=10878"},{"taxonomy":"product_tag","embeddable":true,"href":"https:\/\/vilex.hu\/en\/wp-json\/wp\/v2\/product_tag?post=10878"}],"curies":[{"name":"wp","href":"https:\/\/api.w.org\/{rel}","templated":true}]}}