{"id":10881,"date":"2022-10-05T09:01:10","date_gmt":"2022-10-05T09:01:10","guid":{"rendered":"https:\/\/vilex.hu\/?post_type=product&#038;p=10881"},"modified":"2023-04-05T05:31:20","modified_gmt":"2023-04-05T05:31:20","slug":"tamszigetelo-tarto-kisfeszultsegu-leagazokar-30-7-222","status":"publish","type":"product","link":"https:\/\/vilex.hu\/en\/shop\/elektromoshalozat\/egyeb-termekek\/tamszigetelo-tarto-kisfeszultsegu-leagazokar-30-7-222\/","title":{"rendered":"T\u00e1mszigetel\u0151 tart\u00f3 kisfesz\u00fclts\u00e9g\u0171 le\u00e1gaz\u00f3kar 30-7-222"},"content":{"rendered":"","protected":false},"excerpt":{"rendered":"<p>20\/0,4 kV-os modul\u00e1ris oszloptranszform\u00e1tor-\u00e1llom\u00e1sok<\/p>\n<p>T\u00e1mszigetel\u0151 tart\u00f3 kisfesz\u00fclts\u00e9g\u0171 le\u00e1gaz\u00e1ssal<\/p>\n<p>V\u00c1T-H 30-7-222<\/p>\n<p>Opus Tit\u00e1sz cikksz\u00e1m : 10000741<\/p>\n<p>B12\/4 \u00e9s B12\/13 &#8211;\u00a0 jel\u0171 oszlopokra<\/p>\n<p>Term\u00e9k s\u00falya : 11,12kg<\/p>\n<p>-Fel\u00fcletkezel\u00e9s: T\u0171zi horganyz\u00e1s<\/p>","protected":false},"featured_media":10883,"comment_status":"closed","ping_status":"closed","template":"","meta":[],"product_brand":[],"product_cat":[38],"product_tag":[],"class_list":{"0":"post-10881","1":"product","2":"type-product","3":"status-publish","4":"has-post-thumbnail","6":"product_cat-egyeb-termekek","8":"first","9":"instock","10":"shipping-taxable","11":"product-type-simple"},"_links":{"self":[{"href":"https:\/\/vilex.hu\/en\/wp-json\/wp\/v2\/product\/10881","targetHints":{"allow":["GET"]}}],"collection":[{"href":"https:\/\/vilex.hu\/en\/wp-json\/wp\/v2\/product"}],"about":[{"href":"https:\/\/vilex.hu\/en\/wp-json\/wp\/v2\/types\/product"}],"replies":[{"embeddable":true,"href":"https:\/\/vilex.hu\/en\/wp-json\/wp\/v2\/comments?post=10881"}],"wp:featuredmedia":[{"embeddable":true,"href":"https:\/\/vilex.hu\/en\/wp-json\/wp\/v2\/media\/10883"}],"wp:attachment":[{"href":"https:\/\/vilex.hu\/en\/wp-json\/wp\/v2\/media?parent=10881"}],"wp:term":[{"taxonomy":"product_brand","embeddable":true,"href":"https:\/\/vilex.hu\/en\/wp-json\/wp\/v2\/product_brand?post=10881"},{"taxonomy":"product_cat","embeddable":true,"href":"https:\/\/vilex.hu\/en\/wp-json\/wp\/v2\/product_cat?post=10881"},{"taxonomy":"product_tag","embeddable":true,"href":"https:\/\/vilex.hu\/en\/wp-json\/wp\/v2\/product_tag?post=10881"}],"curies":[{"name":"wp","href":"https:\/\/api.w.org\/{rel}","templated":true}]}}