{"id":10884,"date":"2022-10-05T09:06:45","date_gmt":"2022-10-05T09:06:45","guid":{"rendered":"https:\/\/vilex.hu\/?post_type=product&#038;p=10884"},"modified":"2024-01-23T10:17:38","modified_gmt":"2024-01-23T10:17:38","slug":"tamszigetelo-tarto-u-acel-20-7-020","status":"publish","type":"product","link":"https:\/\/vilex.hu\/en\/shop\/elektromoshalozat\/egyeb-termekek\/tamszigetelo-tarto-u-acel-20-7-020\/","title":{"rendered":"T\u00e1mszigetel\u0151 tart\u00f3 U-ac\u00e9l 20-7-020"},"content":{"rendered":"","protected":false},"excerpt":{"rendered":"<p>T\u00e1mszigetel\u0151t tart\u00f3 U-ac\u00e9l<\/p>\n<p>V\u00c1T-H 20-7-020<\/p>\n<p>Opus Tit\u00e1sz cikksz\u00e1m : 10000728<\/p>\n<p>B &#8211; jel\u0171 oszlopokra<\/p>\n<p>Term\u00e9k s\u00falya : 8,52kg<br \/>\nFel\u00fcletkezel\u00e9s: T\u0171zi horganyz\u00e1s<\/p>","protected":false},"featured_media":10886,"comment_status":"closed","ping_status":"closed","template":"","meta":[],"product_brand":[],"product_cat":[38],"product_tag":[],"class_list":{"0":"post-10884","1":"product","2":"type-product","3":"status-publish","4":"has-post-thumbnail","6":"product_cat-egyeb-termekek","8":"first","9":"instock","10":"shipping-taxable","11":"product-type-simple"},"_links":{"self":[{"href":"https:\/\/vilex.hu\/en\/wp-json\/wp\/v2\/product\/10884","targetHints":{"allow":["GET"]}}],"collection":[{"href":"https:\/\/vilex.hu\/en\/wp-json\/wp\/v2\/product"}],"about":[{"href":"https:\/\/vilex.hu\/en\/wp-json\/wp\/v2\/types\/product"}],"replies":[{"embeddable":true,"href":"https:\/\/vilex.hu\/en\/wp-json\/wp\/v2\/comments?post=10884"}],"wp:featuredmedia":[{"embeddable":true,"href":"https:\/\/vilex.hu\/en\/wp-json\/wp\/v2\/media\/10886"}],"wp:attachment":[{"href":"https:\/\/vilex.hu\/en\/wp-json\/wp\/v2\/media?parent=10884"}],"wp:term":[{"taxonomy":"product_brand","embeddable":true,"href":"https:\/\/vilex.hu\/en\/wp-json\/wp\/v2\/product_brand?post=10884"},{"taxonomy":"product_cat","embeddable":true,"href":"https:\/\/vilex.hu\/en\/wp-json\/wp\/v2\/product_cat?post=10884"},{"taxonomy":"product_tag","embeddable":true,"href":"https:\/\/vilex.hu\/en\/wp-json\/wp\/v2\/product_tag?post=10884"}],"curies":[{"name":"wp","href":"https:\/\/api.w.org\/{rel}","templated":true}]}}