{"id":10894,"date":"2022-10-05T09:30:52","date_gmt":"2022-10-05T09:30:52","guid":{"rendered":"https:\/\/vilex.hu\/?post_type=product&#038;p=10894"},"modified":"2022-10-05T09:40:41","modified_gmt":"2022-10-05T09:40:41","slug":"tartokar-feszitokarra-6fx261647-0083","status":"publish","type":"product","link":"https:\/\/vilex.hu\/en\/shop\/elektromoshalozat\/egyeb-termekek\/tartokar-feszitokarra-6fx261647-0083\/","title":{"rendered":"Tart\u00f3kar fesz\u00edt\u0151karra 6FX261647-0083"},"content":{"rendered":"","protected":false},"excerpt":{"rendered":"<p>Tart\u00f3kar<\/p>\n<p>f\u00e9mmentes optikai k\u00e1bel felszerel\u00e9s\u00e9hez<br \/>\nfeszit\u0151karra t\u00f6rt\u00e9n\u0151 felszerel\u00e9shez<\/p>\n<p>V\u00c1T-H\u00a0 \u00a06FX261647\/0083<\/p>\n<p>Fel\u00fcletkezel\u00e9s: T\u0171zi horganyz\u00e1s<\/p>","protected":false},"featured_media":10896,"comment_status":"closed","ping_status":"closed","template":"","meta":[],"product_brand":[],"product_cat":[38],"product_tag":[],"class_list":{"0":"post-10894","1":"product","2":"type-product","3":"status-publish","4":"has-post-thumbnail","6":"product_cat-egyeb-termekek","8":"first","9":"instock","10":"shipping-taxable","11":"product-type-simple"},"_links":{"self":[{"href":"https:\/\/vilex.hu\/en\/wp-json\/wp\/v2\/product\/10894","targetHints":{"allow":["GET"]}}],"collection":[{"href":"https:\/\/vilex.hu\/en\/wp-json\/wp\/v2\/product"}],"about":[{"href":"https:\/\/vilex.hu\/en\/wp-json\/wp\/v2\/types\/product"}],"replies":[{"embeddable":true,"href":"https:\/\/vilex.hu\/en\/wp-json\/wp\/v2\/comments?post=10894"}],"wp:featuredmedia":[{"embeddable":true,"href":"https:\/\/vilex.hu\/en\/wp-json\/wp\/v2\/media\/10896"}],"wp:attachment":[{"href":"https:\/\/vilex.hu\/en\/wp-json\/wp\/v2\/media?parent=10894"}],"wp:term":[{"taxonomy":"product_brand","embeddable":true,"href":"https:\/\/vilex.hu\/en\/wp-json\/wp\/v2\/product_brand?post=10894"},{"taxonomy":"product_cat","embeddable":true,"href":"https:\/\/vilex.hu\/en\/wp-json\/wp\/v2\/product_cat?post=10894"},{"taxonomy":"product_tag","embeddable":true,"href":"https:\/\/vilex.hu\/en\/wp-json\/wp\/v2\/product_tag?post=10894"}],"curies":[{"name":"wp","href":"https:\/\/api.w.org\/{rel}","templated":true}]}}