{"id":10916,"date":"2022-10-05T12:00:55","date_gmt":"2022-10-05T12:00:55","guid":{"rendered":"https:\/\/vilex.hu\/?post_type=product&#038;p=10916"},"modified":"2023-02-15T10:43:45","modified_gmt":"2023-02-15T10:43:45","slug":"tavtarto-felso-20-7-060","status":"publish","type":"product","link":"https:\/\/vilex.hu\/en\/shop\/elektromoshalozat\/egyeb-termekek\/tavtarto-felso-20-7-060\/","title":{"rendered":"T\u00e1vtart\u00f3 fels\u0151 20-7-060"},"content":{"rendered":"","protected":false},"excerpt":{"rendered":"<p>T\u00e1vols\u00e1g tart\u00f3 (fels\u0151)<\/p>\n<p>V\u00c1T-H\u00a0 \u00a020-7-060<\/p>\n<p>Opus Tit\u00e1sz cikksz\u00e1m : 1300106346<\/p>\n<p>Fel\u00fcletkezel\u00e9s: T\u0171zi horganyz\u00e1s<\/p>","protected":false},"featured_media":10918,"comment_status":"closed","ping_status":"closed","template":"","meta":[],"product_brand":[],"product_cat":[38],"product_tag":[],"class_list":{"0":"post-10916","1":"product","2":"type-product","3":"status-publish","4":"has-post-thumbnail","6":"product_cat-egyeb-termekek","8":"first","9":"instock","10":"shipping-taxable","11":"product-type-simple"},"_links":{"self":[{"href":"https:\/\/vilex.hu\/en\/wp-json\/wp\/v2\/product\/10916","targetHints":{"allow":["GET"]}}],"collection":[{"href":"https:\/\/vilex.hu\/en\/wp-json\/wp\/v2\/product"}],"about":[{"href":"https:\/\/vilex.hu\/en\/wp-json\/wp\/v2\/types\/product"}],"replies":[{"embeddable":true,"href":"https:\/\/vilex.hu\/en\/wp-json\/wp\/v2\/comments?post=10916"}],"wp:featuredmedia":[{"embeddable":true,"href":"https:\/\/vilex.hu\/en\/wp-json\/wp\/v2\/media\/10918"}],"wp:attachment":[{"href":"https:\/\/vilex.hu\/en\/wp-json\/wp\/v2\/media?parent=10916"}],"wp:term":[{"taxonomy":"product_brand","embeddable":true,"href":"https:\/\/vilex.hu\/en\/wp-json\/wp\/v2\/product_brand?post=10916"},{"taxonomy":"product_cat","embeddable":true,"href":"https:\/\/vilex.hu\/en\/wp-json\/wp\/v2\/product_cat?post=10916"},{"taxonomy":"product_tag","embeddable":true,"href":"https:\/\/vilex.hu\/en\/wp-json\/wp\/v2\/product_tag?post=10916"}],"curies":[{"name":"wp","href":"https:\/\/api.w.org\/{rel}","templated":true}]}}