{"id":10922,"date":"2022-10-05T12:52:47","date_gmt":"2022-10-05T12:52:47","guid":{"rendered":"https:\/\/vilex.hu\/?post_type=product&#038;p=10922"},"modified":"2023-04-06T07:00:46","modified_gmt":"2023-04-06T07:00:46","slug":"terelo-szigetelotarto-20-7-016","status":"publish","type":"product","link":"https:\/\/vilex.hu\/en\/shop\/elektromoshalozat\/egyeb-termekek\/terelo-szigetelotarto-20-7-016\/","title":{"rendered":"Terel\u0151 szigetel\u0151tart\u00f3 20-7-016"},"content":{"rendered":"","protected":false},"excerpt":{"rendered":"<p>Terel\u0151 szigetel\u0151tart\u00f3<\/p>\n<p>V\u00c1T-H 20-7-016<\/p>\n<p>Opus Tit\u00e1sz cikksz\u00e1m : 10000731<\/p>\n<p>B \u00e9s BPF jel\u0171 oszlopokra<\/p>\n<p>Term\u00e9k s\u00falya : 2,96kg<\/p>\n<p>Fel\u00fcletkezel\u00e9s: T\u0171zi horganyz\u00e1s<\/p>","protected":false},"featured_media":10924,"comment_status":"closed","ping_status":"closed","template":"","meta":[],"product_brand":[],"product_cat":[38],"product_tag":[],"class_list":{"0":"post-10922","1":"product","2":"type-product","3":"status-publish","4":"has-post-thumbnail","6":"product_cat-egyeb-termekek","8":"first","9":"instock","10":"shipping-taxable","11":"product-type-simple"},"_links":{"self":[{"href":"https:\/\/vilex.hu\/en\/wp-json\/wp\/v2\/product\/10922","targetHints":{"allow":["GET"]}}],"collection":[{"href":"https:\/\/vilex.hu\/en\/wp-json\/wp\/v2\/product"}],"about":[{"href":"https:\/\/vilex.hu\/en\/wp-json\/wp\/v2\/types\/product"}],"replies":[{"embeddable":true,"href":"https:\/\/vilex.hu\/en\/wp-json\/wp\/v2\/comments?post=10922"}],"wp:featuredmedia":[{"embeddable":true,"href":"https:\/\/vilex.hu\/en\/wp-json\/wp\/v2\/media\/10924"}],"wp:attachment":[{"href":"https:\/\/vilex.hu\/en\/wp-json\/wp\/v2\/media?parent=10922"}],"wp:term":[{"taxonomy":"product_brand","embeddable":true,"href":"https:\/\/vilex.hu\/en\/wp-json\/wp\/v2\/product_brand?post=10922"},{"taxonomy":"product_cat","embeddable":true,"href":"https:\/\/vilex.hu\/en\/wp-json\/wp\/v2\/product_cat?post=10922"},{"taxonomy":"product_tag","embeddable":true,"href":"https:\/\/vilex.hu\/en\/wp-json\/wp\/v2\/product_tag?post=10922"}],"curies":[{"name":"wp","href":"https:\/\/api.w.org\/{rel}","templated":true}]}}