{"id":10955,"date":"2022-10-06T06:33:14","date_gmt":"2022-10-06T06:33:14","guid":{"rendered":"https:\/\/vilex.hu\/?post_type=product&#038;p=10955"},"modified":"2022-10-06T06:36:23","modified_gmt":"2022-10-06T06:36:23","slug":"u-kengyel-m12-7006-a","status":"publish","type":"product","link":"https:\/\/vilex.hu\/en\/shop\/elektromoshalozat\/egyeb-termekek\/u-kengyel-m12-7006-a\/","title":{"rendered":"U kengyel M12 7006\/A"},"content":{"rendered":"","protected":false},"excerpt":{"rendered":"<p>K\u00f6rnyezetbar\u00e1t 22 kV-os szabadvezet\u00e9k h\u00e1l\u00f3zat<\/p>\n<p>(mad\u00e1rv\u00e9delmi kialak\u00edt\u00e1sok a V\u00c1T-H2 \u00e9s V\u00c1T-H20 sz. l\u00e9tes\u00edtett h\u00e1l\u00f3zatokon)<\/p>\n<p>U-kengyel 6 anyav\u00e1l<\/p>\n<p>Rajzsz\u00e1m : 7006\/A<\/p>\n<p>Fel\u00fcletkezel\u00e9s: T\u0171zi horganyz\u00e1s<\/p>","protected":false},"featured_media":10957,"comment_status":"closed","ping_status":"closed","template":"","meta":[],"product_brand":[],"product_cat":[38],"product_tag":[],"class_list":{"0":"post-10955","1":"product","2":"type-product","3":"status-publish","4":"has-post-thumbnail","6":"product_cat-egyeb-termekek","8":"first","9":"instock","10":"shipping-taxable","11":"product-type-simple"},"_links":{"self":[{"href":"https:\/\/vilex.hu\/en\/wp-json\/wp\/v2\/product\/10955","targetHints":{"allow":["GET"]}}],"collection":[{"href":"https:\/\/vilex.hu\/en\/wp-json\/wp\/v2\/product"}],"about":[{"href":"https:\/\/vilex.hu\/en\/wp-json\/wp\/v2\/types\/product"}],"replies":[{"embeddable":true,"href":"https:\/\/vilex.hu\/en\/wp-json\/wp\/v2\/comments?post=10955"}],"wp:featuredmedia":[{"embeddable":true,"href":"https:\/\/vilex.hu\/en\/wp-json\/wp\/v2\/media\/10957"}],"wp:attachment":[{"href":"https:\/\/vilex.hu\/en\/wp-json\/wp\/v2\/media?parent=10955"}],"wp:term":[{"taxonomy":"product_brand","embeddable":true,"href":"https:\/\/vilex.hu\/en\/wp-json\/wp\/v2\/product_brand?post=10955"},{"taxonomy":"product_cat","embeddable":true,"href":"https:\/\/vilex.hu\/en\/wp-json\/wp\/v2\/product_cat?post=10955"},{"taxonomy":"product_tag","embeddable":true,"href":"https:\/\/vilex.hu\/en\/wp-json\/wp\/v2\/product_tag?post=10955"}],"curies":[{"name":"wp","href":"https:\/\/api.w.org\/{rel}","templated":true}]}}