{"id":10969,"date":"2022-10-07T12:15:09","date_gmt":"2022-10-07T12:15:09","guid":{"rendered":"https:\/\/vilex.hu\/?post_type=product&#038;p=10969"},"modified":"2023-04-05T11:42:47","modified_gmt":"2023-04-05T11:42:47","slug":"vedocso-rogzito-bilincs-20-7-025","status":"publish","type":"product","link":"https:\/\/vilex.hu\/en\/shop\/elektromoshalozat\/egyeb-termekek\/vedocso-rogzito-bilincs-20-7-025\/","title":{"rendered":"V\u00e9d\u0151cs\u0151 r\u00f6gz\u00edt\u0151 bilincs 20-7-025"},"content":{"rendered":"","protected":false},"excerpt":{"rendered":"<p>V\u00e9d\u0151cs\u0151r\u00f6gz\u00edt\u0151 bilincs<\/p>\n<p>V\u00c1T-H 20-7-025<\/p>\n<p>Opus Tit\u00e1sz cikksz\u00e1m : 10000724<\/p>\n<p>B- jel\u0171 oszlopokra<\/p>\n<p>Term\u00e9k s\u00falya : 0,5kg<\/p>\n<p>Fel\u00fcletkezel\u00e9s: T\u0171zi horganyz\u00e1s<\/p>","protected":false},"featured_media":10971,"comment_status":"closed","ping_status":"closed","template":"","meta":[],"product_brand":[],"product_cat":[38],"product_tag":[],"class_list":{"0":"post-10969","1":"product","2":"type-product","3":"status-publish","4":"has-post-thumbnail","6":"product_cat-egyeb-termekek","8":"first","9":"instock","10":"shipping-taxable","11":"product-type-simple"},"_links":{"self":[{"href":"https:\/\/vilex.hu\/en\/wp-json\/wp\/v2\/product\/10969","targetHints":{"allow":["GET"]}}],"collection":[{"href":"https:\/\/vilex.hu\/en\/wp-json\/wp\/v2\/product"}],"about":[{"href":"https:\/\/vilex.hu\/en\/wp-json\/wp\/v2\/types\/product"}],"replies":[{"embeddable":true,"href":"https:\/\/vilex.hu\/en\/wp-json\/wp\/v2\/comments?post=10969"}],"wp:featuredmedia":[{"embeddable":true,"href":"https:\/\/vilex.hu\/en\/wp-json\/wp\/v2\/media\/10971"}],"wp:attachment":[{"href":"https:\/\/vilex.hu\/en\/wp-json\/wp\/v2\/media?parent=10969"}],"wp:term":[{"taxonomy":"product_brand","embeddable":true,"href":"https:\/\/vilex.hu\/en\/wp-json\/wp\/v2\/product_brand?post=10969"},{"taxonomy":"product_cat","embeddable":true,"href":"https:\/\/vilex.hu\/en\/wp-json\/wp\/v2\/product_cat?post=10969"},{"taxonomy":"product_tag","embeddable":true,"href":"https:\/\/vilex.hu\/en\/wp-json\/wp\/v2\/product_tag?post=10969"}],"curies":[{"name":"wp","href":"https:\/\/api.w.org\/{rel}","templated":true}]}}