{"id":10984,"date":"2022-10-07T12:42:57","date_gmt":"2022-10-07T12:42:57","guid":{"rendered":"https:\/\/vilex.hu\/?post_type=product&#038;p=10984"},"modified":"2023-04-06T07:16:32","modified_gmt":"2023-04-06T07:16:32","slug":"vedocsotarto-vasszerkezet-30-04-13-2","status":"publish","type":"product","link":"https:\/\/vilex.hu\/en\/shop\/elektromoshalozat\/egyeb-termekek\/vedocsotarto-vasszerkezet-30-04-13-2\/","title":{"rendered":"V\u00e9d\u0151cs\u0151tart\u00f3 vasszerkezet  30-04-13\/2"},"content":{"rendered":"","protected":false},"excerpt":{"rendered":"<p>20\/0,4 kV-os modul\u00e1ris oszloptranszform\u00e1tor-\u00e1llom\u00e1sok<\/p>\n<p>Eloszt\u00f3szekr\u00e9ny \u00e9s v\u00e9d\u0151cs\u0151tart\u00f3 feler\u0151s\u00edt\u00e9se<\/p>\n<p>V\u00c1T-H 30-04-13<\/p>\n<p>Opus Tit\u00e1sz cikksz\u00e1m : 10001871<\/p>\n<p>B12\/4 \u00e9s B12\/13 &#8211; jel\u0171 oszlopokra<\/p>\n<p>Term\u00e9k s\u00falya : 14,61kg<\/p>\n<p>Fel\u00fcletkezel\u00e9s: T\u0171zi horganyz\u00e1s<\/p>","protected":false},"featured_media":10986,"comment_status":"closed","ping_status":"closed","template":"","meta":[],"product_brand":[],"product_cat":[38],"product_tag":[],"class_list":{"0":"post-10984","1":"product","2":"type-product","3":"status-publish","4":"has-post-thumbnail","6":"product_cat-egyeb-termekek","8":"first","9":"instock","10":"shipping-taxable","11":"product-type-simple"},"_links":{"self":[{"href":"https:\/\/vilex.hu\/en\/wp-json\/wp\/v2\/product\/10984","targetHints":{"allow":["GET"]}}],"collection":[{"href":"https:\/\/vilex.hu\/en\/wp-json\/wp\/v2\/product"}],"about":[{"href":"https:\/\/vilex.hu\/en\/wp-json\/wp\/v2\/types\/product"}],"replies":[{"embeddable":true,"href":"https:\/\/vilex.hu\/en\/wp-json\/wp\/v2\/comments?post=10984"}],"wp:featuredmedia":[{"embeddable":true,"href":"https:\/\/vilex.hu\/en\/wp-json\/wp\/v2\/media\/10986"}],"wp:attachment":[{"href":"https:\/\/vilex.hu\/en\/wp-json\/wp\/v2\/media?parent=10984"}],"wp:term":[{"taxonomy":"product_brand","embeddable":true,"href":"https:\/\/vilex.hu\/en\/wp-json\/wp\/v2\/product_brand?post=10984"},{"taxonomy":"product_cat","embeddable":true,"href":"https:\/\/vilex.hu\/en\/wp-json\/wp\/v2\/product_cat?post=10984"},{"taxonomy":"product_tag","embeddable":true,"href":"https:\/\/vilex.hu\/en\/wp-json\/wp\/v2\/product_tag?post=10984"}],"curies":[{"name":"wp","href":"https:\/\/api.w.org\/{rel}","templated":true}]}}