{"id":10990,"date":"2022-10-07T13:08:30","date_gmt":"2022-10-07T13:08:30","guid":{"rendered":"https:\/\/vilex.hu\/?post_type=product&#038;p=10990"},"modified":"2022-10-07T13:11:40","modified_gmt":"2022-10-07T13:11:40","slug":"haromszogelrendezesu-madarvedelmi-kereszttarto-21-7-006","status":"publish","type":"product","link":"https:\/\/vilex.hu\/en\/shop\/elektromoshalozat\/kereszttartok\/haromszogelrendezesu-madarvedelmi-kereszttarto-21-7-006\/","title":{"rendered":"H\u00e1romsz\u00f6gelrendez\u00e9s\u0171 mad\u00e1rv\u00e9delmi kereszttart\u00f3 21-7-006"},"content":{"rendered":"","protected":false},"excerpt":{"rendered":"<p>Cs\u00facs \u00e9s kereszttart\u00f3 \u00e1ll\u00f3szigetel\u0151s, h\u00e1romsz\u00f6g\u0171 vezet\u0151elrendez\u00e9shez<\/p>\n<p>V\u00c1T-H21\u00a0 \u00a021-7-006<\/p>\n<p>Fel\u00fcletkezel\u00e9s: T\u0171zi horganyz\u00e1s<\/p>","protected":false},"featured_media":10992,"comment_status":"closed","ping_status":"closed","template":"","meta":[],"product_brand":[],"product_cat":[122],"product_tag":[],"class_list":{"0":"post-10990","1":"product","2":"type-product","3":"status-publish","4":"has-post-thumbnail","6":"product_cat-kereszttartok","8":"first","9":"instock","10":"shipping-taxable","11":"product-type-simple"},"_links":{"self":[{"href":"https:\/\/vilex.hu\/en\/wp-json\/wp\/v2\/product\/10990","targetHints":{"allow":["GET"]}}],"collection":[{"href":"https:\/\/vilex.hu\/en\/wp-json\/wp\/v2\/product"}],"about":[{"href":"https:\/\/vilex.hu\/en\/wp-json\/wp\/v2\/types\/product"}],"replies":[{"embeddable":true,"href":"https:\/\/vilex.hu\/en\/wp-json\/wp\/v2\/comments?post=10990"}],"wp:featuredmedia":[{"embeddable":true,"href":"https:\/\/vilex.hu\/en\/wp-json\/wp\/v2\/media\/10992"}],"wp:attachment":[{"href":"https:\/\/vilex.hu\/en\/wp-json\/wp\/v2\/media?parent=10990"}],"wp:term":[{"taxonomy":"product_brand","embeddable":true,"href":"https:\/\/vilex.hu\/en\/wp-json\/wp\/v2\/product_brand?post=10990"},{"taxonomy":"product_cat","embeddable":true,"href":"https:\/\/vilex.hu\/en\/wp-json\/wp\/v2\/product_cat?post=10990"},{"taxonomy":"product_tag","embeddable":true,"href":"https:\/\/vilex.hu\/en\/wp-json\/wp\/v2\/product_tag?post=10990"}],"curies":[{"name":"wp","href":"https:\/\/api.w.org\/{rel}","templated":true}]}}