{"id":11004,"date":"2022-10-19T07:25:20","date_gmt":"2022-10-19T07:25:20","guid":{"rendered":"https:\/\/vilex.hu\/?post_type=product&#038;p=11004"},"modified":"2023-04-05T12:08:56","modified_gmt":"2023-04-05T12:08:56","slug":"szekrenytarto-felerositoelem-30-7-211","status":"publish","type":"product","link":"https:\/\/vilex.hu\/en\/shop\/elektromoshalozat\/felerosito-elem\/szekrenytarto-felerositoelem-30-7-211\/","title":{"rendered":"Szekr\u00e9nytart\u00f3 feler\u0151s\u00edt\u0151elem 30-7-211"},"content":{"rendered":"","protected":false},"excerpt":{"rendered":"<p>20\/0,4 kV-os modul\u00e1ris oszloptranszform\u00e1tor-\u00e1llom\u00e1sok<\/p>\n<p>V\u00c1T-H 30-7-211<\/p>\n<p>Opus Tit\u00e1sz cikksz\u00e1m : 10002011<\/p>\n<p>Szekr\u00e9nytart\u00f3 szerkezet feler\u0151s\u00edt\u0151 eleme<\/p>\n<p>B12\/4 &#8211; jel\u0171 oszlopra<\/p>\n<p>Term\u00e9k s\u00falya : 2,41kg<\/p>\n<p>Fel\u00fcletkezel\u00e9s: T\u0171zi horganyz\u00e1s<\/p>\n<p>&nbsp;<\/p>","protected":false},"featured_media":11006,"comment_status":"closed","ping_status":"closed","template":"","meta":[],"product_brand":[],"product_cat":[123],"product_tag":[],"class_list":{"0":"post-11004","1":"product","2":"type-product","3":"status-publish","4":"has-post-thumbnail","6":"product_cat-felerosito-elem","8":"first","9":"instock","10":"shipping-taxable","11":"product-type-simple"},"_links":{"self":[{"href":"https:\/\/vilex.hu\/en\/wp-json\/wp\/v2\/product\/11004","targetHints":{"allow":["GET"]}}],"collection":[{"href":"https:\/\/vilex.hu\/en\/wp-json\/wp\/v2\/product"}],"about":[{"href":"https:\/\/vilex.hu\/en\/wp-json\/wp\/v2\/types\/product"}],"replies":[{"embeddable":true,"href":"https:\/\/vilex.hu\/en\/wp-json\/wp\/v2\/comments?post=11004"}],"wp:featuredmedia":[{"embeddable":true,"href":"https:\/\/vilex.hu\/en\/wp-json\/wp\/v2\/media\/11006"}],"wp:attachment":[{"href":"https:\/\/vilex.hu\/en\/wp-json\/wp\/v2\/media?parent=11004"}],"wp:term":[{"taxonomy":"product_brand","embeddable":true,"href":"https:\/\/vilex.hu\/en\/wp-json\/wp\/v2\/product_brand?post=11004"},{"taxonomy":"product_cat","embeddable":true,"href":"https:\/\/vilex.hu\/en\/wp-json\/wp\/v2\/product_cat?post=11004"},{"taxonomy":"product_tag","embeddable":true,"href":"https:\/\/vilex.hu\/en\/wp-json\/wp\/v2\/product_tag?post=11004"}],"curies":[{"name":"wp","href":"https:\/\/api.w.org\/{rel}","templated":true}]}}