{"id":11016,"date":"2022-10-19T12:29:48","date_gmt":"2022-10-19T12:29:48","guid":{"rendered":"https:\/\/vilex.hu\/?post_type=product&#038;p=11016"},"modified":"2024-11-04T08:42:27","modified_gmt":"2024-11-04T08:42:27","slug":"2-tagu-talpas-teleszkopikus-oszlop-tt","status":"publish","type":"product","link":"https:\/\/vilex.hu\/en\/shop\/elektromoshalozat\/oszlopok\/2-tagu-talpas-teleszkopikus-oszlop-tt\/","title":{"rendered":"2 &#8211; 3 tag\u00fa, talpas teleszk\u00f3pikus oszlop  (TT; TTN)"},"content":{"rendered":"","protected":false},"excerpt":{"rendered":"<p>2 illetve 3 tag\u00fa, talpas teleszk\u00f3pikus oszlop<\/p>\n<p>K\u00fclter\u00fcletek vil\u00e1g\u00edt\u00e1s\u00e1nak megold\u00e1s\u00e1ra 3-10fm magass\u00e1gig<\/p>\n<p>A telep\u00edt\u00e9shez sz\u00fcks\u00e9ges beton alap, az oszlopokhoz illeszked\u0151 alapvasalattal:<\/p>\n<ul>\n<li>6 fm magass\u00e1gig 1000mm hossz\u00fa alapvasalattal<\/li>\n<li>10 fm magass\u00e1gig 1120 mm hossz\u00fa alapvasalattal<\/li>\n<\/ul>\n<p>Fel\u00fcletkezel\u00e9s: T\u0171zi horganyz\u00e1s<\/p>","protected":false},"featured_media":11794,"comment_status":"closed","ping_status":"closed","template":"","meta":[],"product_brand":[],"product_cat":[125],"product_tag":[127,126],"class_list":{"0":"post-11016","1":"product","2":"type-product","3":"status-publish","4":"has-post-thumbnail","6":"product_cat-oszlopok","7":"product_tag-lampakarok","8":"product_tag-oszlopok","10":"first","11":"instock","12":"shipping-taxable","13":"product-type-simple"},"_links":{"self":[{"href":"https:\/\/vilex.hu\/en\/wp-json\/wp\/v2\/product\/11016","targetHints":{"allow":["GET"]}}],"collection":[{"href":"https:\/\/vilex.hu\/en\/wp-json\/wp\/v2\/product"}],"about":[{"href":"https:\/\/vilex.hu\/en\/wp-json\/wp\/v2\/types\/product"}],"replies":[{"embeddable":true,"href":"https:\/\/vilex.hu\/en\/wp-json\/wp\/v2\/comments?post=11016"}],"wp:featuredmedia":[{"embeddable":true,"href":"https:\/\/vilex.hu\/en\/wp-json\/wp\/v2\/media\/11794"}],"wp:attachment":[{"href":"https:\/\/vilex.hu\/en\/wp-json\/wp\/v2\/media?parent=11016"}],"wp:term":[{"taxonomy":"product_brand","embeddable":true,"href":"https:\/\/vilex.hu\/en\/wp-json\/wp\/v2\/product_brand?post=11016"},{"taxonomy":"product_cat","embeddable":true,"href":"https:\/\/vilex.hu\/en\/wp-json\/wp\/v2\/product_cat?post=11016"},{"taxonomy":"product_tag","embeddable":true,"href":"https:\/\/vilex.hu\/en\/wp-json\/wp\/v2\/product_tag?post=11016"}],"curies":[{"name":"wp","href":"https:\/\/api.w.org\/{rel}","templated":true}]}}