{"id":11028,"date":"2022-10-20T09:08:37","date_gmt":"2022-10-20T09:08:37","guid":{"rendered":"https:\/\/vilex.hu\/?post_type=product&#038;p=11028"},"modified":"2022-10-20T09:13:21","modified_gmt":"2022-10-20T09:13:21","slug":"beton-alaptest-es-alap-vasalat","status":"publish","type":"product","link":"https:\/\/vilex.hu\/en\/shop\/elektromoshalozat\/oszlopok\/beton-alaptest-es-alap-vasalat\/","title":{"rendered":"Beton alaptest \u00e9s alap vasalat"},"content":{"rendered":"","protected":false},"excerpt":{"rendered":"<p>Beton alaptest \u00e9s alap vasalat<\/p>\n<p>Talpas teleszk\u00f3pikus oszlopok alpoz\u00e1s\u00e1hoz<\/p>\n<p>A telep\u00edt\u00e9shez sz\u00fcks\u00e9ges beton alap, az oszlopokhoz illeszked\u0151 alapvasalattal:<\/p>\n<ul>\n<li>6 fm magass\u00e1gig 1000mm hossz\u00fa alapvasalattal<\/li>\n<li>10 fm magass\u00e1gig 1120 mm hossz\u00fa alapvasalattal<\/li>\n<\/ul>\n<p>A beton min\u0151s\u00e9ge C16\/20-24\/KKxcO.<\/p>","protected":false},"featured_media":11031,"comment_status":"closed","ping_status":"closed","template":"","meta":[],"product_brand":[],"product_cat":[125],"product_tag":[127,126],"class_list":{"0":"post-11028","1":"product","2":"type-product","3":"status-publish","4":"has-post-thumbnail","6":"product_cat-oszlopok","7":"product_tag-lampakarok","8":"product_tag-oszlopok","10":"first","11":"instock","12":"shipping-taxable","13":"product-type-simple"},"_links":{"self":[{"href":"https:\/\/vilex.hu\/en\/wp-json\/wp\/v2\/product\/11028","targetHints":{"allow":["GET"]}}],"collection":[{"href":"https:\/\/vilex.hu\/en\/wp-json\/wp\/v2\/product"}],"about":[{"href":"https:\/\/vilex.hu\/en\/wp-json\/wp\/v2\/types\/product"}],"replies":[{"embeddable":true,"href":"https:\/\/vilex.hu\/en\/wp-json\/wp\/v2\/comments?post=11028"}],"wp:featuredmedia":[{"embeddable":true,"href":"https:\/\/vilex.hu\/en\/wp-json\/wp\/v2\/media\/11031"}],"wp:attachment":[{"href":"https:\/\/vilex.hu\/en\/wp-json\/wp\/v2\/media?parent=11028"}],"wp:term":[{"taxonomy":"product_brand","embeddable":true,"href":"https:\/\/vilex.hu\/en\/wp-json\/wp\/v2\/product_brand?post=11028"},{"taxonomy":"product_cat","embeddable":true,"href":"https:\/\/vilex.hu\/en\/wp-json\/wp\/v2\/product_cat?post=11028"},{"taxonomy":"product_tag","embeddable":true,"href":"https:\/\/vilex.hu\/en\/wp-json\/wp\/v2\/product_tag?post=11028"}],"curies":[{"name":"wp","href":"https:\/\/api.w.org\/{rel}","templated":true}]}}