{"id":11032,"date":"2022-10-20T09:45:07","date_gmt":"2022-10-20T09:45:07","guid":{"rendered":"https:\/\/vilex.hu\/?post_type=product&#038;p=11032"},"modified":"2022-10-20T09:55:27","modified_gmt":"2022-10-20T09:55:27","slug":"2-3-tagu-csocsonkos-teleszkopikus-oszlop-tcs-tcsn","status":"publish","type":"product","link":"https:\/\/vilex.hu\/en\/shop\/elektromoshalozat\/oszlopok\/2-3-tagu-csocsonkos-teleszkopikus-oszlop-tcs-tcsn\/","title":{"rendered":"2 &#8211; 3 tag\u00fa, cs\u0151csonkos teleszk\u00f3pikus oszlop  (TCS; TCSN)"},"content":{"rendered":"","protected":false},"excerpt":{"rendered":"<p>2 illetve 3 tag\u00fa, cs\u0151csonkos teleszk\u00f3pikus oszlop<\/p>\n<p>K\u00fclter\u00fcletek vil\u00e1g\u00edt\u00e1s\u00e1nak megold\u00e1s\u00e1ra 3-10fm magass\u00e1gig<\/p>\n<p>A telep\u00edt\u00e9sn\u00e9l a cs\u0151csonkos kivitel\u0171 oszlopot k\u00f6zvetlen\u00fcl a betonba kell helyezni.<\/p>\n<p>Fel\u00fcletkezel\u00e9s: T\u0171zi horganyz\u00e1s<\/p>","protected":false},"featured_media":11035,"comment_status":"closed","ping_status":"closed","template":"","meta":[],"product_brand":[],"product_cat":[125],"product_tag":[127,126],"class_list":{"0":"post-11032","1":"product","2":"type-product","3":"status-publish","4":"has-post-thumbnail","6":"product_cat-oszlopok","7":"product_tag-lampakarok","8":"product_tag-oszlopok","10":"first","11":"instock","12":"shipping-taxable","13":"product-type-simple"},"_links":{"self":[{"href":"https:\/\/vilex.hu\/en\/wp-json\/wp\/v2\/product\/11032","targetHints":{"allow":["GET"]}}],"collection":[{"href":"https:\/\/vilex.hu\/en\/wp-json\/wp\/v2\/product"}],"about":[{"href":"https:\/\/vilex.hu\/en\/wp-json\/wp\/v2\/types\/product"}],"replies":[{"embeddable":true,"href":"https:\/\/vilex.hu\/en\/wp-json\/wp\/v2\/comments?post=11032"}],"wp:featuredmedia":[{"embeddable":true,"href":"https:\/\/vilex.hu\/en\/wp-json\/wp\/v2\/media\/11035"}],"wp:attachment":[{"href":"https:\/\/vilex.hu\/en\/wp-json\/wp\/v2\/media?parent=11032"}],"wp:term":[{"taxonomy":"product_brand","embeddable":true,"href":"https:\/\/vilex.hu\/en\/wp-json\/wp\/v2\/product_brand?post=11032"},{"taxonomy":"product_cat","embeddable":true,"href":"https:\/\/vilex.hu\/en\/wp-json\/wp\/v2\/product_cat?post=11032"},{"taxonomy":"product_tag","embeddable":true,"href":"https:\/\/vilex.hu\/en\/wp-json\/wp\/v2\/product_tag?post=11032"}],"curies":[{"name":"wp","href":"https:\/\/api.w.org\/{rel}","templated":true}]}}